{"id":5436,"date":"2021-01-08T11:38:22","date_gmt":"2021-01-08T10:38:22","guid":{"rendered":"https:\/\/www.emro-aziatica.com\/terms-and-conditions\/"},"modified":"2024-04-10T12:13:48","modified_gmt":"2024-04-10T10:13:48","slug":"allgemeine-geschaftsbedingungen","status":"publish","type":"page","link":"https:\/\/www.emro-aziatica.com\/de\/allgemeine-geschaftsbedingungen\/","title":{"rendered":"Allgemeine Gesch\u00e4ftsbedingungen"},"content":{"rendered":"\n<div class=\"aligncenter wp-block-ugb-container ugb-container ctm-breadcrumbs ugb-7bfeada ugb-container--v2 ugb-container--design-basic ugb-main-block\"><style>.ugb-7bfeada-wrapper.ugb-container__wrapper{border-radius:0px !important;background-color:rgba(255,255,255,0) !important}.ugb-7bfeada-wrapper.ugb-container__wrapper:before{background-color:var(--theme-palette-color-5,#ffffff) !important}.ugb-7bfeada-content-wrapper > h1,.ugb-7bfeada-content-wrapper > h2,.ugb-7bfeada-content-wrapper > h3,.ugb-7bfeada-content-wrapper > h4,.ugb-7bfeada-content-wrapper > h5,.ugb-7bfeada-content-wrapper > h6{color:#222222}.ugb-7bfeada-content-wrapper > p,.ugb-7bfeada-content-wrapper > ol li,.ugb-7bfeada-content-wrapper > ul li{color:#222222}.ugb-7bfeada .ugb-inner-block{text-align:left}.ugb-7bfeada.ugb-container{justify-content:flex-start}@media screen and (min-width:768px){.ugb-7bfeada.ugb-container{margin-bottom:0px !important;padding-right:0px !important;padding-left:0px !important}}@media screen and (max-width:768px){.ugb-7bfeada.ugb-container{margin-bottom:40px !important;padding-right:0px !important;padding-left:0px !important}}@media screen and (min-width:768px){.ugb-7bfeada > .ugb-inner-block > .ugb-block-content > *{padding-top:20px !important;padding-bottom:20px !important;padding-right:0px !important;padding-left:0px !important}}@media screen and (max-width:768px){.ugb-7bfeada > .ugb-inner-block > .ugb-block-content > *{padding-top:20px !important;padding-right:0px !important;padding-bottom:20px !important;padding-left:0px !important}}<\/style><div class=\"ugb-inner-block\"><div class=\"ugb-block-content\"><div class=\"ugb-container__wrapper ugb-7bfeada-wrapper ugb--shadow-0\"><div class=\"ugb-container__side\"><div class=\"ugb-container__content-wrapper ugb-7bfeada-content-wrapper\">\n<h1 class=\"wp-block-heading\">Allgemeine Gesch\u00e4ftsbedingungen<\/h1>\n\n\n\n<p>Auf dieser Seite finden Sie die allgemeinen Gesch\u00e4ftsbedingungen von www.emro-aziatica.com, wie von Emro Aziatica zur Verf\u00fcgung gestellt. In diesen allgemeinen Gesch\u00e4ftsbedingungen geben wir an, unter welcher Reservierung wir Ihnen die Informationen auf unserer Website anbieten.<\/p>\n\n\n\n<h2 class=\"wp-block-heading\">Geistiges Eigentum<\/h2>\n\n\n\n<p>Die Nutzung der Informationen auf dieser Website ist kostenlos, solange Sie diese Informationen nicht kopieren, verbreiten oder anderweitig verwenden oder missbrauchen. Sie d\u00fcrfen die Informationen auf dieser Website nur gem\u00e4\u00df den Bestimmungen des zwingenden Rechts wiederverwenden. Ohne ausdr\u00fcckliche schriftliche Genehmigung von Emro Aziatica ist es nicht gestattet, Text, Bildmaterial oder andere Materialien auf dieser Website wiederzuverwenden. Geistiges Eigentum ist Eigentum von Emro Aziatica.\n\nEmro Aziatica strebt eine m\u00f6glichst aktuelle Website an. Sollten trotz dieser Bem\u00fchungen die Informationen oder Inhalte auf www.emro-aziatica.com unvollst\u00e4ndig und \/ oder unrichtig sein, k\u00f6nnen wir daf\u00fcr keine Haftung \u00fcbernehmen. Die Informationen und \/ oder Produkte auf dieser Website werden ohne jede Form von Garantie und \/ oder Anspruch auf Richtigkeit angeboten. Wir behalten uns das Recht vor, diese Materialien ohne vorherige Ank\u00fcndigung zu \u00e4ndern, zu entfernen oder erneut zu installieren. Emro Sieraden \u00fcbernimmt keine Haftung f\u00fcr Informationen, die auf Websites enthalten sind, auf die wir mittels Hyperlinks verweisen.\n<\/p>\n\n\n\n<h2 class=\"wp-block-heading\">\u00c4nderungen<\/h2>\n\n\n\n<p>Sollten sich diese allgemeinen Gesch\u00e4ftsbedingungen \u00e4ndern, finden Sie auf dieser Seite die aktuellste Version des Haftungsausschlusses von www.emro-aziatica.com.<\/p>\n\n\n\n<h2 class=\"wp-block-heading\"><strong>Allgemeine Lieferbedingungen Emro Aziatica<\/strong><\/h2>\n\n\n\n<h3 class=\"wp-block-heading\">1. Anwendbarkeit<\/h3>\n\n\n\n<ol class=\"wp-block-list\">\n<li>Diese allgemeinen Gesch\u00e4ftsbedingungen gelten f\u00fcr jedes Angebot, und jede Vereinbarung, die sich auf Produkte jeglicher Art bezieht, die von Emro in Deventer geliefert werden, und sind ein integraler Bestandteil davon, es sei denn schriftlich anders vereinbart.<\/li>\n<\/ol>\n\n\n\n<ol class=\"wp-block-list\" start=\"2\">\n<li>In diesen Allgemeinen Gesch\u00e4ftsbedingungen bezeichnet \u201eKunde\u201c jede (juristische) Person, die Waren von oder \u00fcber Emro bestellt und \/ oder kauft.<\/li>\n<\/ol>\n\n\n\n<ol class=\"wp-block-list\" start=\"3\">\n<li>Eine Abweichung von diesen Gesch\u00e4ftsbedingungen ist nur m\u00f6glich, wenn die Parteien ausdr\u00fccklich schriftlich zugestimmt haben.<\/li>\n<\/ol>\n\n\n\n<ol class=\"wp-block-list\" start=\"4\">\n<li>Wenn ein oder mehrere Punkte aus dieser Bedingungen f\u00fcr null und nichtig erkl\u00e4rt werden, \u00e4ndert dies nichts an den anderen Punkten dieser Bedingungen.<\/li>\n<\/ol>\n\n\n\n<h3 class=\"wp-block-heading\">2. Errichtungs- und \u00c4nderungsvereinbarung<\/h3>\n\n\n\n<ol class=\"wp-block-list\">\n<li>Alle Angebote von Emro, in welcher Form auch immer, sind unverbindlich, es sei denn, im Angebot ist eine Annahmefrist enthalten. Nur durch schriftliche Auftragsbest\u00e4tigung von Emro oder durch tats\u00e4chliche Ausf\u00fchrung durch Emro wird eine Vereinbarung geschlossen.<\/li>\n<\/ol>\n\n\n\n<ol class=\"wp-block-list\" start=\"2\">\n<li>Alle Angaben in Angeboten oder Vereinbarungen und deren Anlagen, wie Abbildungen, Zeichnungen, Ma\u00dfe, Gewichte, Ertr\u00e4ge und Farben, sowie die Eigenschaften eventuell zur Verf\u00fcgung gestellter Pr\u00fcfk\u00f6rper sind nur Anhaltspunkte. Geringf\u00fcgige Abweichungen gehen daher nicht auf Kosten und Gefahr von Emro.<\/li>\n<\/ol>\n\n\n\n<ol class=\"wp-block-list\" start=\"3\">\n<li>Offensichtliche Irrt\u00fcmer oder Fehler in den Angeboten von Emro entbinden sie auch nach Vertragsschluss von der Erf\u00fcllungspflicht und \/ oder daraus entstehenden Schadenersatzverpflichtungen.<\/li>\n<\/ol>\n\n\n\n<h3 class=\"wp-block-heading\">3. Ausf\u00fchrung der Vereinbarung<\/h3>\n\n\n\n<ol class=\"wp-block-list\">\n<li>Die Lieferung erfolgt gem\u00e4\u00df Incoterm: Ex Works (ab Lager). Verweigert der Kunde die Lieferung zum vereinbarten Zeitpunkt oder vers\u00e4umt er die Bereitstellung von Informationen oder Anweisungen, die f\u00fcr die Lieferung notwendig sind, ist Emro berechtigt, die Produkte auf Kosten und Gefahr des Kunden zu lagern.<\/li>\n<\/ol>\n\n\n\n<ol class=\"wp-block-list\" start=\"2\">\n<li>Die Ware gilt als zugestellt, sobald Emro dem Kunden mitgeteilt hat, dass die Ware, ob sie noch ganz oder teilweise zusammengebaut werden soll, bei Emro oder bei einem Dritten zur Abholung durch den Kunden oder auf Wunsch des Kunden bereit ist. Ab dem Zeitpunkt der Lieferung gehen die gelieferten Waren auf Gefahr des Kunden \u00fcber.<\/li>\n<\/ol>\n\n\n\n<ol class=\"wp-block-list\" start=\"3\">\n<li>Die Angabe von Lieferbedingungen in Angeboten, Vereinbarungen oder anderweitig wird von Emro nach bestem Wissen vorgenommen und diese Bedingungen werden so weit wie m\u00f6glich beachtet, sind jedoch nicht bindend.<\/li>\n<\/ol>\n\n\n\n<h3 class=\"wp-block-heading\">4. Preise<\/h3>\n\n\n\n<ol class=\"wp-block-list\">\n<li>Alle Preise sind in Euro und exklusiv MwSt. F\u00fcr Nicht-EU-Kunden sind besondere Zusatzkosten im Zusammenhang mit der Einfuhr und\/oder Zollabfertigung der von Emro an den Kunden zu liefernden Waren nicht im Preis enthalten und k\u00f6nnen daher dem Kunden in Rechnung gestellt werden.<\/li>\n<\/ol>\n\n\n\n<ol class=\"wp-block-list\" start=\"2\">\n<li>Die in den Angeboten von Emro ausgewiesenen Betr\u00e4ge basieren auf den Preisen, L\u00f6hnen, Steuern und anderen Faktoren, die f\u00fcr das Preisniveau w\u00e4hrend des Angebots relevant sind. Sollten nach der Auftragsbest\u00e4tigung \u00c4nderungen in einem oder mehreren der vorgenannten Faktoren eintreten, ist Emro berechtigt, den vereinbarten Preis entsprechend anzupassen. Wenn gem\u00e4\u00df der vorliegenden Bestimmung eine Preiserh\u00f6hung erfolgt und die Erh\u00f6hung mehr als 10% des vereinbarten Gesamtbetrags betr\u00e4gt, hat der Kunde das Recht, den Vertrag innerhalb von acht Tagen nach Bekanntwerden der Preiserh\u00f6hung schriftlich zu k\u00fcndigen.<\/li>\n<\/ol>\n\n\n\n<h3 class=\"wp-block-heading\">5. Zahlung<\/h3>\n\n\n\n<ol class=\"wp-block-list\">\n<li>Die Zahlung muss immer bar bei der Bestellung erfolgen, sofern nicht anders vereinbart. Der Kunde ist nicht berechtigt, Emro gegen die von Emro erhobenen Betr\u00e4ge aufzurechnen.<\/li>\n<\/ol>\n\n\n\n<ol class=\"wp-block-list\" start=\"2\">\n<li>Emro ist immer berechtigt, die gelieferte Ware je Teillieferung zu liefern oder in Rechnung zu stellen.<\/li>\n<\/ol>\n\n\n\n<ol class=\"wp-block-list\" start=\"3\">\n<li>Die Zahlung erfolgt in bar oder per Einzahlung oder \u00dcberweisung auf ein von Emro benanntes Bank- oder Girokonto. Emro ist immer berechtigt, sowohl vor als auch nach Abschluss des Vertrags, wie etwa der Aussetzung der Ausf\u00fchrung des Vertrags durch Emro, Sicherheitsleistungen f\u00fcr die Zahlung oder Vorauszahlung zu verlangen, bis die Sicherheit geleistet und \/ oder die Vorauszahlung bei Emro eingegangen ist. Wenn die Vorauszahlung verweigert werden sollte, ist Emro berechtigt, den Vertrag aufzul\u00f6sen, und der Kunde haftet f\u00fcr den daraus resultierenden Schaden f\u00fcr Emro.<\/li>\n<\/ol>\n\n\n\n<ol class=\"wp-block-list\" start=\"4\">\n<li>Emro ist berechtigt, die Lieferung von Produkten, die sie f\u00fcr den Kunden im Zusammenhang mit der Ausf\u00fchrung der vereinbarten Arbeit h\u00e4lt, auszusetzen, bis alle an Emro f\u00e4lligen Zahlungen vollst\u00e4ndig bezahlt sind.<\/li>\n<\/ol>\n\n\n\n<ol class=\"wp-block-list\" start=\"5\">\n<li>Erfolgt die Zahlung nicht rechtzeitig, ger\u00e4t der Kunde in Verzug, ohne dass es einer Inverzugsetzung bedarf. Der Kunde schuldet Emro von diesem Zeitpunkt an gesetzliche Handelsinteressen im Sinne von Artikel 6: 119a des niederl\u00e4ndischen B\u00fcrgerlichen Gesetzbuches.<\/li>\n<\/ol>\n\n\n\n<ol class=\"wp-block-list\" start=\"6\">\n<li>F\u00fcr den Fall, dass nach Ablauf einer weiteren durch schriftliche Mahnung gesetzten Zahlungsfrist noch keine Zahlung erfolgt ist, schuldet der Kunde eine Vertragsstrafe in H\u00f6he von 10% des vom Kunden an Emro geschuldeten Hauptbetrags, unabh\u00e4ngig davon, ob Emro au\u00dfergerichtliche Inkassokosten entstanden sind und unbeschadet das Recht von Emro, Schadensersatz zu verlangen.<\/li>\n<\/ol>\n\n\n\n<ol class=\"wp-block-list\" start=\"7\">\n<li>Unbeschadet der anderen Rechte von Emro gem\u00e4\u00df diesem Artikel ist der Kunde gegen\u00fcber Emro verpflichtet, die Inkassokosten zu erstatten, die Emro entstanden sind und die \u00fcber das Senden einer einzigen Vorladung hinausgehen oder nur einen \u2013 nicht akzeptierten \u2013 Vergleichsvorschlag machen um einfache Informationen zu sammeln oder die Datei in der \u00fcblichen Weise zu kompilieren. Diese Kosten werden auf der Grundlage der zu diesem Zeitpunkt bei Gerichten in den Niederlanden geltenden Richtlinien festgesetzt.<\/li>\n<\/ol>\n\n\n\n<ol class=\"wp-block-list\" start=\"8\">\n<li>Die Anwendbarkeit von Artikel 6:92 des niederl\u00e4ndischen B\u00fcrgerlichen Gesetzbuchs ist in Bezug auf die in diesem Artikel enthaltene Strafklausel ausgeschlossen.<\/li>\n<\/ol>\n\n\n\n<h3 class=\"wp-block-heading\">6. Garantie<\/h3>\n\n\n\n<ol class=\"wp-block-list\">\n<li>Wenn Emro dem Kunden eine Garantie hinsichtlich der von ihm gelieferten oder zu liefernden Arbeiten oder Produkte gibt, wird er dies dem Kunden ausdr\u00fccklich schriftlich bekannt geben. In Ermangelung einer solchen ausdr\u00fccklichen schriftlichen Mitteilung kann der Kunde die Garantie nicht geltend machen, unbeschadet seiner gesetzlichen Rechte aus zwingenden Bestimmungen.<\/li>\n<\/ol>\n\n\n\n<ol class=\"wp-block-list\" start=\"2\">\n<li>Ist ein Einspruch gegen die Gew\u00e4hrleistung des Kunden begr\u00fcndet, wird Emro die zu liefernden Produkte nach Wahl von Emro reparieren oder vereinbarungsgem\u00e4\u00df liefern, es sei denn, dies w\u00e4re f\u00fcr den Kunden nachweislich sinnlos geworden. Wenn Emro den Kunden \u00fcber die Reparatur informiert, wird der Kunde die gelieferten Produkte auf eigene Kosten und Gefahr an Emro zur\u00fccksenden.<\/li>\n<\/ol>\n\n\n\n<ol class=\"wp-block-list\" start=\"3\">\n<li>Alle eventuellen Gew\u00e4hrleistungsverpflichtungen von Emro erl\u00f6schen, wenn M\u00e4ngel oder Unvollkommenheiten in Bezug auf diese Gegenst\u00e4nde die Folge falscher, nachl\u00e4ssiger oder inkompetenter Verwendung oder Verwaltung von gelieferten Waren durch den Kunden oder von ihm beauftragte Dritte sind oder wenn diese das Ergebnis einer externe Ursache sind, wie Feuer- oder Wassersch\u00e4den, oder wenn der Kunde oder ein Dritter \u00c4nderungen an den von Emro gelieferten Waren ohne Genehmigung von Emro vorgenommen hat.<\/li>\n<\/ol>\n\n\n\n<h3 class=\"wp-block-heading\">7. Reklamationen<\/h3>\n\n\n\n<ol class=\"wp-block-list\">\n<li>Reklamationen \u00fcber ein von Emro geliefertes Produkt m\u00fcssen Emro vom Kunden unverz\u00fcglich unter Angabe von Gr\u00fcnden schriftlich mitgeteilt werden. Ist 8 Tage nach Ablieferung der Ware nicht mehr gerechtfertigt, kann der Kunde dies nicht mehr begr\u00fcnden, es sei denn, der Mangel bei der Lieferung w\u00e4re bei sorgf\u00e4ltiger und rechtzeitiger Pr\u00fcfung nicht erkennbar gewesen. In diesem Fall hat der Kunde Emro innerhalb von 8 Tagen, nachdem der Mangel bekannt wurde oder dem Kunden bekannt sein k\u00f6nnte, Emro schriftlich und motiviert \u00fcber den Mangel zu informieren.<\/li>\n<\/ol>\n\n\n\n<ol class=\"wp-block-list\" start=\"2\">\n<li>Emro ist nicht verpflichtet, R\u00fccksendungen des Kunden ohne vorherige schriftliche Zustimmung anzunehmen. Im Gegenzug bedeutet der Erhalt von R\u00fccksendungen nicht, dass Emro den vom Kunden angegebenen R\u00fccksendungsgrund erkennt. Das Risiko hinsichtlich zur\u00fcckgesandter Produkte bleibt bis zur Gutschrift der Produkte durch Emro beim Kunden.<\/li>\n<\/ol>\n\n\n\n<ol class=\"wp-block-list\" start=\"3\">\n<li>Beruft sich der Kunde auf ein eventuell vereinbartes Garantiesystem, erweist sich die Reklamation jedoch als nicht berechtigt, so ist Emro berechtigt, dem Kunden die aus dieser Reklamation resultierenden Aktivit\u00e4ten und Kosten f\u00fcr Nachforschungen und Reparaturen nach seinem \u00fcblichen Ermessen zu berechnen Preise, mit einem Minimum von 100,00 \u20ac.<\/li>\n<\/ol>\n\n\n\n<h3 class=\"wp-block-heading\">8. Eigentumsvorbehalt<\/h3>\n\n\n\n<ol class=\"wp-block-list\">\n<li>Alle von Emro gelieferten und zu liefernden Produkte bleiben in jedem Fall Eigentum von Emro, solange der Kunde einen Anspruch von Emro hat, in jedem Fall den Kaufpreis, au\u00dfergerichtliche Kosten, Zinsen, Bu\u00dfgelder und sonstige Anspr\u00fcche im Sinne von Artikel 3:92 des niederl\u00e4ndischen B\u00fcrgerlichen Gesetzbuchs, Absatz 2, nicht hat eingehalten.<\/li>\n<\/ol>\n\n\n\n<ol class=\"wp-block-list\" start=\"2\">\n<li>Der Kunde ist verpflichtet, die unter Eigentumsvorbehalt gelieferten Produkte sorgf\u00e4ltig und als erkennbares Eigentum von Emro zu lagern.<\/li>\n<\/ol>\n\n\n\n<ol class=\"wp-block-list\" start=\"3\">\n<li>Der Kunde ist nicht berechtigt, die unter Eigentumsvorbehalt gelieferte Ware an Dritte zu verpf\u00e4nden, auf andere Weise zu belasten oder ganz oder teilweise zu \u00fcbertragen, sofern diese \u00dcbertragung im Rahmen der \u00fcblichen Gesch\u00e4ftsaktivit\u00e4ten des Kunden stattfindet.<\/li>\n<\/ol>\n\n\n\n<ol class=\"wp-block-list\" start=\"4\">\n<li>Kommt der Kunde seinen Zahlungsverpflichtungen gegen\u00fcber Emro nicht nach oder hat Emro Grund zu der Bef\u00fcrchtung, dass der Kunde diesen Verpflichtungen nicht nachkommen kann, ist Emro berechtigt, die unter Eigentumsvorbehalt gelieferten Waren zur\u00fcckzunehmen. Der Kunde wird kooperieren und Emro jederzeit freien Zugang zu seinen R\u00e4umlichkeiten und \/ oder Geb\u00e4uden gew\u00e4hren, um die Waren zu \u00fcberpr\u00fcfen und \/ oder die Rechte von Emro auszu\u00fcben. Nach der Abholung wird dem Kunden der Marktwert gutgeschrieben, der in keinem Fall h\u00f6her sein darf als der urspr\u00fcngliche Preis, den der Kunde mit Emro vereinbart hat, abz\u00fcglich der Kosten, die Emro durch die R\u00fccknahme entstanden sind.<\/li>\n<\/ol>\n\n\n\n<h3 class=\"wp-block-heading\">9. Aufl\u00f6sung und K\u00fcndigung<\/h3>\n\n\n\n<ol class=\"wp-block-list\">\n<li>Der Kunde kommt in Verzug, wenn er einer Verpflichtung aus dem Vertrag nicht oder nicht rechtzeitig nachkommt, sowie wenn der Kunde einer schriftlichen Abmahnung innerhalb einer gesetzten angemessenen Frist nicht vollst\u00e4ndig nachkommt.<\/li>\n<\/ol>\n\n\n\n<ol class=\"wp-block-list\" start=\"2\">\n<li>Im Falle des Verzugs des Kunden ist Emro ohne jegliche Verpflichtung zur Leistung von Schadensersatz berechtigt, unbeschadet der ihm zustehenden Rechte, den Vertrag ganz oder teilweise durch eine schriftliche Mitteilung an den Kunden und \/ oder den Kunden, die m\u00f6glicherweise von Emro verursacht wurde, aufzul\u00f6sen. sofort den gesamten Betrag geltend machen und \/ oder den Eigentumsvorbehalt geltend machen.<\/li>\n<\/ol>\n\n\n\n<ol class=\"wp-block-list\" start=\"3\">\n<li>Emro ist berechtigt, den Vertrag mit sofortiger Wirkung aufzul\u00f6sen, wenn der Kunde Zahlungseinstellung oder Konkurs beantragt oder beantragt wird oder sein gesamtes oder ein Teil seines Verm\u00f6gens beschlagnahmt wird. Alle Rechnungsbetr\u00e4ge werden dann sofort f\u00e4llig und zahlbar. Aufgrund dieser K\u00fcndigung wird Emro niemals eine Entsch\u00e4digung zahlen m\u00fcssen.<\/li>\n<\/ol>\n\n\n\n<h3 class=\"wp-block-heading\">10. H\u00f6here Gewalt<\/h3>\n\n\n\n<ol class=\"wp-block-list\">\n<li>Emro haftet nicht, wenn ein Mangel auf h\u00f6here Gewalt zur\u00fcckzuf\u00fchren ist. W\u00e4hrend der Zeit der h\u00f6heren Gewalt werden die Verpflichtungen von Emro ausgesetzt. Wenn die Frist, in der die Erf\u00fcllung der Verpflichtungen von Emro aufgrund h\u00f6herer Gewalt nicht m\u00f6glich ist, l\u00e4nger als drei Monate dauert, sind beide Parteien berechtigt, den Vertrag ohne gerichtliches Eingreifen aufzul\u00f6sen, ohne jegliche Verpflichtung zur Zahlung einer Entsch\u00e4digung.<\/li>\n<\/ol>\n\n\n\n<ol class=\"wp-block-list\" start=\"2\">\n<li>Unter dem Begriff \u201eh\u00f6here Gewalt\u201c im Sinne dieses Artikels sind in jedem Fall unvorhergesehene, auch wirtschaftliche, Umst\u00e4nde zu verstehen, die sich aus der Schuld ergeben oder von Emro verursacht wurden, wie unter anderem schwerwiegende Betriebsst\u00f6rungen, Produktionsabbau, Streiks und Ausschl\u00fcsse, sowohl bei Emro als auch bei Versorgungsunternehmen, Krieg, Feindseligkeiten, Belagerungszustand, Mobilisierung, entweder in den Niederlanden oder in einem anderen Land, in dem sich Emro oder Subunternehmer befinden, Transportverz\u00f6gerungen oder versp\u00e4tete oder fehlerhafte Zustellung von Waren oder Materialien oder Teile von Dritten einschlie\u00dflich Lieferanten von Emro.<\/li>\n<\/ol>\n\n\n\n<ol class=\"wp-block-list\" start=\"3\">\n<li>Wenn Emro bei Eintritt h\u00f6herer Gewalt seine Verpflichtungen bereits teilweise erf\u00fcllt hat oder ihren Verpflichtungen nur teilweise nachkommen kann, ist Emro berechtigt, das bereits gelieferte oder das zu liefernde Teil gesondert in Rechnung zu stellen, und der Kunde ist verpflichtet, diese Rechnung zu bezahlen, als w\u00e4re es eine separate Vereinbarung.<\/li>\n<\/ol>\n\n\n\n<h3 class=\"wp-block-heading\">11. Haftung<\/h3>\n\n\n\n<ol class=\"wp-block-list\">\n<li>Emro haftet nicht f\u00fcr Sch\u00e4den, wenn und soweit der Kunde sich gegen den betreffenden Schaden versichert versichert hat, oder vern\u00fcnftigerweise versichert haben k\u00f6nnte.<\/li>\n<\/ol>\n\n\n\n<ol class=\"wp-block-list\" start=\"2\">\n<li>Die Gesamthaftung von Emro ist in jedem Fall auf den Ersatz des unmittelbaren Schadens begrenzt, wobei der Gesamtbetrag, den Emro dem Kunden aufgrund etwaiger Umkehrungsverpflichtungen und Schadenersatz zu zahlen hat, niemals den Betrag des Betrages f\u00fcr diesen Vertrag festgelegter Preis (ohne Mehrwertsteuer) \u00fcbersteigen darf.<\/li>\n<\/ol>\n\n\n\n<ol class=\"wp-block-list\" start=\"3\">\n<li>Emro haftet nicht f\u00fcr Sch\u00e4den, wenn und soweit der Kunde sich gegen den betreffenden Schaden versichert versichert hat, oder vern\u00fcnftigerweise versichert haben k\u00f6nnte.<\/li>\n<\/ol>\n\n\n\n<h3 class=\"wp-block-heading\">12. Streitigkeiten und anwendbares Recht<\/h3>\n\n\n\n<ol class=\"wp-block-list\">\n<li>Bei Unklarheiten in Bezug auf die Auslegung einer oder mehrerer Bestimmungen dieser Allgemeinen Gesch\u00e4ftsbedingungen muss die Auslegung dieser Bestimmung(en) \u201eim Sinne dieser Allgemeinen Gesch\u00e4ftsbedingungen\u201c erfolgen.<\/li>\n<\/ol>\n\n\n\n<ol class=\"wp-block-list\" start=\"2\">\n<li>Das niederl\u00e4ndische Recht gilt f\u00fcr eine Vereinbarung mit Emro. Ausl\u00e4ndische Rechtsvorschriften und Vertr\u00e4ge einschlie\u00dflich des \u00dcbereinkommens der Vereinten Nationen \u00fcber Vertr\u00e4ge \u00fcber den internationalen Warenkauf vom 11. April 1980 (Wiener Kaufrecht) sind ausgeschlossen.<\/li>\n<\/ol>\n\n\n\n<ol class=\"wp-block-list\" start=\"3\">\n<li>Alle Streitigkeiten, die sich aus diesem Vertrag oder aus diesem Vertrag ergeben, werden in erster Instanz ausschlie\u00dflich durch das zust\u00e4ndige Gericht in dem Distrikt entschieden, in dem sich Emro zum Zeitpunkt des Abschlusses dieses Vertrags befindet.<\/li>\n<\/ol>\n<\/div><\/div><\/div><\/div><\/div><\/div>\n","protected":false},"excerpt":{"rendered":"<p>Allgemeine Gesch\u00e4ftsbedingungen Auf dieser Seite finden Sie die allgemeinen Gesch\u00e4ftsbedingungen von www.emro-aziatica.com, wie von Emro Aziatica zur Verf\u00fcgung gestellt. In diesen allgemeinen Gesch\u00e4ftsbedingungen geben wir an, unter welcher Reservierung wir Ihnen die Informationen auf unserer Website anbieten. Geistiges Eigentum Die Nutzung der Informationen auf dieser Website ist kostenlos, solange Sie diese Informationen nicht kopieren, verbreiten [&hellip;]<\/p>\n","protected":false},"author":2,"featured_media":0,"parent":0,"menu_order":0,"comment_status":"closed","ping_status":"closed","template":"","meta":{"_acf_changed":false,"footnotes":""},"class_list":["post-5436","page","type-page","status-publish","hentry"],"blocksy_meta":[],"acf":[],"featured_image_urls":{"full":"","thumbnail":"","medium":"","medium_large":"","large":"","1536x1536":"","2048x2048":"","woocommerce_archive_thumbnail":"","gform-image-choice-sm":"","gform-image-choice-md":"","gform-image-choice-lg":"","menu-24x24":"","menu-36x36":"","menu-48x48":"","woocommerce_thumbnail":"","woocommerce_single":"","woocommerce_gallery_thumbnail":""},"post_excerpt_stackable":"<p>Allgemeine Gesch\u00e4ftsbedingungen Auf dieser Seite finden Sie die allgemeinen Gesch\u00e4ftsbedingungen von www.emro-aziatica.com, wie von Emro Aziatica zur Verf\u00fcgung gestellt. In diesen allgemeinen Gesch\u00e4ftsbedingungen geben wir an, unter welcher Reservierung wir Ihnen die Informationen auf unserer Website anbieten. Geistiges Eigentum Die Nutzung der Informationen auf dieser Website ist kostenlos, solange Sie diese Informationen nicht kopieren, verbreiten oder anderweitig verwenden oder missbrauchen. Sie d\u00fcrfen die Informationen auf dieser Website nur gem\u00e4\u00df den Bestimmungen des zwingenden Rechts wiederverwenden. Ohne ausdr\u00fcckliche schriftliche Genehmigung von Emro Aziatica ist es nicht gestattet, Text, Bildmaterial oder andere Materialien auf dieser Website wiederzuverwenden. Geistiges Eigentum ist Eigentum von&hellip;<\/p>\n","category_list":"","author_info":{"name":"emro","url":"https:\/\/www.emro-aziatica.com\/de\/author\/emro\/"},"comments_num":"0 comments","featured_image_urls_v2":{"full":"","thumbnail":"","medium":"","medium_large":"","large":"","1536x1536":"","2048x2048":"","woocommerce_archive_thumbnail":"","gform-image-choice-sm":"","gform-image-choice-md":"","gform-image-choice-lg":"","menu-24x24":"","menu-36x36":"","menu-48x48":"","woocommerce_thumbnail":"","woocommerce_single":"","woocommerce_gallery_thumbnail":""},"post_excerpt_stackable_v2":"<p>Allgemeine Gesch\u00e4ftsbedingungen Auf dieser Seite finden Sie die allgemeinen Gesch\u00e4ftsbedingungen von www.emro-aziatica.com, wie von Emro Aziatica zur Verf\u00fcgung gestellt. In diesen allgemeinen Gesch\u00e4ftsbedingungen geben wir an, unter welcher Reservierung wir Ihnen die Informationen auf unserer Website anbieten. Geistiges Eigentum Die Nutzung der Informationen auf dieser Website ist kostenlos, solange Sie diese Informationen nicht kopieren, verbreiten oder anderweitig verwenden oder missbrauchen. Sie d\u00fcrfen die Informationen auf dieser Website nur gem\u00e4\u00df den Bestimmungen des zwingenden Rechts wiederverwenden. Ohne ausdr\u00fcckliche schriftliche Genehmigung von Emro Aziatica ist es nicht gestattet, Text, Bildmaterial oder andere Materialien auf dieser Website wiederzuverwenden. Geistiges Eigentum ist Eigentum von&hellip;<\/p>\n","category_list_v2":"","author_info_v2":{"name":"emro","url":"https:\/\/www.emro-aziatica.com\/de\/author\/emro\/"},"comments_num_v2":"0 comments","_links":{"self":[{"href":"https:\/\/www.emro-aziatica.com\/de\/wp-json\/wp\/v2\/pages\/5436","targetHints":{"allow":["GET"]}}],"collection":[{"href":"https:\/\/www.emro-aziatica.com\/de\/wp-json\/wp\/v2\/pages"}],"about":[{"href":"https:\/\/www.emro-aziatica.com\/de\/wp-json\/wp\/v2\/types\/page"}],"author":[{"embeddable":true,"href":"https:\/\/www.emro-aziatica.com\/de\/wp-json\/wp\/v2\/users\/2"}],"replies":[{"embeddable":true,"href":"https:\/\/www.emro-aziatica.com\/de\/wp-json\/wp\/v2\/comments?post=5436"}],"version-history":[{"count":70,"href":"https:\/\/www.emro-aziatica.com\/de\/wp-json\/wp\/v2\/pages\/5436\/revisions"}],"predecessor-version":[{"id":27747,"href":"https:\/\/www.emro-aziatica.com\/de\/wp-json\/wp\/v2\/pages\/5436\/revisions\/27747"}],"wp:attachment":[{"href":"https:\/\/www.emro-aziatica.com\/de\/wp-json\/wp\/v2\/media?parent=5436"}],"curies":[{"name":"wp","href":"https:\/\/api.w.org\/{rel}","templated":true}]}}