{"id":17505,"date":"2024-03-13T16:14:31","date_gmt":"2024-03-13T15:14:31","guid":{"rendered":"https:\/\/www.emro-aziatica.com\/product\/niet-gecategoriseerd\/raucherstabchen-hem\/"},"modified":"2026-05-05T18:02:17","modified_gmt":"2026-05-05T16:02:17","slug":"p17505","status":"publish","type":"product","link":"https:\/\/www.emro-aziatica.com\/de\/product\/dekoration-de\/raucherstabchen\/p17505\/","title":{"rendered":"R\u00e4ucherst\u00e4bchen Patchoulli"},"content":{"rendered":"<p>R\u00e4ucherst\u00e4bchen Patchoulli<\/p>\n","protected":false},"excerpt":{"rendered":"<p>HEM<\/p>\n","protected":false},"featured_media":23639,"template":"","meta":{"_acf_changed":false},"product_cat":[161,308],"product_tag":[],"class_list":{"0":"post-17505","1":"product","2":"type-product","3":"status-publish","4":"has-post-thumbnail","6":"product_cat-dekoration-de","7":"product_cat-raucherstabchen","9":"first","10":"instock","11":"taxable","12":"shipping-taxable","13":"purchasable","14":"product-type-simple"},"acf":{"barcode":"8901810000452","doos":"6","buitendoos":"300","formaat":"0","sets":"20 pcs","productgalerij":"8743.png","herkomst":""},"featured_image_urls":{"full":["https:\/\/www.emro-aziatica.com\/wp-content\/uploads\/2024\/03\/8743-1.jpg",96,200,false],"thumbnail":["https:\/\/www.emro-aziatica.com\/wp-content\/uploads\/2024\/03\/8743-1-96x150.jpg",96,150,true],"medium":["https:\/\/www.emro-aziatica.com\/wp-content\/uploads\/2024\/03\/8743-1.jpg",96,200,false],"medium_large":["https:\/\/www.emro-aziatica.com\/wp-content\/uploads\/2024\/03\/8743-1.jpg",96,200,false],"large":["https:\/\/www.emro-aziatica.com\/wp-content\/uploads\/2024\/03\/8743-1.jpg",96,200,false],"1536x1536":["https:\/\/www.emro-aziatica.com\/wp-content\/uploads\/2024\/03\/8743-1.jpg",96,200,false],"2048x2048":["https:\/\/www.emro-aziatica.com\/wp-content\/uploads\/2024\/03\/8743-1.jpg",96,200,false],"woocommerce_archive_thumbnail":["https:\/\/www.emro-aziatica.com\/wp-content\/uploads\/2024\/03\/8743-1.jpg",96,200,false],"gform-image-choice-sm":["https:\/\/www.emro-aziatica.com\/wp-content\/uploads\/2024\/03\/8743-1.jpg",96,200,false],"gform-image-choice-md":["https:\/\/www.emro-aziatica.com\/wp-content\/uploads\/2024\/03\/8743-1.jpg",96,200,false],"gform-image-choice-lg":["https:\/\/www.emro-aziatica.com\/wp-content\/uploads\/2024\/03\/8743-1.jpg",96,200,false],"menu-24x24":["https:\/\/www.emro-aziatica.com\/wp-content\/uploads\/2024\/03\/8743-1-12x24.jpg",12,24,true],"menu-36x36":["https:\/\/www.emro-aziatica.com\/wp-content\/uploads\/2024\/03\/8743-1-17x36.jpg",17,36,true],"menu-48x48":["https:\/\/www.emro-aziatica.com\/wp-content\/uploads\/2024\/03\/8743-1-23x48.jpg",23,48,true],"woocommerce_thumbnail":["https:\/\/www.emro-aziatica.com\/wp-content\/uploads\/2024\/03\/8743-1.jpg",96,200,false],"woocommerce_single":["https:\/\/www.emro-aziatica.com\/wp-content\/uploads\/2024\/03\/8743-1.jpg",96,200,false],"woocommerce_gallery_thumbnail":["https:\/\/www.emro-aziatica.com\/wp-content\/uploads\/2024\/03\/8743-1-96x100.jpg",96,100,true]},"post_excerpt_stackable":"<p>HEM<\/p>\n","category_list":"","author_info":{"name":"","url":""},"comments_num":"0 comments","featured_image_urls_v2":{"full":["https:\/\/www.emro-aziatica.com\/wp-content\/uploads\/2024\/03\/8743-1.jpg",96,200,false],"thumbnail":["https:\/\/www.emro-aziatica.com\/wp-content\/uploads\/2024\/03\/8743-1-96x150.jpg",96,150,true],"medium":["https:\/\/www.emro-aziatica.com\/wp-content\/uploads\/2024\/03\/8743-1.jpg",96,200,false],"medium_large":["https:\/\/www.emro-aziatica.com\/wp-content\/uploads\/2024\/03\/8743-1.jpg",96,200,false],"large":["https:\/\/www.emro-aziatica.com\/wp-content\/uploads\/2024\/03\/8743-1.jpg",96,200,false],"1536x1536":["https:\/\/www.emro-aziatica.com\/wp-content\/uploads\/2024\/03\/8743-1.jpg",96,200,false],"2048x2048":["https:\/\/www.emro-aziatica.com\/wp-content\/uploads\/2024\/03\/8743-1.jpg",96,200,false],"woocommerce_archive_thumbnail":["https:\/\/www.emro-aziatica.com\/wp-content\/uploads\/2024\/03\/8743-1.jpg",96,200,false],"gform-image-choice-sm":["https:\/\/www.emro-aziatica.com\/wp-content\/uploads\/2024\/03\/8743-1.jpg",96,200,false],"gform-image-choice-md":["https:\/\/www.emro-aziatica.com\/wp-content\/uploads\/2024\/03\/8743-1.jpg",96,200,false],"gform-image-choice-lg":["https:\/\/www.emro-aziatica.com\/wp-content\/uploads\/2024\/03\/8743-1.jpg",96,200,false],"menu-24x24":["https:\/\/www.emro-aziatica.com\/wp-content\/uploads\/2024\/03\/8743-1-12x24.jpg",12,24,true],"menu-36x36":["https:\/\/www.emro-aziatica.com\/wp-content\/uploads\/2024\/03\/8743-1-17x36.jpg",17,36,true],"menu-48x48":["https:\/\/www.emro-aziatica.com\/wp-content\/uploads\/2024\/03\/8743-1-23x48.jpg",23,48,true],"woocommerce_thumbnail":["https:\/\/www.emro-aziatica.com\/wp-content\/uploads\/2024\/03\/8743-1.jpg",96,200,false],"woocommerce_single":["https:\/\/www.emro-aziatica.com\/wp-content\/uploads\/2024\/03\/8743-1.jpg",96,200,false],"woocommerce_gallery_thumbnail":["https:\/\/www.emro-aziatica.com\/wp-content\/uploads\/2024\/03\/8743-1-96x100.jpg",96,100,true]},"post_excerpt_stackable_v2":"<p>HEM<\/p>\n","category_list_v2":"","author_info_v2":{"name":"","url":""},"comments_num_v2":"0 comments","_links":{"self":[{"href":"https:\/\/www.emro-aziatica.com\/de\/wp-json\/wp\/v2\/product\/17505","targetHints":{"allow":["GET"]}}],"collection":[{"href":"https:\/\/www.emro-aziatica.com\/de\/wp-json\/wp\/v2\/product"}],"about":[{"href":"https:\/\/www.emro-aziatica.com\/de\/wp-json\/wp\/v2\/types\/product"}],"wp:featuredmedia":[{"embeddable":true,"href":"https:\/\/www.emro-aziatica.com\/de\/wp-json\/wp\/v2\/media\/23639"}],"wp:attachment":[{"href":"https:\/\/www.emro-aziatica.com\/de\/wp-json\/wp\/v2\/media?parent=17505"}],"wp:term":[{"taxonomy":"product_cat","embeddable":true,"href":"https:\/\/www.emro-aziatica.com\/de\/wp-json\/wp\/v2\/product_cat?post=17505"},{"taxonomy":"product_tag","embeddable":true,"href":"https:\/\/www.emro-aziatica.com\/de\/wp-json\/wp\/v2\/product_tag?post=17505"}],"curies":[{"name":"wp","href":"https:\/\/api.w.org\/{rel}","templated":true}]}}