{"id":17696,"date":"2024-03-13T16:21:56","date_gmt":"2024-03-13T15:21:56","guid":{"rendered":"https:\/\/www.emro-aziatica.com\/product\/niet-gecategoriseerd\/sosenschalchen\/"},"modified":"2026-04-21T15:48:04","modified_gmt":"2026-04-21T13:48:04","slug":"p17696","status":"publish","type":"product","link":"https:\/\/www.emro-aziatica.com\/de\/product\/japanisches-porzellan\/sakana-de\/p17696\/","title":{"rendered":"So\u00dfensch\u00e4lchen"},"content":{"rendered":"<p>So\u00dfensch\u00e4lchen<\/p>\n","protected":false},"excerpt":{"rendered":"<p>Sakana<\/p>\n","protected":false},"featured_media":53411,"template":"","meta":{"_acf_changed":false},"product_cat":[166,447],"product_tag":[],"class_list":{"0":"post-17696","1":"product","2":"type-product","3":"status-publish","4":"has-post-thumbnail","6":"product_cat-japanisches-porzellan","7":"product_cat-sakana-de","9":"first","10":"instock","11":"taxable","12":"shipping-taxable","13":"purchasable","14":"product-type-simple"},"acf":{"barcode":"8715226401655","doos":"10","buitendoos":"120","formaat":"\u00d89,5 cm | H3 cm","sets":"0","productgalerij":"40165.png, 40165_1.png","herkomst":""},"featured_image_urls":{"full":["https:\/\/www.emro-aziatica.com\/wp-content\/uploads\/2024\/11\/40165-1.jpg",220,140,false],"thumbnail":["https:\/\/www.emro-aziatica.com\/wp-content\/uploads\/2024\/11\/40165-1-150x140.jpg",150,140,true],"medium":["https:\/\/www.emro-aziatica.com\/wp-content\/uploads\/2024\/11\/40165-1.jpg",220,140,false],"medium_large":["https:\/\/www.emro-aziatica.com\/wp-content\/uploads\/2024\/11\/40165-1.jpg",220,140,false],"large":["https:\/\/www.emro-aziatica.com\/wp-content\/uploads\/2024\/11\/40165-1.jpg",220,140,false],"1536x1536":["https:\/\/www.emro-aziatica.com\/wp-content\/uploads\/2024\/11\/40165-1.jpg",220,140,false],"2048x2048":["https:\/\/www.emro-aziatica.com\/wp-content\/uploads\/2024\/11\/40165-1.jpg",220,140,false],"woocommerce_archive_thumbnail":["https:\/\/www.emro-aziatica.com\/wp-content\/uploads\/2024\/11\/40165-1.jpg",220,140,false],"gform-image-choice-sm":["https:\/\/www.emro-aziatica.com\/wp-content\/uploads\/2024\/11\/40165-1.jpg",220,140,false],"gform-image-choice-md":["https:\/\/www.emro-aziatica.com\/wp-content\/uploads\/2024\/11\/40165-1.jpg",220,140,false],"gform-image-choice-lg":["https:\/\/www.emro-aziatica.com\/wp-content\/uploads\/2024\/11\/40165-1.jpg",220,140,false],"menu-24x24":["https:\/\/www.emro-aziatica.com\/wp-content\/uploads\/2024\/11\/40165-1-24x15.jpg",24,15,true],"menu-36x36":["https:\/\/www.emro-aziatica.com\/wp-content\/uploads\/2024\/11\/40165-1-36x23.jpg",36,23,true],"menu-48x48":["https:\/\/www.emro-aziatica.com\/wp-content\/uploads\/2024\/11\/40165-1-48x31.jpg",48,31,true],"woocommerce_thumbnail":["https:\/\/www.emro-aziatica.com\/wp-content\/uploads\/2024\/11\/40165-1.jpg",220,140,false],"woocommerce_single":["https:\/\/www.emro-aziatica.com\/wp-content\/uploads\/2024\/11\/40165-1.jpg",220,140,false],"woocommerce_gallery_thumbnail":["https:\/\/www.emro-aziatica.com\/wp-content\/uploads\/2024\/11\/40165-1-100x100.jpg",100,100,true]},"post_excerpt_stackable":"<p>Sakana<\/p>\n","category_list":"","author_info":{"name":"","url":""},"comments_num":"0 comments","featured_image_urls_v2":{"full":["https:\/\/www.emro-aziatica.com\/wp-content\/uploads\/2024\/11\/40165-1.jpg",220,140,false],"thumbnail":["https:\/\/www.emro-aziatica.com\/wp-content\/uploads\/2024\/11\/40165-1-150x140.jpg",150,140,true],"medium":["https:\/\/www.emro-aziatica.com\/wp-content\/uploads\/2024\/11\/40165-1.jpg",220,140,false],"medium_large":["https:\/\/www.emro-aziatica.com\/wp-content\/uploads\/2024\/11\/40165-1.jpg",220,140,false],"large":["https:\/\/www.emro-aziatica.com\/wp-content\/uploads\/2024\/11\/40165-1.jpg",220,140,false],"1536x1536":["https:\/\/www.emro-aziatica.com\/wp-content\/uploads\/2024\/11\/40165-1.jpg",220,140,false],"2048x2048":["https:\/\/www.emro-aziatica.com\/wp-content\/uploads\/2024\/11\/40165-1.jpg",220,140,false],"woocommerce_archive_thumbnail":["https:\/\/www.emro-aziatica.com\/wp-content\/uploads\/2024\/11\/40165-1.jpg",220,140,false],"gform-image-choice-sm":["https:\/\/www.emro-aziatica.com\/wp-content\/uploads\/2024\/11\/40165-1.jpg",220,140,false],"gform-image-choice-md":["https:\/\/www.emro-aziatica.com\/wp-content\/uploads\/2024\/11\/40165-1.jpg",220,140,false],"gform-image-choice-lg":["https:\/\/www.emro-aziatica.com\/wp-content\/uploads\/2024\/11\/40165-1.jpg",220,140,false],"menu-24x24":["https:\/\/www.emro-aziatica.com\/wp-content\/uploads\/2024\/11\/40165-1-24x15.jpg",24,15,true],"menu-36x36":["https:\/\/www.emro-aziatica.com\/wp-content\/uploads\/2024\/11\/40165-1-36x23.jpg",36,23,true],"menu-48x48":["https:\/\/www.emro-aziatica.com\/wp-content\/uploads\/2024\/11\/40165-1-48x31.jpg",48,31,true],"woocommerce_thumbnail":["https:\/\/www.emro-aziatica.com\/wp-content\/uploads\/2024\/11\/40165-1.jpg",220,140,false],"woocommerce_single":["https:\/\/www.emro-aziatica.com\/wp-content\/uploads\/2024\/11\/40165-1.jpg",220,140,false],"woocommerce_gallery_thumbnail":["https:\/\/www.emro-aziatica.com\/wp-content\/uploads\/2024\/11\/40165-1-100x100.jpg",100,100,true]},"post_excerpt_stackable_v2":"<p>Sakana<\/p>\n","category_list_v2":"","author_info_v2":{"name":"","url":""},"comments_num_v2":"0 comments","_links":{"self":[{"href":"https:\/\/www.emro-aziatica.com\/de\/wp-json\/wp\/v2\/product\/17696","targetHints":{"allow":["GET"]}}],"collection":[{"href":"https:\/\/www.emro-aziatica.com\/de\/wp-json\/wp\/v2\/product"}],"about":[{"href":"https:\/\/www.emro-aziatica.com\/de\/wp-json\/wp\/v2\/types\/product"}],"wp:featuredmedia":[{"embeddable":true,"href":"https:\/\/www.emro-aziatica.com\/de\/wp-json\/wp\/v2\/media\/53411"}],"wp:attachment":[{"href":"https:\/\/www.emro-aziatica.com\/de\/wp-json\/wp\/v2\/media?parent=17696"}],"wp:term":[{"taxonomy":"product_cat","embeddable":true,"href":"https:\/\/www.emro-aziatica.com\/de\/wp-json\/wp\/v2\/product_cat?post=17696"},{"taxonomy":"product_tag","embeddable":true,"href":"https:\/\/www.emro-aziatica.com\/de\/wp-json\/wp\/v2\/product_tag?post=17696"}],"curies":[{"name":"wp","href":"https:\/\/api.w.org\/{rel}","templated":true}]}}