{"id":18007,"date":"2024-03-13T16:29:55","date_gmt":"2024-03-13T15:29:55","guid":{"rendered":"https:\/\/www.emro-aziatica.com\/product\/niet-gecategoriseerd\/p0\/"},"modified":"2026-02-24T14:42:18","modified_gmt":"2026-02-24T13:42:18","slug":"p18007","status":"publish","type":"product","link":"https:\/\/www.emro-aziatica.com\/de\/product\/kuchengeschirr\/woks-de\/p18007\/","title":{"rendered":"Wokpfanne"},"content":{"rendered":"<p>Wokpfanne<\/p>\n","protected":false},"excerpt":{"rendered":"<p>F\u00fcr alle W\u00e4rmequellen geeignet, einschlie\u00dflich Induktion<\/p>\n","protected":false},"featured_media":81658,"template":"","meta":{"_acf_changed":false},"product_cat":[170,342],"product_tag":[],"class_list":{"0":"post-18007","1":"product","2":"type-product","3":"status-publish","4":"has-post-thumbnail","6":"product_cat-kuchengeschirr","7":"product_cat-woks-de","9":"first","10":"instock","11":"taxable","12":"shipping-taxable","13":"purchasable","14":"product-type-simple"},"acf":{"barcode":"8001569091609","doos":"1","buitendoos":"6","formaat":"\u00d832 cm","sets":"0","productgalerij":"88052.png,88052_1.png,88052_2.png,88052_3.png","herkomst":""},"featured_image_urls":{"full":["https:\/\/www.emro-aziatica.com\/wp-content\/uploads\/2026\/01\/88052.jpg",200,150,false],"thumbnail":["https:\/\/www.emro-aziatica.com\/wp-content\/uploads\/2026\/01\/88052-150x150.jpg",150,150,true],"medium":["https:\/\/www.emro-aziatica.com\/wp-content\/uploads\/2026\/01\/88052.jpg",200,150,false],"medium_large":["https:\/\/www.emro-aziatica.com\/wp-content\/uploads\/2026\/01\/88052.jpg",200,150,false],"large":["https:\/\/www.emro-aziatica.com\/wp-content\/uploads\/2026\/01\/88052.jpg",200,150,false],"1536x1536":["https:\/\/www.emro-aziatica.com\/wp-content\/uploads\/2026\/01\/88052.jpg",200,150,false],"2048x2048":["https:\/\/www.emro-aziatica.com\/wp-content\/uploads\/2026\/01\/88052.jpg",200,150,false],"woocommerce_archive_thumbnail":["https:\/\/www.emro-aziatica.com\/wp-content\/uploads\/2026\/01\/88052.jpg",200,150,false],"gform-image-choice-sm":["https:\/\/www.emro-aziatica.com\/wp-content\/uploads\/2026\/01\/88052.jpg",200,150,false],"gform-image-choice-md":["https:\/\/www.emro-aziatica.com\/wp-content\/uploads\/2026\/01\/88052.jpg",200,150,false],"gform-image-choice-lg":["https:\/\/www.emro-aziatica.com\/wp-content\/uploads\/2026\/01\/88052.jpg",200,150,false],"menu-24x24":["https:\/\/www.emro-aziatica.com\/wp-content\/uploads\/2026\/01\/88052-24x18.jpg",24,18,true],"menu-36x36":["https:\/\/www.emro-aziatica.com\/wp-content\/uploads\/2026\/01\/88052-36x27.jpg",36,27,true],"menu-48x48":["https:\/\/www.emro-aziatica.com\/wp-content\/uploads\/2026\/01\/88052-48x36.jpg",48,36,true],"woocommerce_thumbnail":["https:\/\/www.emro-aziatica.com\/wp-content\/uploads\/2026\/01\/88052.jpg",200,150,false],"woocommerce_single":["https:\/\/www.emro-aziatica.com\/wp-content\/uploads\/2026\/01\/88052.jpg",200,150,false],"woocommerce_gallery_thumbnail":["https:\/\/www.emro-aziatica.com\/wp-content\/uploads\/2026\/01\/88052-100x100.jpg",100,100,true]},"post_excerpt_stackable":"<p>F\u00fcr alle W\u00e4rmequellen geeignet, einschlie\u00dflich Induktion<\/p>\n","category_list":"","author_info":{"name":"","url":""},"comments_num":"0 comments","featured_image_urls_v2":{"full":["https:\/\/www.emro-aziatica.com\/wp-content\/uploads\/2026\/01\/88052.jpg",200,150,false],"thumbnail":["https:\/\/www.emro-aziatica.com\/wp-content\/uploads\/2026\/01\/88052-150x150.jpg",150,150,true],"medium":["https:\/\/www.emro-aziatica.com\/wp-content\/uploads\/2026\/01\/88052.jpg",200,150,false],"medium_large":["https:\/\/www.emro-aziatica.com\/wp-content\/uploads\/2026\/01\/88052.jpg",200,150,false],"large":["https:\/\/www.emro-aziatica.com\/wp-content\/uploads\/2026\/01\/88052.jpg",200,150,false],"1536x1536":["https:\/\/www.emro-aziatica.com\/wp-content\/uploads\/2026\/01\/88052.jpg",200,150,false],"2048x2048":["https:\/\/www.emro-aziatica.com\/wp-content\/uploads\/2026\/01\/88052.jpg",200,150,false],"woocommerce_archive_thumbnail":["https:\/\/www.emro-aziatica.com\/wp-content\/uploads\/2026\/01\/88052.jpg",200,150,false],"gform-image-choice-sm":["https:\/\/www.emro-aziatica.com\/wp-content\/uploads\/2026\/01\/88052.jpg",200,150,false],"gform-image-choice-md":["https:\/\/www.emro-aziatica.com\/wp-content\/uploads\/2026\/01\/88052.jpg",200,150,false],"gform-image-choice-lg":["https:\/\/www.emro-aziatica.com\/wp-content\/uploads\/2026\/01\/88052.jpg",200,150,false],"menu-24x24":["https:\/\/www.emro-aziatica.com\/wp-content\/uploads\/2026\/01\/88052-24x18.jpg",24,18,true],"menu-36x36":["https:\/\/www.emro-aziatica.com\/wp-content\/uploads\/2026\/01\/88052-36x27.jpg",36,27,true],"menu-48x48":["https:\/\/www.emro-aziatica.com\/wp-content\/uploads\/2026\/01\/88052-48x36.jpg",48,36,true],"woocommerce_thumbnail":["https:\/\/www.emro-aziatica.com\/wp-content\/uploads\/2026\/01\/88052.jpg",200,150,false],"woocommerce_single":["https:\/\/www.emro-aziatica.com\/wp-content\/uploads\/2026\/01\/88052.jpg",200,150,false],"woocommerce_gallery_thumbnail":["https:\/\/www.emro-aziatica.com\/wp-content\/uploads\/2026\/01\/88052-100x100.jpg",100,100,true]},"post_excerpt_stackable_v2":"<p>F\u00fcr alle W\u00e4rmequellen geeignet, einschlie\u00dflich Induktion<\/p>\n","category_list_v2":"","author_info_v2":{"name":"","url":""},"comments_num_v2":"0 comments","_links":{"self":[{"href":"https:\/\/www.emro-aziatica.com\/de\/wp-json\/wp\/v2\/product\/18007","targetHints":{"allow":["GET"]}}],"collection":[{"href":"https:\/\/www.emro-aziatica.com\/de\/wp-json\/wp\/v2\/product"}],"about":[{"href":"https:\/\/www.emro-aziatica.com\/de\/wp-json\/wp\/v2\/types\/product"}],"wp:featuredmedia":[{"embeddable":true,"href":"https:\/\/www.emro-aziatica.com\/de\/wp-json\/wp\/v2\/media\/81658"}],"wp:attachment":[{"href":"https:\/\/www.emro-aziatica.com\/de\/wp-json\/wp\/v2\/media?parent=18007"}],"wp:term":[{"taxonomy":"product_cat","embeddable":true,"href":"https:\/\/www.emro-aziatica.com\/de\/wp-json\/wp\/v2\/product_cat?post=18007"},{"taxonomy":"product_tag","embeddable":true,"href":"https:\/\/www.emro-aziatica.com\/de\/wp-json\/wp\/v2\/product_tag?post=18007"}],"curies":[{"name":"wp","href":"https:\/\/api.w.org\/{rel}","templated":true}]}}