{"id":23590,"date":"2024-03-15T09:39:57","date_gmt":"2024-03-15T08:39:57","guid":{"rendered":"https:\/\/www.emro-aziatica.com\/product\/niet-gecategoriseerd\/p0\/"},"modified":"2026-04-24T18:30:54","modified_gmt":"2026-04-24T16:30:54","slug":"p23590","status":"publish","type":"product","link":"https:\/\/www.emro-aziatica.com\/de\/product\/dekoration-de\/raucherstabchen\/p23590\/","title":{"rendered":"R\u00e4ucherst\u00e4bchen Love"},"content":{"rendered":"<p>R\u00e4ucherst\u00e4bchen Love<\/p>\n","protected":false},"excerpt":{"rendered":"<p>HEM<\/p>\n","protected":false},"featured_media":49015,"template":"","meta":{"_acf_changed":false},"product_cat":[161,308],"product_tag":[],"class_list":{"0":"post-23590","1":"product","2":"type-product","3":"status-publish","4":"has-post-thumbnail","6":"product_cat-dekoration-de","7":"product_cat-raucherstabchen","9":"first","10":"instock","11":"taxable","12":"shipping-taxable","13":"purchasable","14":"product-type-simple"},"acf":{"barcode":"8901810003095","doos":"6","buitendoos":"300","formaat":"0","sets":"20 pcs","productgalerij":"8750.png","herkomst":""},"featured_image_urls":{"full":["https:\/\/www.emro-aziatica.com\/wp-content\/uploads\/2024\/11\/8750-2.jpg",92,200,false],"thumbnail":["https:\/\/www.emro-aziatica.com\/wp-content\/uploads\/2024\/11\/8750-2-92x150.jpg",92,150,true],"medium":["https:\/\/www.emro-aziatica.com\/wp-content\/uploads\/2024\/11\/8750-2.jpg",92,200,false],"medium_large":["https:\/\/www.emro-aziatica.com\/wp-content\/uploads\/2024\/11\/8750-2.jpg",92,200,false],"large":["https:\/\/www.emro-aziatica.com\/wp-content\/uploads\/2024\/11\/8750-2.jpg",92,200,false],"1536x1536":["https:\/\/www.emro-aziatica.com\/wp-content\/uploads\/2024\/11\/8750-2.jpg",92,200,false],"2048x2048":["https:\/\/www.emro-aziatica.com\/wp-content\/uploads\/2024\/11\/8750-2.jpg",92,200,false],"woocommerce_archive_thumbnail":["https:\/\/www.emro-aziatica.com\/wp-content\/uploads\/2024\/11\/8750-2.jpg",92,200,false],"gform-image-choice-sm":["https:\/\/www.emro-aziatica.com\/wp-content\/uploads\/2024\/11\/8750-2.jpg",92,200,false],"gform-image-choice-md":["https:\/\/www.emro-aziatica.com\/wp-content\/uploads\/2024\/11\/8750-2.jpg",92,200,false],"gform-image-choice-lg":["https:\/\/www.emro-aziatica.com\/wp-content\/uploads\/2024\/11\/8750-2.jpg",92,200,false],"menu-24x24":["https:\/\/www.emro-aziatica.com\/wp-content\/uploads\/2024\/11\/8750-2-11x24.jpg",11,24,true],"menu-36x36":["https:\/\/www.emro-aziatica.com\/wp-content\/uploads\/2024\/11\/8750-2-17x36.jpg",17,36,true],"menu-48x48":["https:\/\/www.emro-aziatica.com\/wp-content\/uploads\/2024\/11\/8750-2-22x48.jpg",22,48,true],"woocommerce_thumbnail":["https:\/\/www.emro-aziatica.com\/wp-content\/uploads\/2024\/11\/8750-2.jpg",92,200,false],"woocommerce_single":["https:\/\/www.emro-aziatica.com\/wp-content\/uploads\/2024\/11\/8750-2.jpg",92,200,false],"woocommerce_gallery_thumbnail":["https:\/\/www.emro-aziatica.com\/wp-content\/uploads\/2024\/11\/8750-2-92x100.jpg",92,100,true]},"post_excerpt_stackable":"<p>HEM<\/p>\n","category_list":"","author_info":{"name":"","url":""},"comments_num":"0 comments","featured_image_urls_v2":{"full":["https:\/\/www.emro-aziatica.com\/wp-content\/uploads\/2024\/11\/8750-2.jpg",92,200,false],"thumbnail":["https:\/\/www.emro-aziatica.com\/wp-content\/uploads\/2024\/11\/8750-2-92x150.jpg",92,150,true],"medium":["https:\/\/www.emro-aziatica.com\/wp-content\/uploads\/2024\/11\/8750-2.jpg",92,200,false],"medium_large":["https:\/\/www.emro-aziatica.com\/wp-content\/uploads\/2024\/11\/8750-2.jpg",92,200,false],"large":["https:\/\/www.emro-aziatica.com\/wp-content\/uploads\/2024\/11\/8750-2.jpg",92,200,false],"1536x1536":["https:\/\/www.emro-aziatica.com\/wp-content\/uploads\/2024\/11\/8750-2.jpg",92,200,false],"2048x2048":["https:\/\/www.emro-aziatica.com\/wp-content\/uploads\/2024\/11\/8750-2.jpg",92,200,false],"woocommerce_archive_thumbnail":["https:\/\/www.emro-aziatica.com\/wp-content\/uploads\/2024\/11\/8750-2.jpg",92,200,false],"gform-image-choice-sm":["https:\/\/www.emro-aziatica.com\/wp-content\/uploads\/2024\/11\/8750-2.jpg",92,200,false],"gform-image-choice-md":["https:\/\/www.emro-aziatica.com\/wp-content\/uploads\/2024\/11\/8750-2.jpg",92,200,false],"gform-image-choice-lg":["https:\/\/www.emro-aziatica.com\/wp-content\/uploads\/2024\/11\/8750-2.jpg",92,200,false],"menu-24x24":["https:\/\/www.emro-aziatica.com\/wp-content\/uploads\/2024\/11\/8750-2-11x24.jpg",11,24,true],"menu-36x36":["https:\/\/www.emro-aziatica.com\/wp-content\/uploads\/2024\/11\/8750-2-17x36.jpg",17,36,true],"menu-48x48":["https:\/\/www.emro-aziatica.com\/wp-content\/uploads\/2024\/11\/8750-2-22x48.jpg",22,48,true],"woocommerce_thumbnail":["https:\/\/www.emro-aziatica.com\/wp-content\/uploads\/2024\/11\/8750-2.jpg",92,200,false],"woocommerce_single":["https:\/\/www.emro-aziatica.com\/wp-content\/uploads\/2024\/11\/8750-2.jpg",92,200,false],"woocommerce_gallery_thumbnail":["https:\/\/www.emro-aziatica.com\/wp-content\/uploads\/2024\/11\/8750-2-92x100.jpg",92,100,true]},"post_excerpt_stackable_v2":"<p>HEM<\/p>\n","category_list_v2":"","author_info_v2":{"name":"","url":""},"comments_num_v2":"0 comments","_links":{"self":[{"href":"https:\/\/www.emro-aziatica.com\/de\/wp-json\/wp\/v2\/product\/23590","targetHints":{"allow":["GET"]}}],"collection":[{"href":"https:\/\/www.emro-aziatica.com\/de\/wp-json\/wp\/v2\/product"}],"about":[{"href":"https:\/\/www.emro-aziatica.com\/de\/wp-json\/wp\/v2\/types\/product"}],"wp:featuredmedia":[{"embeddable":true,"href":"https:\/\/www.emro-aziatica.com\/de\/wp-json\/wp\/v2\/media\/49015"}],"wp:attachment":[{"href":"https:\/\/www.emro-aziatica.com\/de\/wp-json\/wp\/v2\/media?parent=23590"}],"wp:term":[{"taxonomy":"product_cat","embeddable":true,"href":"https:\/\/www.emro-aziatica.com\/de\/wp-json\/wp\/v2\/product_cat?post=23590"},{"taxonomy":"product_tag","embeddable":true,"href":"https:\/\/www.emro-aziatica.com\/de\/wp-json\/wp\/v2\/product_tag?post=23590"}],"curies":[{"name":"wp","href":"https:\/\/api.w.org\/{rel}","templated":true}]}}