{"id":66982,"date":"2025-02-17T11:03:56","date_gmt":"2025-02-17T10:03:56","guid":{"rendered":"https:\/\/www.emro-aziatica.com\/product\/niet-gecategoriseerd\/p0\/"},"modified":"2026-05-06T15:53:53","modified_gmt":"2026-05-06T13:53:53","slug":"p66982","status":"publish","type":"product","link":"https:\/\/www.emro-aziatica.com\/de\/product\/japanisches-porzellan\/anemone-de\/p66982\/","title":{"rendered":"So\u00dfensch\u00e4lchen"},"content":{"rendered":"<p>So\u00dfensch\u00e4lchen<\/p>\n","protected":false},"excerpt":{"rendered":"<p>Anemone Schwarz<\/p>\n","protected":false},"featured_media":71641,"template":"","meta":{"_acf_changed":false},"product_cat":[577,166],"product_tag":[],"class_list":{"0":"post-66982","1":"product","2":"type-product","3":"status-publish","4":"has-post-thumbnail","6":"product_cat-anemone-de","7":"product_cat-japanisches-porzellan","9":"first","10":"instock","11":"taxable","12":"shipping-taxable","13":"purchasable","14":"product-type-simple"},"acf":{"barcode":"8715226441149","doos":"12","buitendoos":"144","formaat":"\u00d89 cm | H3,5 cm","sets":"0","productgalerij":"44114.png,44114_1.png","herkomst":""},"featured_image_urls":{"full":["https:\/\/www.emro-aziatica.com\/wp-content\/uploads\/2025\/06\/44114thumb.png",220,163,false],"thumbnail":["https:\/\/www.emro-aziatica.com\/wp-content\/uploads\/2025\/06\/44114thumb-150x150.png",150,150,true],"medium":["https:\/\/www.emro-aziatica.com\/wp-content\/uploads\/2025\/06\/44114thumb.png",220,163,false],"medium_large":["https:\/\/www.emro-aziatica.com\/wp-content\/uploads\/2025\/06\/44114thumb.png",220,163,false],"large":["https:\/\/www.emro-aziatica.com\/wp-content\/uploads\/2025\/06\/44114thumb.png",220,163,false],"1536x1536":["https:\/\/www.emro-aziatica.com\/wp-content\/uploads\/2025\/06\/44114thumb.png",220,163,false],"2048x2048":["https:\/\/www.emro-aziatica.com\/wp-content\/uploads\/2025\/06\/44114thumb.png",220,163,false],"woocommerce_archive_thumbnail":["https:\/\/www.emro-aziatica.com\/wp-content\/uploads\/2025\/06\/44114thumb.png",220,163,false],"gform-image-choice-sm":["https:\/\/www.emro-aziatica.com\/wp-content\/uploads\/2025\/06\/44114thumb.png",220,163,false],"gform-image-choice-md":["https:\/\/www.emro-aziatica.com\/wp-content\/uploads\/2025\/06\/44114thumb.png",220,163,false],"gform-image-choice-lg":["https:\/\/www.emro-aziatica.com\/wp-content\/uploads\/2025\/06\/44114thumb.png",220,163,false],"menu-24x24":["https:\/\/www.emro-aziatica.com\/wp-content\/uploads\/2025\/06\/44114thumb-24x18.png",24,18,true],"menu-36x36":["https:\/\/www.emro-aziatica.com\/wp-content\/uploads\/2025\/06\/44114thumb-36x27.png",36,27,true],"menu-48x48":["https:\/\/www.emro-aziatica.com\/wp-content\/uploads\/2025\/06\/44114thumb-48x36.png",48,36,true],"woocommerce_thumbnail":["https:\/\/www.emro-aziatica.com\/wp-content\/uploads\/2025\/06\/44114thumb.png",220,163,false],"woocommerce_single":["https:\/\/www.emro-aziatica.com\/wp-content\/uploads\/2025\/06\/44114thumb.png",220,163,false],"woocommerce_gallery_thumbnail":["https:\/\/www.emro-aziatica.com\/wp-content\/uploads\/2025\/06\/44114thumb-100x100.png",100,100,true]},"post_excerpt_stackable":"<p>Anemone Schwarz<\/p>\n","category_list":"","author_info":{"name":"","url":""},"comments_num":"0 comments","featured_image_urls_v2":{"full":["https:\/\/www.emro-aziatica.com\/wp-content\/uploads\/2025\/06\/44114thumb.png",220,163,false],"thumbnail":["https:\/\/www.emro-aziatica.com\/wp-content\/uploads\/2025\/06\/44114thumb-150x150.png",150,150,true],"medium":["https:\/\/www.emro-aziatica.com\/wp-content\/uploads\/2025\/06\/44114thumb.png",220,163,false],"medium_large":["https:\/\/www.emro-aziatica.com\/wp-content\/uploads\/2025\/06\/44114thumb.png",220,163,false],"large":["https:\/\/www.emro-aziatica.com\/wp-content\/uploads\/2025\/06\/44114thumb.png",220,163,false],"1536x1536":["https:\/\/www.emro-aziatica.com\/wp-content\/uploads\/2025\/06\/44114thumb.png",220,163,false],"2048x2048":["https:\/\/www.emro-aziatica.com\/wp-content\/uploads\/2025\/06\/44114thumb.png",220,163,false],"woocommerce_archive_thumbnail":["https:\/\/www.emro-aziatica.com\/wp-content\/uploads\/2025\/06\/44114thumb.png",220,163,false],"gform-image-choice-sm":["https:\/\/www.emro-aziatica.com\/wp-content\/uploads\/2025\/06\/44114thumb.png",220,163,false],"gform-image-choice-md":["https:\/\/www.emro-aziatica.com\/wp-content\/uploads\/2025\/06\/44114thumb.png",220,163,false],"gform-image-choice-lg":["https:\/\/www.emro-aziatica.com\/wp-content\/uploads\/2025\/06\/44114thumb.png",220,163,false],"menu-24x24":["https:\/\/www.emro-aziatica.com\/wp-content\/uploads\/2025\/06\/44114thumb-24x18.png",24,18,true],"menu-36x36":["https:\/\/www.emro-aziatica.com\/wp-content\/uploads\/2025\/06\/44114thumb-36x27.png",36,27,true],"menu-48x48":["https:\/\/www.emro-aziatica.com\/wp-content\/uploads\/2025\/06\/44114thumb-48x36.png",48,36,true],"woocommerce_thumbnail":["https:\/\/www.emro-aziatica.com\/wp-content\/uploads\/2025\/06\/44114thumb.png",220,163,false],"woocommerce_single":["https:\/\/www.emro-aziatica.com\/wp-content\/uploads\/2025\/06\/44114thumb.png",220,163,false],"woocommerce_gallery_thumbnail":["https:\/\/www.emro-aziatica.com\/wp-content\/uploads\/2025\/06\/44114thumb-100x100.png",100,100,true]},"post_excerpt_stackable_v2":"<p>Anemone Schwarz<\/p>\n","category_list_v2":"","author_info_v2":{"name":"","url":""},"comments_num_v2":"0 comments","_links":{"self":[{"href":"https:\/\/www.emro-aziatica.com\/de\/wp-json\/wp\/v2\/product\/66982","targetHints":{"allow":["GET"]}}],"collection":[{"href":"https:\/\/www.emro-aziatica.com\/de\/wp-json\/wp\/v2\/product"}],"about":[{"href":"https:\/\/www.emro-aziatica.com\/de\/wp-json\/wp\/v2\/types\/product"}],"wp:featuredmedia":[{"embeddable":true,"href":"https:\/\/www.emro-aziatica.com\/de\/wp-json\/wp\/v2\/media\/71641"}],"wp:attachment":[{"href":"https:\/\/www.emro-aziatica.com\/de\/wp-json\/wp\/v2\/media?parent=66982"}],"wp:term":[{"taxonomy":"product_cat","embeddable":true,"href":"https:\/\/www.emro-aziatica.com\/de\/wp-json\/wp\/v2\/product_cat?post=66982"},{"taxonomy":"product_tag","embeddable":true,"href":"https:\/\/www.emro-aziatica.com\/de\/wp-json\/wp\/v2\/product_tag?post=66982"}],"curies":[{"name":"wp","href":"https:\/\/api.w.org\/{rel}","templated":true}]}}