{"id":68559,"date":"2025-03-07T11:47:01","date_gmt":"2025-03-07T10:47:01","guid":{"rendered":"https:\/\/www.emro-aziatica.com\/product\/niet-gecategoriseerd\/p0\/"},"modified":"2026-04-24T11:29:58","modified_gmt":"2026-04-24T09:29:58","slug":"p68559","status":"publish","type":"product","link":"https:\/\/www.emro-aziatica.com\/de\/product\/sonderangebot\/p68559\/","title":{"rendered":"So\u00dfensch\u00e4lchen"},"content":{"rendered":"<p>So\u00dfensch\u00e4lchen<\/p>\n","protected":false},"excerpt":{"rendered":"<p>So\u00dfensch\u00e4lchen<\/p>\n","protected":false},"featured_media":86307,"template":"","meta":{"_acf_changed":false},"product_cat":[195],"product_tag":[],"class_list":{"0":"post-68559","1":"product","2":"type-product","3":"status-publish","4":"has-post-thumbnail","6":"product_cat-sonderangebot","8":"first","9":"instock","10":"taxable","11":"shipping-taxable","12":"purchasable","13":"product-type-simple"},"acf":{"barcode":"8715226441316","doos":"15","buitendoos":"150","formaat":"10 x 7 cm | H3 cm","sets":"0","productgalerij":"44131.png","herkomst":""},"featured_image_urls":{"full":["https:\/\/www.emro-aziatica.com\/wp-content\/uploads\/2025\/03\/44131thumb.png",220,148,false],"thumbnail":["https:\/\/www.emro-aziatica.com\/wp-content\/uploads\/2025\/03\/44131thumb-150x148.png",150,148,true],"medium":["https:\/\/www.emro-aziatica.com\/wp-content\/uploads\/2025\/03\/44131thumb.png",220,148,false],"medium_large":["https:\/\/www.emro-aziatica.com\/wp-content\/uploads\/2025\/03\/44131thumb.png",220,148,false],"large":["https:\/\/www.emro-aziatica.com\/wp-content\/uploads\/2025\/03\/44131thumb.png",220,148,false],"1536x1536":["https:\/\/www.emro-aziatica.com\/wp-content\/uploads\/2025\/03\/44131thumb.png",220,148,false],"2048x2048":["https:\/\/www.emro-aziatica.com\/wp-content\/uploads\/2025\/03\/44131thumb.png",220,148,false],"woocommerce_archive_thumbnail":["https:\/\/www.emro-aziatica.com\/wp-content\/uploads\/2025\/03\/44131thumb.png",220,148,false],"gform-image-choice-sm":["https:\/\/www.emro-aziatica.com\/wp-content\/uploads\/2025\/03\/44131thumb.png",220,148,false],"gform-image-choice-md":["https:\/\/www.emro-aziatica.com\/wp-content\/uploads\/2025\/03\/44131thumb.png",220,148,false],"gform-image-choice-lg":["https:\/\/www.emro-aziatica.com\/wp-content\/uploads\/2025\/03\/44131thumb.png",220,148,false],"menu-24x24":["https:\/\/www.emro-aziatica.com\/wp-content\/uploads\/2025\/03\/44131thumb-24x16.png",24,16,true],"menu-36x36":["https:\/\/www.emro-aziatica.com\/wp-content\/uploads\/2025\/03\/44131thumb-36x24.png",36,24,true],"menu-48x48":["https:\/\/www.emro-aziatica.com\/wp-content\/uploads\/2025\/03\/44131thumb-48x32.png",48,32,true],"woocommerce_thumbnail":["https:\/\/www.emro-aziatica.com\/wp-content\/uploads\/2025\/03\/44131thumb.png",220,148,false],"woocommerce_single":["https:\/\/www.emro-aziatica.com\/wp-content\/uploads\/2025\/03\/44131thumb.png",220,148,false],"woocommerce_gallery_thumbnail":["https:\/\/www.emro-aziatica.com\/wp-content\/uploads\/2025\/03\/44131thumb-100x100.png",100,100,true]},"post_excerpt_stackable":"<p>So\u00dfensch\u00e4lchen<\/p>\n","category_list":"","author_info":{"name":"","url":""},"comments_num":"0 comments","featured_image_urls_v2":{"full":["https:\/\/www.emro-aziatica.com\/wp-content\/uploads\/2025\/03\/44131thumb.png",220,148,false],"thumbnail":["https:\/\/www.emro-aziatica.com\/wp-content\/uploads\/2025\/03\/44131thumb-150x148.png",150,148,true],"medium":["https:\/\/www.emro-aziatica.com\/wp-content\/uploads\/2025\/03\/44131thumb.png",220,148,false],"medium_large":["https:\/\/www.emro-aziatica.com\/wp-content\/uploads\/2025\/03\/44131thumb.png",220,148,false],"large":["https:\/\/www.emro-aziatica.com\/wp-content\/uploads\/2025\/03\/44131thumb.png",220,148,false],"1536x1536":["https:\/\/www.emro-aziatica.com\/wp-content\/uploads\/2025\/03\/44131thumb.png",220,148,false],"2048x2048":["https:\/\/www.emro-aziatica.com\/wp-content\/uploads\/2025\/03\/44131thumb.png",220,148,false],"woocommerce_archive_thumbnail":["https:\/\/www.emro-aziatica.com\/wp-content\/uploads\/2025\/03\/44131thumb.png",220,148,false],"gform-image-choice-sm":["https:\/\/www.emro-aziatica.com\/wp-content\/uploads\/2025\/03\/44131thumb.png",220,148,false],"gform-image-choice-md":["https:\/\/www.emro-aziatica.com\/wp-content\/uploads\/2025\/03\/44131thumb.png",220,148,false],"gform-image-choice-lg":["https:\/\/www.emro-aziatica.com\/wp-content\/uploads\/2025\/03\/44131thumb.png",220,148,false],"menu-24x24":["https:\/\/www.emro-aziatica.com\/wp-content\/uploads\/2025\/03\/44131thumb-24x16.png",24,16,true],"menu-36x36":["https:\/\/www.emro-aziatica.com\/wp-content\/uploads\/2025\/03\/44131thumb-36x24.png",36,24,true],"menu-48x48":["https:\/\/www.emro-aziatica.com\/wp-content\/uploads\/2025\/03\/44131thumb-48x32.png",48,32,true],"woocommerce_thumbnail":["https:\/\/www.emro-aziatica.com\/wp-content\/uploads\/2025\/03\/44131thumb.png",220,148,false],"woocommerce_single":["https:\/\/www.emro-aziatica.com\/wp-content\/uploads\/2025\/03\/44131thumb.png",220,148,false],"woocommerce_gallery_thumbnail":["https:\/\/www.emro-aziatica.com\/wp-content\/uploads\/2025\/03\/44131thumb-100x100.png",100,100,true]},"post_excerpt_stackable_v2":"<p>So\u00dfensch\u00e4lchen<\/p>\n","category_list_v2":"","author_info_v2":{"name":"","url":""},"comments_num_v2":"0 comments","_links":{"self":[{"href":"https:\/\/www.emro-aziatica.com\/de\/wp-json\/wp\/v2\/product\/68559","targetHints":{"allow":["GET"]}}],"collection":[{"href":"https:\/\/www.emro-aziatica.com\/de\/wp-json\/wp\/v2\/product"}],"about":[{"href":"https:\/\/www.emro-aziatica.com\/de\/wp-json\/wp\/v2\/types\/product"}],"wp:featuredmedia":[{"embeddable":true,"href":"https:\/\/www.emro-aziatica.com\/de\/wp-json\/wp\/v2\/media\/86307"}],"wp:attachment":[{"href":"https:\/\/www.emro-aziatica.com\/de\/wp-json\/wp\/v2\/media?parent=68559"}],"wp:term":[{"taxonomy":"product_cat","embeddable":true,"href":"https:\/\/www.emro-aziatica.com\/de\/wp-json\/wp\/v2\/product_cat?post=68559"},{"taxonomy":"product_tag","embeddable":true,"href":"https:\/\/www.emro-aziatica.com\/de\/wp-json\/wp\/v2\/product_tag?post=68559"}],"curies":[{"name":"wp","href":"https:\/\/api.w.org\/{rel}","templated":true}]}}