{"id":79936,"date":"2025-12-03T17:34:10","date_gmt":"2025-12-03T16:34:10","guid":{"rendered":"https:\/\/www.emro-aziatica.com\/product\/niet-gecategoriseerd\/p0\/"},"modified":"2025-12-03T17:34:13","modified_gmt":"2025-12-03T16:34:13","slug":"p79936","status":"publish","type":"product","link":"https:\/\/www.emro-aziatica.com\/de\/product\/kuchengeschirr\/reiswarmer\/p79936\/","title":{"rendered":"Innertopf f\u00fcr Reisw\u00e4rmen"},"content":{"rendered":"<p>Innertopf f\u00fcr Reisw\u00e4rmen<\/p>\n","protected":false},"excerpt":{"rendered":"<p>Taiwan Tiger<\/p>\n","protected":false},"featured_media":79934,"template":"","meta":{"_acf_changed":false},"product_cat":[170,332],"product_tag":[],"class_list":{"0":"post-79936","1":"product","2":"type-product","3":"status-publish","4":"has-post-thumbnail","6":"product_cat-kuchengeschirr","7":"product_cat-reiswarmer","9":"first","10":"instock","11":"taxable","12":"shipping-taxable","13":"purchasable","14":"product-type-simple"},"acf":{"barcode":"8715226894563","doos":"1","buitendoos":"2","formaat":"8,0 L","sets":"0","productgalerij":"89456A.png","herkomst":""},"featured_image_urls":{"full":["https:\/\/www.emro-aziatica.com\/wp-content\/uploads\/2025\/12\/89456A.jpg",175,200,false],"thumbnail":["https:\/\/www.emro-aziatica.com\/wp-content\/uploads\/2025\/12\/89456A-150x150.jpg",150,150,true],"medium":["https:\/\/www.emro-aziatica.com\/wp-content\/uploads\/2025\/12\/89456A.jpg",175,200,false],"medium_large":["https:\/\/www.emro-aziatica.com\/wp-content\/uploads\/2025\/12\/89456A.jpg",175,200,false],"large":["https:\/\/www.emro-aziatica.com\/wp-content\/uploads\/2025\/12\/89456A.jpg",175,200,false],"1536x1536":["https:\/\/www.emro-aziatica.com\/wp-content\/uploads\/2025\/12\/89456A.jpg",175,200,false],"2048x2048":["https:\/\/www.emro-aziatica.com\/wp-content\/uploads\/2025\/12\/89456A.jpg",175,200,false],"woocommerce_archive_thumbnail":["https:\/\/www.emro-aziatica.com\/wp-content\/uploads\/2025\/12\/89456A.jpg",175,200,false],"gform-image-choice-sm":["https:\/\/www.emro-aziatica.com\/wp-content\/uploads\/2025\/12\/89456A.jpg",175,200,false],"gform-image-choice-md":["https:\/\/www.emro-aziatica.com\/wp-content\/uploads\/2025\/12\/89456A.jpg",175,200,false],"gform-image-choice-lg":["https:\/\/www.emro-aziatica.com\/wp-content\/uploads\/2025\/12\/89456A.jpg",175,200,false],"menu-24x24":["https:\/\/www.emro-aziatica.com\/wp-content\/uploads\/2025\/12\/89456A-21x24.jpg",21,24,true],"menu-36x36":["https:\/\/www.emro-aziatica.com\/wp-content\/uploads\/2025\/12\/89456A-32x36.jpg",32,36,true],"menu-48x48":["https:\/\/www.emro-aziatica.com\/wp-content\/uploads\/2025\/12\/89456A-42x48.jpg",42,48,true],"woocommerce_thumbnail":["https:\/\/www.emro-aziatica.com\/wp-content\/uploads\/2025\/12\/89456A.jpg",175,200,false],"woocommerce_single":["https:\/\/www.emro-aziatica.com\/wp-content\/uploads\/2025\/12\/89456A.jpg",175,200,false],"woocommerce_gallery_thumbnail":["https:\/\/www.emro-aziatica.com\/wp-content\/uploads\/2025\/12\/89456A-100x100.jpg",100,100,true]},"post_excerpt_stackable":"<p>Taiwan Tiger<\/p>\n","category_list":"","author_info":{"name":"","url":""},"comments_num":"0 comments","featured_image_urls_v2":{"full":["https:\/\/www.emro-aziatica.com\/wp-content\/uploads\/2025\/12\/89456A.jpg",175,200,false],"thumbnail":["https:\/\/www.emro-aziatica.com\/wp-content\/uploads\/2025\/12\/89456A-150x150.jpg",150,150,true],"medium":["https:\/\/www.emro-aziatica.com\/wp-content\/uploads\/2025\/12\/89456A.jpg",175,200,false],"medium_large":["https:\/\/www.emro-aziatica.com\/wp-content\/uploads\/2025\/12\/89456A.jpg",175,200,false],"large":["https:\/\/www.emro-aziatica.com\/wp-content\/uploads\/2025\/12\/89456A.jpg",175,200,false],"1536x1536":["https:\/\/www.emro-aziatica.com\/wp-content\/uploads\/2025\/12\/89456A.jpg",175,200,false],"2048x2048":["https:\/\/www.emro-aziatica.com\/wp-content\/uploads\/2025\/12\/89456A.jpg",175,200,false],"woocommerce_archive_thumbnail":["https:\/\/www.emro-aziatica.com\/wp-content\/uploads\/2025\/12\/89456A.jpg",175,200,false],"gform-image-choice-sm":["https:\/\/www.emro-aziatica.com\/wp-content\/uploads\/2025\/12\/89456A.jpg",175,200,false],"gform-image-choice-md":["https:\/\/www.emro-aziatica.com\/wp-content\/uploads\/2025\/12\/89456A.jpg",175,200,false],"gform-image-choice-lg":["https:\/\/www.emro-aziatica.com\/wp-content\/uploads\/2025\/12\/89456A.jpg",175,200,false],"menu-24x24":["https:\/\/www.emro-aziatica.com\/wp-content\/uploads\/2025\/12\/89456A-21x24.jpg",21,24,true],"menu-36x36":["https:\/\/www.emro-aziatica.com\/wp-content\/uploads\/2025\/12\/89456A-32x36.jpg",32,36,true],"menu-48x48":["https:\/\/www.emro-aziatica.com\/wp-content\/uploads\/2025\/12\/89456A-42x48.jpg",42,48,true],"woocommerce_thumbnail":["https:\/\/www.emro-aziatica.com\/wp-content\/uploads\/2025\/12\/89456A.jpg",175,200,false],"woocommerce_single":["https:\/\/www.emro-aziatica.com\/wp-content\/uploads\/2025\/12\/89456A.jpg",175,200,false],"woocommerce_gallery_thumbnail":["https:\/\/www.emro-aziatica.com\/wp-content\/uploads\/2025\/12\/89456A-100x100.jpg",100,100,true]},"post_excerpt_stackable_v2":"<p>Taiwan Tiger<\/p>\n","category_list_v2":"","author_info_v2":{"name":"","url":""},"comments_num_v2":"0 comments","_links":{"self":[{"href":"https:\/\/www.emro-aziatica.com\/de\/wp-json\/wp\/v2\/product\/79936","targetHints":{"allow":["GET"]}}],"collection":[{"href":"https:\/\/www.emro-aziatica.com\/de\/wp-json\/wp\/v2\/product"}],"about":[{"href":"https:\/\/www.emro-aziatica.com\/de\/wp-json\/wp\/v2\/types\/product"}],"wp:featuredmedia":[{"embeddable":true,"href":"https:\/\/www.emro-aziatica.com\/de\/wp-json\/wp\/v2\/media\/79934"}],"wp:attachment":[{"href":"https:\/\/www.emro-aziatica.com\/de\/wp-json\/wp\/v2\/media?parent=79936"}],"wp:term":[{"taxonomy":"product_cat","embeddable":true,"href":"https:\/\/www.emro-aziatica.com\/de\/wp-json\/wp\/v2\/product_cat?post=79936"},{"taxonomy":"product_tag","embeddable":true,"href":"https:\/\/www.emro-aziatica.com\/de\/wp-json\/wp\/v2\/product_tag?post=79936"}],"curies":[{"name":"wp","href":"https:\/\/api.w.org\/{rel}","templated":true}]}}