{"id":5441,"date":"2021-01-08T11:38:22","date_gmt":"2021-01-08T10:38:22","guid":{"rendered":"https:\/\/www.emro-aziatica.com\/terms-and-conditions\/"},"modified":"2024-04-10T12:11:54","modified_gmt":"2024-04-10T10:11:54","slug":"terms-and-conditions","status":"publish","type":"page","link":"https:\/\/www.emro-aziatica.com\/fr\/terms-and-conditions\/","title":{"rendered":"Termes et conditions"},"content":{"rendered":"\n<div class=\"aligncenter wp-block-ugb-container ugb-container ctm-breadcrumbs ugb-7bfeada ugb-container--v2 ugb-container--design-basic ugb-main-block\"><style>.ugb-7bfeada-wrapper.ugb-container__wrapper{border-radius:0px !important;background-color:rgba(255,255,255,0) !important}.ugb-7bfeada-wrapper.ugb-container__wrapper:before{background-color:var(--theme-palette-color-5,#ffffff) !important}.ugb-7bfeada-content-wrapper > h1,.ugb-7bfeada-content-wrapper > h2,.ugb-7bfeada-content-wrapper > h3,.ugb-7bfeada-content-wrapper > h4,.ugb-7bfeada-content-wrapper > h5,.ugb-7bfeada-content-wrapper > h6{color:#222222}.ugb-7bfeada-content-wrapper > p,.ugb-7bfeada-content-wrapper > ol li,.ugb-7bfeada-content-wrapper > ul li{color:#222222}.ugb-7bfeada .ugb-inner-block{text-align:left}.ugb-7bfeada.ugb-container{justify-content:flex-start}@media screen and (min-width:768px){.ugb-7bfeada.ugb-container{margin-bottom:0px !important;padding-right:0px !important;padding-left:0px !important}}@media screen and (max-width:768px){.ugb-7bfeada.ugb-container{margin-bottom:40px !important;padding-right:0px !important;padding-left:0px !important}}@media screen and (min-width:768px){.ugb-7bfeada > .ugb-inner-block > .ugb-block-content > *{padding-top:20px !important;padding-bottom:20px !important;padding-right:0px !important;padding-left:0px !important}}@media screen and (max-width:768px){.ugb-7bfeada > .ugb-inner-block > .ugb-block-content > *{padding-top:20px !important;padding-right:0px !important;padding-bottom:20px !important;padding-left:0px !important}}<\/style><div class=\"ugb-inner-block\"><div class=\"ugb-block-content\"><div class=\"ugb-container__wrapper ugb-7bfeada-wrapper ugb--shadow-0\"><div class=\"ugb-container__side\"><div class=\"ugb-container__content-wrapper ugb-7bfeada-content-wrapper\">\n<h1 class=\"wp-block-heading\">Termes et conditions<\/h1>\n\n\n\n<p>Sur cette page, vous trouverez les conditions g\u00e9n\u00e9rales de vente du site www.emro-aziatica.com fournies par Emro Aziatica. Dans ces conditions g\u00e9n\u00e9rales, nous vous indiquons sous quelles r\u00e9servations nous vous proposons les informations sur notre site.<\/p>\n\n\n\n<h2 class=\"wp-block-heading\">Propri\u00e9t\u00e9 intellectuelle<\/h2>\n\n\n\n<p>L\u2019utilisation des informations de ce site web est gratuite, \u00e0 condition de ne pas copier, distribuer, utiliser autrement ou abuser ces informations. Vous ne pouvez r\u00e9utiliser les informations de ce site web que dans le respect des lois en vigueur. Sans l\u2019autorisation \u00e9crit\u00e9 expressement de Emro Aziatica, il est interdit de r\u00e9utiliser des textes, des mat\u00e9riels photo ou autres sur ce site. La propri\u00e9t\u00e9 intellectuelle appartient \u00e0 Emro Aziatica.\n\nEmro Aziatica aspire \u00e0 un site web si actuel que possible. Si, malgr\u00e9 ces efforts, les informations sur www.emro-aziatica.com sont incomplets et\/ou incorrects, nous ne pouvons en aucun cas \u00eatre tenus responsables. Les informations et\/ou les articles sur ce site sont offerts sans aucune forme de garantie et\/ou pr\u00e9tention \u00e0 l\u2019exactitude. Nous nous r\u00e9servons le droit de modifier, supprimer ou r\u00e9installer ces \u00e9l\u00e9ments sans pr\u00e9avis. Emro Aziatica d\u00e9cline toute responsabilit\u00e9 quant aux informations contenues sur les sites Internet auxquels nous nous r\u00e9f\u00e9rons via des liens hypertextes.\n<\/p>\n\n\n\n<h2 class=\"wp-block-heading\">Amendements<\/h2>\n\n\n\n<p>Si ces conditions g\u00e9n\u00e9rales changent, vous trouverez la version la plus r\u00e9cente de la clause de non-responsabilit\u00e9 de www.emro-aziatica.com sur cette page.<\/p>\n\n\n\n<h2 class=\"wp-block-heading\"><strong>Conditions g\u00e9n\u00e9rales de livraison Emro Aziatica<\/strong><\/h2>\n\n\n\n<h3 class=\"wp-block-heading\">1. Applicabilit\u00e9<\/h3>\n\n\n\n<ol class=\"wp-block-list\">\n<li>Ces conditions g\u00e9n\u00e9rales s\u2019appliquent \u00e0 et font partie int\u00e9grante de chaque offre relative \u00e0 des articles de quelque nature que ce soit, qui doit \u00eatre livr\u00e9e par Emro Aziatica situ\u00e9 \u00e0 Deventer, ci-apr\u00e8s d\u00e9nomm\u00e9 \u00abEmro\u00bb, sauf si express\u00e9ment convenu autrement par \u00e9crit.<\/li>\n<\/ol>\n\n\n\n<ol class=\"wp-block-list\" start=\"2\">\n<li>Dans les pr\u00e9sentes conditions g\u00e9n\u00e9rales, \u00able client\u00bb d\u00e9signe toute personne (l\u00e9gale) qui commande et\/ou ach\u00e8te des articles aupr\u00e8s de Emro ou par son interm\u00e9diaire.<\/li>\n<\/ol>\n\n\n\n<ol class=\"wp-block-list\" start=\"3\">\n<li>Une d\u00e9rogation \u00e0 ces termes et conditions n\u2019est pas possible que si les parties ont explicitement convenu par \u00e9crit.<\/li>\n<\/ol>\n\n\n\n<ol class=\"wp-block-list\" start=\"4\">\n<li>Si un ou plusieurs points de cet accord sont d\u00e9clar\u00e9s nuls et non avenus, cela ne changera pas les autres points de cet accord.<\/li>\n<\/ol>\n\n\n\n<h3 class=\"wp-block-heading\">Convention d\u2019\u00e9tablissement et de modification<\/h3>\n\n\n\n<ol class=\"wp-block-list\">\n<li>Toutes les offres faites par Emro, sous quelque forme que ce soit, sont sans engagement, \u00e0 moins qu\u2019un terme d\u2019acceptation ne soit inclus dans l\u2019offre. Un accord ne sera conclu que par confirmation \u00e9crite (de commande) de Emro ou par son ex\u00e9cution effective.<\/li>\n<\/ol>\n\n\n\n<ol class=\"wp-block-list\" start=\"2\">\n<li>Toutes les indications contenues dans les offres, les devis ou les conventions et leurs annexes, telles que les illustrations, les dessins, les dimensions, les poids, les rendements et les couleurs, ainsi que les propri\u00e9t\u00e9s des \u00e9prouvettes fournies, ne sont qu\u2019indicatives. Les d\u00e9viations mineures ne sont donc pas aux d\u00e9pens et aux risques d\u2019Emro.<\/li>\n<\/ol>\n\n\n\n<ol class=\"wp-block-list\" start=\"3\">\n<li>Des erreurs ou erreurs \u00e9videntes dans les offres d\u2019Emro exon\u00e8rent Emro de son devoir d\u2019ex\u00e9cution et \/ ou de toute obligation de d\u00e9dommagement en r\u00e9sultant, m\u00eame apr\u00e8s la conclusion du contrat.<\/li>\n<\/ol>\n\n\n\n<h3 class=\"wp-block-heading\">3. Ex\u00e9cution de l\u2019accord<\/h3>\n\n\n\n<ol class=\"wp-block-list\">\n<li>La livraison a lieu conform\u00e9ment \u00e0 l\u2019incoterm applicable: Ex Works (d\u00e9part entrep\u00f4t). Si le client refuse la livraison \u00e0 l\u2019heure convenue, ou omet de fournir les informations ou les instructions n\u00e9cessaires \u00e0 la livraison, Emro est en droit de stocker les produits aux frais et aux risques du client.<\/li>\n<\/ol>\n\n\n\n<ol class=\"wp-block-list\" start=\"2\">\n<li>Les marchandises sont r\u00e9put\u00e9es avoir \u00e9t\u00e9 livr\u00e9es d\u00e8s que Emro a inform\u00e9 le client que les marchandises, qu\u2019elles soient ou non assembl\u00e9es en totalit\u00e9 ou en partie, sont pr\u00eates chez Emro ou chez un tiers pour \u00eatre r\u00e9cup\u00e9r\u00e9es par le client ou \u00e0 envoyer \u00e0 la demande du client. A partir du moment de la livraison, les marchandises livr\u00e9es sont aux risques et p\u00e9rils du client.<\/li>\n<\/ol>\n\n\n\n<ol class=\"wp-block-list\" start=\"3\">\n<li>La d\u00e9claration des d\u00e9lais de livraison dans les offres, les devis, les contrats ou autrement sera faite par Emro au meilleur de sa connaissance et ces termes seront observ\u00e9s autant que possible, mais ils ne sont pas contraignants.<\/li>\n<\/ol>\n\n\n\n<h3 class=\"wp-block-heading\">4. Des prix<\/h3>\n\n\n\n<ol class=\"wp-block-list\">\n<li>Les montants indiqu\u00e9s dans les offres d\u2019Emro sont bas\u00e9s sur les prix, les prix, les salaires, les taxes et d\u2019autres facteurs pertinents pour le niveau des prix pendant l\u2019offre. Si, apr\u00e8s la confirmation (de la commande), un ou plusieurs des facteurs susmentionn\u00e9s sont modifi\u00e9s, Emro est en droit d\u2019ajuster en cons\u00e9quence le prix convenu. Si, en vertu de la pr\u00e9sente disposition, une augmentation de prix est effectu\u00e9e et que l\u2019augmentation repr\u00e9sente plus de 10% du montant total convenu, le client a le droit de r\u00e9silier le contrat par \u00e9crit dans les huit jours suivant la date \u00e0 laquelle il a \u00e9t\u00e9 ou pourrait devenir conscient de l\u2019augmentation des prix.<\/li>\n<\/ol>\n\n\n\n<ol class=\"wp-block-list\" start=\"2\">\n<li>Tous les prix sont en euros et s\u2019entendent hors TVA. Pour les clients hors UE, les frais suppl\u00e9mentaires sp\u00e9ciaux li\u00e9s \u00e0 l\u2019importation et \/ ou au d\u00e9douanement des marchandises \u00e0 livrer par Emro au client ne sont pas inclus dans le prix et pourraient donc \u00eatre r\u00e9percut\u00e9s sur le client.<\/li>\n<\/ol>\n\n\n\n<h3 class=\"wp-block-heading\">5. Paiement<\/h3>\n\n\n\n<ol class=\"wp-block-list\">\n<li>Le paiement doit toujours \u00eatre effectu\u00e9 en esp\u00e8ces lors de la commande, sauf convention contraire. Le client n\u2019est pas autoris\u00e9 \u00e0 compenser les cr\u00e9ances d\u2019Emro sur les montants factur\u00e9s par Emro.<\/li>\n<\/ol>\n\n\n\n<ol class=\"wp-block-list\" start=\"2\">\n<li>Emro a toujours le droit de livrer ou de facturer les marchandises livr\u00e9es par livraison partielle.<\/li>\n<\/ol>\n\n\n\n<ol class=\"wp-block-list\" start=\"3\">\n<li>Le paiement est effectu\u00e9 en esp\u00e8ces ou par d\u00e9p\u00f4t ou virement sur un compte bancaire ou postal d\u00e9sign\u00e9 par Emro. Emro a toujours le droit de demander une garantie pour le paiement ou le paiement anticip\u00e9 avant et apr\u00e8s la conclusion du contrat, telle que la suspension de l\u2019ex\u00e9cution du contrat par Emro, jusqu\u2019\u00e0 ce que la garantie soit constitu\u00e9e et \/ ou que le paiement anticip\u00e9 soit effectu\u00e9. re\u00e7u par Emro. Si le paiement anticip\u00e9 devait \u00eatre refus\u00e9, Emro est autoris\u00e9 \u00e0 r\u00e9silier le contrat et le client est responsable des dommages caus\u00e9s \u00e0 Emro.<\/li>\n<\/ol>\n\n\n\n<ol class=\"wp-block-list\" start=\"4\">\n<li>Emro a le droit de suspendre la livraison des produits qu\u2019il d\u00e9tient pour le client dans le cadre de l\u2019ex\u00e9cution des travaux convenus jusqu\u2019\u00e0 ce que tous les paiements qui lui sont dus soient int\u00e9gralement pay\u00e9s.<\/li>\n<\/ol>\n\n\n\n<ol class=\"wp-block-list\" start=\"5\">\n<li>Si le paiement n\u2019a pas lieu \u00e0 temps, le client est l\u00e9galement en demeure sans qu\u2019un avis de d\u00e9faut ne soit requis. Le client doit l\u2019int\u00e9r\u00eat commercial statutaire d\u2019Emro tel que vis\u00e9 \u00e0 l\u2019article 6: 119a du code civil n\u00e9erlandais \u00e0 partir de ce moment.<\/li>\n<\/ol>\n\n\n\n<ol class=\"wp-block-list\" start=\"6\">\n<li>Si aucun paiement n\u2019a encore \u00e9t\u00e9 re\u00e7u apr\u00e8s l\u2019expiration d\u2019un d\u00e9lai de paiement fix\u00e9 par un rappel \u00e9crit, le client sera redevable d\u2019une p\u00e9nalit\u00e9 \u00e9gale \u00e0 10% du capital d\u00fb par le client \u00e0 Emro, que Emro ait ou non encouru frais de recouvrement extrajudiciaires et sans affecter le droit d\u2019Emro de r\u00e9clamer une indemnit\u00e9.<\/li>\n<\/ol>\n\n\n\n<ol class=\"wp-block-list\" start=\"7\">\n<li>Sans pr\u00e9judice des autres droits d\u2019Emro d\u00e9coulant de cet article, le client est tenu, vis-\u00e0-vis de Emro, de compenser les frais de recouvrement support\u00e9s par Emro qui vont au-del\u00e0 de l\u2019envoi d\u2019une simple citation \u00e0 compara\u00eetre ou de la formulation d\u2019une proposition de transaction non accept\u00e9e pour recueillir de simples informations. ou pour compiler le fichier de la mani\u00e8re habituelle. Ces co\u00fbts sont d\u00e9termin\u00e9s sur la base des directives applicables \u00e0 ce moment-l\u00e0 devant les tribunaux n\u00e9erlandais.<\/li>\n<\/ol>\n\n\n\n<ol class=\"wp-block-list\" start=\"8\">\n<li>L\u2019applicabilit\u00e9 de l\u2019article 6:92 du Code civil n\u00e9erlandais est exclue en ce qui concerne la clause de p\u00e9nalit\u00e9 incluse dans cet article.<\/li>\n<\/ol>\n\n\n\n<h3 class=\"wp-block-heading\">6. Garantie<\/h3>\n\n\n\n<ol class=\"wp-block-list\">\n<li>Si Emro offre au client une garantie sur le travail ou les produits livr\u00e9s ou \u00e0 livrer, il en informera express\u00e9ment le client par \u00e9crit. En l\u2019absence d\u2019une telle notification \u00e9crite expresse, le client ne peut pas invoquer la garantie, sans pr\u00e9judice de ses droits l\u00e9gaux d\u00e9coulant de dispositions imp\u00e9ratives.<\/li>\n<\/ol>\n\n\n\n<ol class=\"wp-block-list\" start=\"2\">\n<li>Si l\u2019appel \u00e0 la garantie du client est fond\u00e9, Emro r\u00e9parera les produits \u00e0 livrer au choix d\u2019Emro ou livrera comme convenu, \u00e0 moins que cela ne devienne manifestement inutile pour le client. Si Emro informe le client de proc\u00e9der \u00e0 la r\u00e9paration, il retournera les produits livr\u00e9s \u00e0 Emro \u00e0 ses frais et \u00e0 ses risques.<\/li>\n<\/ol>\n\n\n\n<ol class=\"wp-block-list\" start=\"3\">\n<li>Toutes les obligations de garantie \u00e9ventuelles d\u2019Emro deviennent caduques si les d\u00e9fauts, les d\u00e9fectuosit\u00e9s ou les imperfections de ces articles r\u00e9sultent d\u2019une utilisation ou d\u2019une gestion incorrecte, imprudente ou incomp\u00e9tente des produits livr\u00e9s par le client ou des tiers engag\u00e9s par le client ou s\u2019ils en r\u00e9sultent. d\u2019une des causes externes telles que le feu ou les d\u00e9g\u00e2ts d\u2019eau, ou si le client ou un tiers a apport\u00e9 des modifications aux produits livr\u00e9s par Emro sans l\u2019autorisation de Emro.<\/li>\n<\/ol>\n\n\n\n<h3 class=\"wp-block-heading\">7. Les plaintes<\/h3>\n\n\n\n<ol class=\"wp-block-list\">\n<li>Toute r\u00e9clamation concernant un article livr\u00e9 par Emro doit \u00eatre imm\u00e9diatement communiqu\u00e9e \u00e0 Emro par le client, par \u00e9crit et motiv\u00e9e. Si 8 jours apr\u00e8s la livraison des articles ont expir\u00e9, le client ne peut plus se plaindre \u00e0 juste titre, \u00e0 moins que le d\u00e9faut au moment de la livraison n\u2019ait pas \u00e9t\u00e9 perceptible lors d\u2019un contr\u00f4le minutieux et opportun. Dans ce cas, le client doit informer Emro du d\u00e9faut par \u00e9crit et motiv\u00e9 du d\u00e9faut dans un d\u00e9lai de 8 jours \u00e0 compter de la date \u00e0 laquelle le d\u00e9faut est apparu ou aurait pu \u00eatre connu du client.<\/li>\n<\/ol>\n\n\n\n<ol class=\"wp-block-list\" start=\"2\">\n<li>Emro n\u2019est pas oblig\u00e9 d\u2019accepter les retours du client sans son consentement \u00e9crit pr\u00e9alable. En retour, la r\u00e9ception des envois de retour n\u2019implique pas que Emro reconnaisse le motif du retour tel qu\u2019indiqu\u00e9 par le client. Le risque li\u00e9 aux produits retourn\u00e9s reste \u00e0 la charge du client jusqu\u2019\u00e0 ce que les produits aient \u00e9t\u00e9 cr\u00e9dit\u00e9s par Emro.<\/li>\n<\/ol>\n\n\n\n<ol class=\"wp-block-list\" start=\"3\">\n<li>Si le client invoque un syst\u00e8me de garantie \u00e9ventuellement convenu mais que l\u2019appel n\u2019est pas justifi\u00e9, Emro est en droit de facturer au client les activit\u00e9s et les frais de recherche et de r\u00e9paration r\u00e9sultant de cet appel, conform\u00e9ment \u00e0 ses tarifs habituels, avec un minimum de \u20ac 100,00.<\/li>\n<\/ol>\n\n\n\n<h3 class=\"wp-block-heading\">8. R\u00e9servation de propri\u00e9t\u00e9<\/h3>\n\n\n\n<ol class=\"wp-block-list\">\n<li>Tous les articles livr\u00e9s et devant \u00eatre livr\u00e9s par Emro restent en toutes circonstances la propri\u00e9t\u00e9 de Emro, tant que le client n\u2019a donn\u00e9 suite \u00e0 aucune r\u00e9clamation d\u2019Emro, y compris dans tous les cas le prix d\u2019achat, les frais extrajudiciaires, les int\u00e9r\u00eats, les amendes et autres r\u00e9clamations, comme mentionn\u00e9 \u00e0 la section 3:92, paragraphe 2, du code civil n\u00e9erlandais.<\/li>\n<\/ol>\n\n\n\n<ol class=\"wp-block-list\" start=\"2\">\n<li>Le client est tenu de conserver les articles livr\u00e9s sous r\u00e9serve de propri\u00e9t\u00e9 avec le plus grand soin et en tant que propri\u00e9t\u00e9 reconnaissable de Emro.<\/li>\n<\/ol>\n\n\n\n<ol class=\"wp-block-list\" start=\"3\">\n<li>Le client n\u2019est pas autoris\u00e9 \u00e0 mettre en gage les biens livr\u00e9s sous r\u00e9serve de propri\u00e9t\u00e9, \u00e0 les grever de quelque autre mani\u00e8re que ce soit ou \u00e0 les c\u00e9der totalement ou partiellement, sauf dans les cas o\u00f9 ce transfert est effectu\u00e9 dans le cadre des activit\u00e9s commerciales habituelles de le consommateur..<\/li>\n<\/ol>\n\n\n\n<ol class=\"wp-block-list\" start=\"4\">\n<li>Si le client manque \u00e0 ses obligations de paiement envers Emro ou si Emro a de bonnes raisons de craindre que le client manque \u00e0 ces obligations, Emro est en droit de reprendre les marchandises livr\u00e9es sous r\u00e9serve de propri\u00e9t\u00e9. Le client coop\u00e9rera et accordera \u00e0 Emro un acc\u00e8s gratuit \u00e0 tout moment \u00e0 ses locaux et \/ ou b\u00e2timents pour l\u2019inspection des marchandises et \/ ou l\u2019exercice des droits d\u2019Emro. Apr\u00e8s encaissement, le client sera cr\u00e9dit\u00e9 de la valeur marchande, qui ne peut en aucun cas \u00eatre sup\u00e9rieure au prix initial convenu par le client avec Emro, d\u00e9duction faite des co\u00fbts support\u00e9s par Emro lors de la reprise.<\/li>\n<\/ol>\n\n\n\n<h3 class=\"wp-block-heading\">9. Dissolution et r\u00e9siliation<\/h3>\n\n\n\n<ol class=\"wp-block-list\">\n<li>Le client est r\u00e9put\u00e9 \u00eatre en d\u00e9faut s\u2019il ne remplit pas ou pas dans les d\u00e9lais une obligation du contrat, ainsi que si le client ne se conforme pas \u00e0 un avertissement \u00e9crit lui demandant de se conformer pleinement dans un d\u00e9lai raisonnable.<\/li>\n<\/ol>\n\n\n\n<ol class=\"wp-block-list\" start=\"2\">\n<li>En cas de d\u00e9faillance du client, Emro est en droit, sans aucune obligation de dommages-int\u00e9r\u00eats et sans pr\u00e9judice des droits qui en d\u00e9coulent, de r\u00e9silier le contrat, en tout ou en partie, par notification \u00e9crite au client et\/ou r\u00e9clamer imm\u00e9diatement la totalit\u00e9 du montant \u00e9ventuellement d\u00fb par le client \u00e0 Emro et\/ou invoquant la r\u00e9serve de propri\u00e9t\u00e9.<\/li>\n<\/ol>\n\n\n\n<ol class=\"wp-block-list\" start=\"3\">\n<li>Emro est autoris\u00e9e \u00e0 r\u00e9silier le contrat avec effet imm\u00e9diat si le client demande la suspension des paiements ou la faillite ou s\u2019il est saisi de tout ou partie de ses actifs. Tous les montants factur\u00e9s deviendront alors imm\u00e9diatement exigibles. Emro ne sera jamais oblig\u00e9 de payer une quelconque indemnit\u00e9 \u00e0 cause de cette r\u00e9siliation.<\/li>\n<\/ol>\n\n\n\n<h3 class=\"wp-block-heading\">10. Force Majeure<\/h3>\n\n\n\n<ol class=\"wp-block-list\">\n<li>Emro n\u2019est pas responsable si le manquement r\u00e9sulte d\u2019une force majeure. Pendant la p\u00e9riode de force majeure, les obligations d\u2019Emro seront suspendues. Si le d\u00e9lai dans lequel Emro s\u2019acquitte de ses obligations pour des raisons de force majeure n\u2019est pas possible pendant plus de trois mois, les deux parties sont en droit de r\u00e9silier le contrat sans intervention judiciaire, sans obligation de verser une quelconque indemnit\u00e9.<\/li>\n<\/ol>\n\n\n\n<ol class=\"wp-block-list\" start=\"2\">\n<li>Le terme \u00abforce majeure\u00bb au sens du pr\u00e9sent article s\u2019entend en tout \u00e9tat de cause de circonstances impr\u00e9vues, \u00e9galement de nature \u00e9conomique, qui sont survenues sans cause ni cause \u00e0 Emro, telles que, notamment, un dysfonctionnement grave de l\u2019entreprise , r\u00e9duction forc\u00e9e de la production, gr\u00e8ves et exclusions, tant chez Emro que chez les fournisseurs, guerre, hostilit\u00e9s, \u00e9tat de si\u00e8ge, mobilisation, que ce soit aux Pays-Bas ou dans tout autre pays o\u00f9 Emro ou des sites de sous-traitance sont situ\u00e9s, des retards de transport ou des retards ou livraison d\u00e9fectueuse de biens ou de mat\u00e9riaux ou de pi\u00e8ces par des tiers, y compris des fournisseurs d\u2019Emro.<\/li>\n<\/ol>\n\n\n\n<ol class=\"wp-block-list\" start=\"3\">\n<li>Si Emro a d\u00e9j\u00e0 partiellement rempli ses obligations en cas de force majeure ou ne peut que partiellement les remplir, il est en droit de facturer s\u00e9par\u00e9ment la partie d\u00e9j\u00e0 livr\u00e9e ou livrable et le client est oblig\u00e9 de payer cette facture comme si elle concernait accord s\u00e9par\u00e9.<\/li>\n<\/ol>\n\n\n\n<h3 class=\"wp-block-heading\">11. Responsabilit\u00e9<\/h3>\n\n\n\n<ol class=\"wp-block-list\">\n<li>Emro n\u2019est responsable des dommages que le client subit, si et dans la mesure o\u00f9 ces dommages r\u00e9sultent directement d\u2019une intention ou d\u2019une imprudence d\u00e9lib\u00e9r\u00e9e des dirigeants d\u2019Emro.<\/li>\n<\/ol>\n\n\n\n<ol class=\"wp-block-list\" start=\"2\">\n<li>La responsabilit\u00e9 totale d\u2019Emro se limite dans tous les cas \u00e0 une indemnisation pour dommage direct, le montant total devant \u00eatre pay\u00e9 par Emro au client en vertu d\u2019une obligation d\u2019annulation et l\u2019indemnisation d\u2019un dommage n\u2019exc\u00e9dant jamais le montant du prix fix\u00e9 \u00e0 l\u2019avance (hors TVA).<\/li>\n<\/ol>\n\n\n\n<ol class=\"wp-block-list\" start=\"3\">\n<li>Emro d\u00e9cline toute responsabilit\u00e9 pour les dommages si et dans la mesure o\u00f9 le client s\u2019est assur\u00e9 contre les dommages ou a pu raisonnablement les assurer.<\/li>\n<\/ol>\n\n\n\n<h3 class=\"wp-block-heading\">12. Litiges et loi applicable<\/h3>\n\n\n\n<ol class=\"wp-block-list\">\n<li>En cas de manque de clart\u00e9 concernant l\u2019interpr\u00e9tation d\u2019une ou de plusieurs dispositions des pr\u00e9sentes conditions g\u00e9n\u00e9rales, l\u2019interpr\u00e9tation de ces dispositions doit avoir lieu \u00abdans l\u2019esprit\u00bb de ces conditions g\u00e9n\u00e9rales.<\/li>\n<\/ol>\n\n\n\n<ol class=\"wp-block-list\" start=\"2\">\n<li>Le droit n\u00e9erlandais s\u2019applique \u00e0 un accord conclu avec Emro. La l\u00e9gislation et les trait\u00e9s \u00e9trangers, y compris la Convention des Nations Unies sur les contrats de vente internationale de marchandises du 11 avril 1980 (Convention de Vienne sur la vente) sont exclus.<\/li>\n<\/ol>\n\n\n\n<ol class=\"wp-block-list\" start=\"3\">\n<li>Tout litige relatif au pr\u00e9sent contrat ou d\u00e9coulant du pr\u00e9sent contrat sera en premier lieu r\u00e9gl\u00e9 exclusivement par le tribunal comp\u00e9tent du district dans lequel Emro est situ\u00e9 au moment de la conclusion du pr\u00e9sent contrat.<\/li>\n<\/ol>\n<\/div><\/div><\/div><\/div><\/div><\/div>\n","protected":false},"excerpt":{"rendered":"<p>Termes et conditions Sur cette page, vous trouverez les conditions g\u00e9n\u00e9rales de vente du site www.emro-aziatica.com fournies par Emro Aziatica. Dans ces conditions g\u00e9n\u00e9rales, nous vous indiquons sous quelles r\u00e9servations nous vous proposons les informations sur notre site. Propri\u00e9t\u00e9 intellectuelle L\u2019utilisation des informations de ce site web est gratuite, \u00e0 condition de ne pas copier, [&hellip;]<\/p>\n","protected":false},"author":2,"featured_media":0,"parent":0,"menu_order":0,"comment_status":"closed","ping_status":"closed","template":"","meta":{"_acf_changed":false,"footnotes":""},"class_list":["post-5441","page","type-page","status-publish","hentry"],"blocksy_meta":[],"acf":[],"featured_image_urls":{"full":"","thumbnail":"","medium":"","medium_large":"","large":"","1536x1536":"","2048x2048":"","woocommerce_archive_thumbnail":"","gform-image-choice-sm":"","gform-image-choice-md":"","gform-image-choice-lg":"","menu-24x24":"","menu-36x36":"","menu-48x48":"","woocommerce_thumbnail":"","woocommerce_single":"","woocommerce_gallery_thumbnail":""},"post_excerpt_stackable":"<p>Termes et conditions Sur cette page, vous trouverez les conditions g\u00e9n\u00e9rales de vente du site www.emro-aziatica.com fournies par Emro Aziatica. Dans ces conditions g\u00e9n\u00e9rales, nous vous indiquons sous quelles r\u00e9servations nous vous proposons les informations sur notre site. Propri\u00e9t\u00e9 intellectuelle L\u2019utilisation des informations de ce site web est gratuite, \u00e0 condition de ne pas copier, distribuer, utiliser autrement ou abuser ces informations. Vous ne pouvez r\u00e9utiliser les informations de ce site web que dans le respect des lois en vigueur. Sans l\u2019autorisation \u00e9crit\u00e9 expressement de Emro Aziatica, il est interdit de r\u00e9utiliser des textes, des mat\u00e9riels photo ou autres sur\u2026<\/p>\n","category_list":"","author_info":{"name":"emro","url":"https:\/\/www.emro-aziatica.com\/fr\/author\/emro\/"},"comments_num":"0 commentaire","featured_image_urls_v2":{"full":"","thumbnail":"","medium":"","medium_large":"","large":"","1536x1536":"","2048x2048":"","woocommerce_archive_thumbnail":"","gform-image-choice-sm":"","gform-image-choice-md":"","gform-image-choice-lg":"","menu-24x24":"","menu-36x36":"","menu-48x48":"","woocommerce_thumbnail":"","woocommerce_single":"","woocommerce_gallery_thumbnail":""},"post_excerpt_stackable_v2":"<p>Termes et conditions Sur cette page, vous trouverez les conditions g\u00e9n\u00e9rales de vente du site www.emro-aziatica.com fournies par Emro Aziatica. Dans ces conditions g\u00e9n\u00e9rales, nous vous indiquons sous quelles r\u00e9servations nous vous proposons les informations sur notre site. Propri\u00e9t\u00e9 intellectuelle L\u2019utilisation des informations de ce site web est gratuite, \u00e0 condition de ne pas copier, distribuer, utiliser autrement ou abuser ces informations. Vous ne pouvez r\u00e9utiliser les informations de ce site web que dans le respect des lois en vigueur. Sans l\u2019autorisation \u00e9crit\u00e9 expressement de Emro Aziatica, il est interdit de r\u00e9utiliser des textes, des mat\u00e9riels photo ou autres sur\u2026<\/p>\n","category_list_v2":"","author_info_v2":{"name":"emro","url":"https:\/\/www.emro-aziatica.com\/fr\/author\/emro\/"},"comments_num_v2":"0 commentaire","_links":{"self":[{"href":"https:\/\/www.emro-aziatica.com\/fr\/wp-json\/wp\/v2\/pages\/5441","targetHints":{"allow":["GET"]}}],"collection":[{"href":"https:\/\/www.emro-aziatica.com\/fr\/wp-json\/wp\/v2\/pages"}],"about":[{"href":"https:\/\/www.emro-aziatica.com\/fr\/wp-json\/wp\/v2\/types\/page"}],"author":[{"embeddable":true,"href":"https:\/\/www.emro-aziatica.com\/fr\/wp-json\/wp\/v2\/users\/2"}],"replies":[{"embeddable":true,"href":"https:\/\/www.emro-aziatica.com\/fr\/wp-json\/wp\/v2\/comments?post=5441"}],"version-history":[{"count":70,"href":"https:\/\/www.emro-aziatica.com\/fr\/wp-json\/wp\/v2\/pages\/5441\/revisions"}],"predecessor-version":[{"id":27745,"href":"https:\/\/www.emro-aziatica.com\/fr\/wp-json\/wp\/v2\/pages\/5441\/revisions\/27745"}],"wp:attachment":[{"href":"https:\/\/www.emro-aziatica.com\/fr\/wp-json\/wp\/v2\/media?parent=5441"}],"curies":[{"name":"wp","href":"https:\/\/api.w.org\/{rel}","templated":true}]}}