{"id":17738,"date":"2024-03-13T16:23:27","date_gmt":"2024-03-13T15:23:27","guid":{"rendered":"https:\/\/www.emro-aziatica.com\/product\/niet-gecategoriseerd\/cuiseur-a-riz-a-gaz\/"},"modified":"2025-07-17T08:41:20","modified_gmt":"2025-07-17T06:41:20","slug":"p17738","status":"publish","type":"product","link":"https:\/\/www.emro-aziatica.com\/fr\/product\/soldes\/p17738\/","title":{"rendered":"Cuiseur \u00e0 riz \u00e0 gaz"},"content":{"rendered":"<p>Cuiseur \u00e0 riz \u00e0 gaz<\/p>\n","protected":false},"excerpt":{"rendered":"<p>Rinnai, japonais, gaz naturel, CE approuv\u00e9<\/p>\n","protected":false},"featured_media":63082,"template":"","meta":{"_acf_changed":false},"product_cat":[194],"product_tag":[],"class_list":{"0":"post-17738","1":"product","2":"type-product","3":"status-publish","4":"has-post-thumbnail","6":"product_cat-soldes","8":"first","9":"instock","10":"taxable","11":"shipping-taxable","12":"purchasable","13":"product-type-simple"},"acf":{"barcode":"8715226894921","doos":"1","buitendoos":"1","formaat":"10L","sets":"0","productgalerij":"7089468.png,7089469_1.png,7089469_2.png","herkomst":""},"featured_image_urls":{"full":["https:\/\/www.emro-aziatica.com\/wp-content\/uploads\/2024\/12\/7089468.jpg",200,176,false],"thumbnail":["https:\/\/www.emro-aziatica.com\/wp-content\/uploads\/2024\/12\/7089468-150x150.jpg",150,150,true],"medium":["https:\/\/www.emro-aziatica.com\/wp-content\/uploads\/2024\/12\/7089468.jpg",200,176,false],"medium_large":["https:\/\/www.emro-aziatica.com\/wp-content\/uploads\/2024\/12\/7089468.jpg",200,176,false],"large":["https:\/\/www.emro-aziatica.com\/wp-content\/uploads\/2024\/12\/7089468.jpg",200,176,false],"1536x1536":["https:\/\/www.emro-aziatica.com\/wp-content\/uploads\/2024\/12\/7089468.jpg",200,176,false],"2048x2048":["https:\/\/www.emro-aziatica.com\/wp-content\/uploads\/2024\/12\/7089468.jpg",200,176,false],"woocommerce_archive_thumbnail":["https:\/\/www.emro-aziatica.com\/wp-content\/uploads\/2024\/12\/7089468.jpg",200,176,false],"gform-image-choice-sm":["https:\/\/www.emro-aziatica.com\/wp-content\/uploads\/2024\/12\/7089468.jpg",200,176,false],"gform-image-choice-md":["https:\/\/www.emro-aziatica.com\/wp-content\/uploads\/2024\/12\/7089468.jpg",200,176,false],"gform-image-choice-lg":["https:\/\/www.emro-aziatica.com\/wp-content\/uploads\/2024\/12\/7089468.jpg",200,176,false],"menu-24x24":["https:\/\/www.emro-aziatica.com\/wp-content\/uploads\/2024\/12\/7089468-24x21.jpg",24,21,true],"menu-36x36":["https:\/\/www.emro-aziatica.com\/wp-content\/uploads\/2024\/12\/7089468-36x32.jpg",36,32,true],"menu-48x48":["https:\/\/www.emro-aziatica.com\/wp-content\/uploads\/2024\/12\/7089468-48x42.jpg",48,42,true],"woocommerce_thumbnail":["https:\/\/www.emro-aziatica.com\/wp-content\/uploads\/2024\/12\/7089468.jpg",200,176,false],"woocommerce_single":["https:\/\/www.emro-aziatica.com\/wp-content\/uploads\/2024\/12\/7089468.jpg",200,176,false],"woocommerce_gallery_thumbnail":["https:\/\/www.emro-aziatica.com\/wp-content\/uploads\/2024\/12\/7089468-100x100.jpg",100,100,true]},"post_excerpt_stackable":"<p>Rinnai, japonais, gaz naturel, CE approuv\u00e9<\/p>\n","category_list":"","author_info":{"name":"","url":""},"comments_num":"0 commentaire","featured_image_urls_v2":{"full":["https:\/\/www.emro-aziatica.com\/wp-content\/uploads\/2024\/12\/7089468.jpg",200,176,false],"thumbnail":["https:\/\/www.emro-aziatica.com\/wp-content\/uploads\/2024\/12\/7089468-150x150.jpg",150,150,true],"medium":["https:\/\/www.emro-aziatica.com\/wp-content\/uploads\/2024\/12\/7089468.jpg",200,176,false],"medium_large":["https:\/\/www.emro-aziatica.com\/wp-content\/uploads\/2024\/12\/7089468.jpg",200,176,false],"large":["https:\/\/www.emro-aziatica.com\/wp-content\/uploads\/2024\/12\/7089468.jpg",200,176,false],"1536x1536":["https:\/\/www.emro-aziatica.com\/wp-content\/uploads\/2024\/12\/7089468.jpg",200,176,false],"2048x2048":["https:\/\/www.emro-aziatica.com\/wp-content\/uploads\/2024\/12\/7089468.jpg",200,176,false],"woocommerce_archive_thumbnail":["https:\/\/www.emro-aziatica.com\/wp-content\/uploads\/2024\/12\/7089468.jpg",200,176,false],"gform-image-choice-sm":["https:\/\/www.emro-aziatica.com\/wp-content\/uploads\/2024\/12\/7089468.jpg",200,176,false],"gform-image-choice-md":["https:\/\/www.emro-aziatica.com\/wp-content\/uploads\/2024\/12\/7089468.jpg",200,176,false],"gform-image-choice-lg":["https:\/\/www.emro-aziatica.com\/wp-content\/uploads\/2024\/12\/7089468.jpg",200,176,false],"menu-24x24":["https:\/\/www.emro-aziatica.com\/wp-content\/uploads\/2024\/12\/7089468-24x21.jpg",24,21,true],"menu-36x36":["https:\/\/www.emro-aziatica.com\/wp-content\/uploads\/2024\/12\/7089468-36x32.jpg",36,32,true],"menu-48x48":["https:\/\/www.emro-aziatica.com\/wp-content\/uploads\/2024\/12\/7089468-48x42.jpg",48,42,true],"woocommerce_thumbnail":["https:\/\/www.emro-aziatica.com\/wp-content\/uploads\/2024\/12\/7089468.jpg",200,176,false],"woocommerce_single":["https:\/\/www.emro-aziatica.com\/wp-content\/uploads\/2024\/12\/7089468.jpg",200,176,false],"woocommerce_gallery_thumbnail":["https:\/\/www.emro-aziatica.com\/wp-content\/uploads\/2024\/12\/7089468-100x100.jpg",100,100,true]},"post_excerpt_stackable_v2":"<p>Rinnai, japonais, gaz naturel, CE approuv\u00e9<\/p>\n","category_list_v2":"","author_info_v2":{"name":"","url":""},"comments_num_v2":"0 commentaire","_links":{"self":[{"href":"https:\/\/www.emro-aziatica.com\/fr\/wp-json\/wp\/v2\/product\/17738","targetHints":{"allow":["GET"]}}],"collection":[{"href":"https:\/\/www.emro-aziatica.com\/fr\/wp-json\/wp\/v2\/product"}],"about":[{"href":"https:\/\/www.emro-aziatica.com\/fr\/wp-json\/wp\/v2\/types\/product"}],"wp:featuredmedia":[{"embeddable":true,"href":"https:\/\/www.emro-aziatica.com\/fr\/wp-json\/wp\/v2\/media\/63082"}],"wp:attachment":[{"href":"https:\/\/www.emro-aziatica.com\/fr\/wp-json\/wp\/v2\/media?parent=17738"}],"wp:term":[{"taxonomy":"product_cat","embeddable":true,"href":"https:\/\/www.emro-aziatica.com\/fr\/wp-json\/wp\/v2\/product_cat?post=17738"},{"taxonomy":"product_tag","embeddable":true,"href":"https:\/\/www.emro-aziatica.com\/fr\/wp-json\/wp\/v2\/product_tag?post=17738"}],"curies":[{"name":"wp","href":"https:\/\/api.w.org\/{rel}","templated":true}]}}