{"id":18654,"date":"2024-03-13T16:49:11","date_gmt":"2024-03-13T15:49:11","guid":{"rendered":"https:\/\/www.emro-aziatica.com\/product\/niet-gecategoriseerd\/p0\/"},"modified":"2026-04-22T19:41:08","modified_gmt":"2026-04-22T17:41:08","slug":"p18654","status":"publish","type":"product","link":"https:\/\/www.emro-aziatica.com\/fr\/product\/porcelaine-japonaise\/ensembles-japonaises\/p18654\/","title":{"rendered":"Ensemble \u00e0 sak\u00e9"},"content":{"rendered":"<p>Ensemble \u00e0 sak\u00e9<\/p>\n","protected":false},"excerpt":{"rendered":"<p>Bleu et brun<\/p>\n","protected":false},"featured_media":79249,"template":"","meta":{"_acf_changed":false},"product_cat":[227,165],"product_tag":[],"class_list":{"0":"post-18654","1":"product","2":"type-product","3":"status-publish","4":"has-post-thumbnail","6":"product_cat-ensembles-japonaises","7":"product_cat-porcelaine-japonaise","9":"first","10":"instock","11":"taxable","12":"shipping-taxable","13":"purchasable","14":"product-type-simple"},"acf":{"barcode":"8715226401198","doos":"1","buitendoos":"24","formaat":"500 mL","sets":"0","productgalerij":"40119_1.png,40119.png","herkomst":""},"featured_image_urls":{"full":["https:\/\/www.emro-aziatica.com\/wp-content\/uploads\/2025\/11\/40119_1thumb.jpg",209,220,false],"thumbnail":["https:\/\/www.emro-aziatica.com\/wp-content\/uploads\/2025\/11\/40119_1thumb-150x150.jpg",150,150,true],"medium":["https:\/\/www.emro-aziatica.com\/wp-content\/uploads\/2025\/11\/40119_1thumb.jpg",209,220,false],"medium_large":["https:\/\/www.emro-aziatica.com\/wp-content\/uploads\/2025\/11\/40119_1thumb.jpg",209,220,false],"large":["https:\/\/www.emro-aziatica.com\/wp-content\/uploads\/2025\/11\/40119_1thumb.jpg",209,220,false],"1536x1536":["https:\/\/www.emro-aziatica.com\/wp-content\/uploads\/2025\/11\/40119_1thumb.jpg",209,220,false],"2048x2048":["https:\/\/www.emro-aziatica.com\/wp-content\/uploads\/2025\/11\/40119_1thumb.jpg",209,220,false],"woocommerce_archive_thumbnail":["https:\/\/www.emro-aziatica.com\/wp-content\/uploads\/2025\/11\/40119_1thumb.jpg",209,220,false],"gform-image-choice-sm":["https:\/\/www.emro-aziatica.com\/wp-content\/uploads\/2025\/11\/40119_1thumb.jpg",209,220,false],"gform-image-choice-md":["https:\/\/www.emro-aziatica.com\/wp-content\/uploads\/2025\/11\/40119_1thumb.jpg",209,220,false],"gform-image-choice-lg":["https:\/\/www.emro-aziatica.com\/wp-content\/uploads\/2025\/11\/40119_1thumb.jpg",209,220,false],"menu-24x24":["https:\/\/www.emro-aziatica.com\/wp-content\/uploads\/2025\/11\/40119_1thumb-24x24.jpg",24,24,true],"menu-36x36":["https:\/\/www.emro-aziatica.com\/wp-content\/uploads\/2025\/11\/40119_1thumb-34x36.jpg",34,36,true],"menu-48x48":["https:\/\/www.emro-aziatica.com\/wp-content\/uploads\/2025\/11\/40119_1thumb-46x48.jpg",46,48,true],"woocommerce_thumbnail":["https:\/\/www.emro-aziatica.com\/wp-content\/uploads\/2025\/11\/40119_1thumb.jpg",209,220,false],"woocommerce_single":["https:\/\/www.emro-aziatica.com\/wp-content\/uploads\/2025\/11\/40119_1thumb.jpg",209,220,false],"woocommerce_gallery_thumbnail":["https:\/\/www.emro-aziatica.com\/wp-content\/uploads\/2025\/11\/40119_1thumb-100x100.jpg",100,100,true]},"post_excerpt_stackable":"<p>Bleu et brun<\/p>\n","category_list":"","author_info":{"name":"","url":""},"comments_num":"0 commentaire","featured_image_urls_v2":{"full":["https:\/\/www.emro-aziatica.com\/wp-content\/uploads\/2025\/11\/40119_1thumb.jpg",209,220,false],"thumbnail":["https:\/\/www.emro-aziatica.com\/wp-content\/uploads\/2025\/11\/40119_1thumb-150x150.jpg",150,150,true],"medium":["https:\/\/www.emro-aziatica.com\/wp-content\/uploads\/2025\/11\/40119_1thumb.jpg",209,220,false],"medium_large":["https:\/\/www.emro-aziatica.com\/wp-content\/uploads\/2025\/11\/40119_1thumb.jpg",209,220,false],"large":["https:\/\/www.emro-aziatica.com\/wp-content\/uploads\/2025\/11\/40119_1thumb.jpg",209,220,false],"1536x1536":["https:\/\/www.emro-aziatica.com\/wp-content\/uploads\/2025\/11\/40119_1thumb.jpg",209,220,false],"2048x2048":["https:\/\/www.emro-aziatica.com\/wp-content\/uploads\/2025\/11\/40119_1thumb.jpg",209,220,false],"woocommerce_archive_thumbnail":["https:\/\/www.emro-aziatica.com\/wp-content\/uploads\/2025\/11\/40119_1thumb.jpg",209,220,false],"gform-image-choice-sm":["https:\/\/www.emro-aziatica.com\/wp-content\/uploads\/2025\/11\/40119_1thumb.jpg",209,220,false],"gform-image-choice-md":["https:\/\/www.emro-aziatica.com\/wp-content\/uploads\/2025\/11\/40119_1thumb.jpg",209,220,false],"gform-image-choice-lg":["https:\/\/www.emro-aziatica.com\/wp-content\/uploads\/2025\/11\/40119_1thumb.jpg",209,220,false],"menu-24x24":["https:\/\/www.emro-aziatica.com\/wp-content\/uploads\/2025\/11\/40119_1thumb-24x24.jpg",24,24,true],"menu-36x36":["https:\/\/www.emro-aziatica.com\/wp-content\/uploads\/2025\/11\/40119_1thumb-34x36.jpg",34,36,true],"menu-48x48":["https:\/\/www.emro-aziatica.com\/wp-content\/uploads\/2025\/11\/40119_1thumb-46x48.jpg",46,48,true],"woocommerce_thumbnail":["https:\/\/www.emro-aziatica.com\/wp-content\/uploads\/2025\/11\/40119_1thumb.jpg",209,220,false],"woocommerce_single":["https:\/\/www.emro-aziatica.com\/wp-content\/uploads\/2025\/11\/40119_1thumb.jpg",209,220,false],"woocommerce_gallery_thumbnail":["https:\/\/www.emro-aziatica.com\/wp-content\/uploads\/2025\/11\/40119_1thumb-100x100.jpg",100,100,true]},"post_excerpt_stackable_v2":"<p>Bleu et brun<\/p>\n","category_list_v2":"","author_info_v2":{"name":"","url":""},"comments_num_v2":"0 commentaire","_links":{"self":[{"href":"https:\/\/www.emro-aziatica.com\/fr\/wp-json\/wp\/v2\/product\/18654","targetHints":{"allow":["GET"]}}],"collection":[{"href":"https:\/\/www.emro-aziatica.com\/fr\/wp-json\/wp\/v2\/product"}],"about":[{"href":"https:\/\/www.emro-aziatica.com\/fr\/wp-json\/wp\/v2\/types\/product"}],"wp:featuredmedia":[{"embeddable":true,"href":"https:\/\/www.emro-aziatica.com\/fr\/wp-json\/wp\/v2\/media\/79249"}],"wp:attachment":[{"href":"https:\/\/www.emro-aziatica.com\/fr\/wp-json\/wp\/v2\/media?parent=18654"}],"wp:term":[{"taxonomy":"product_cat","embeddable":true,"href":"https:\/\/www.emro-aziatica.com\/fr\/wp-json\/wp\/v2\/product_cat?post=18654"},{"taxonomy":"product_tag","embeddable":true,"href":"https:\/\/www.emro-aziatica.com\/fr\/wp-json\/wp\/v2\/product_tag?post=18654"}],"curies":[{"name":"wp","href":"https:\/\/api.w.org\/{rel}","templated":true}]}}