{"id":24161,"date":"2024-03-15T11:06:56","date_gmt":"2024-03-15T10:06:56","guid":{"rendered":"https:\/\/www.emro-aziatica.com\/product\/niet-gecategoriseerd\/p0\/"},"modified":"2026-03-12T15:08:44","modified_gmt":"2026-03-12T14:08:44","slug":"p24161","status":"publish","type":"product","link":"https:\/\/www.emro-aziatica.com\/fr\/product\/ustensiles-de-cuisine\/rechauds-a-riz\/p24161\/","title":{"rendered":"R\u00e9chaud \u00e0 riz"},"content":{"rendered":"<p>R\u00e9chaud \u00e0 riz<\/p>\n","protected":false},"excerpt":{"rendered":"<p>Taiwan Tiger TS-8000-W<\/p>\n","protected":false},"featured_media":66751,"template":"","meta":{"_acf_changed":false},"product_cat":[331,169],"product_tag":[],"class_list":{"0":"post-24161","1":"product","2":"type-product","3":"status-publish","4":"has-post-thumbnail","6":"product_cat-rechauds-a-riz","7":"product_cat-ustensiles-de-cuisine","9":"first","10":"outofstock","11":"taxable","12":"shipping-taxable","13":"purchasable","14":"product-type-simple"},"acf":{"barcode":"8715226894563","doos":"1","buitendoos":"1","formaat":"8,0 L | 92W","sets":"0","productgalerij":"89456.png,89456_2.png","herkomst":""},"featured_image_urls":{"full":["https:\/\/www.emro-aziatica.com\/wp-content\/uploads\/2025\/02\/89456.jpg",187,200,false],"thumbnail":["https:\/\/www.emro-aziatica.com\/wp-content\/uploads\/2025\/02\/89456-150x150.jpg",150,150,true],"medium":["https:\/\/www.emro-aziatica.com\/wp-content\/uploads\/2025\/02\/89456.jpg",187,200,false],"medium_large":["https:\/\/www.emro-aziatica.com\/wp-content\/uploads\/2025\/02\/89456.jpg",187,200,false],"large":["https:\/\/www.emro-aziatica.com\/wp-content\/uploads\/2025\/02\/89456.jpg",187,200,false],"1536x1536":["https:\/\/www.emro-aziatica.com\/wp-content\/uploads\/2025\/02\/89456.jpg",187,200,false],"2048x2048":["https:\/\/www.emro-aziatica.com\/wp-content\/uploads\/2025\/02\/89456.jpg",187,200,false],"woocommerce_archive_thumbnail":["https:\/\/www.emro-aziatica.com\/wp-content\/uploads\/2025\/02\/89456.jpg",187,200,false],"gform-image-choice-sm":["https:\/\/www.emro-aziatica.com\/wp-content\/uploads\/2025\/02\/89456.jpg",187,200,false],"gform-image-choice-md":["https:\/\/www.emro-aziatica.com\/wp-content\/uploads\/2025\/02\/89456.jpg",187,200,false],"gform-image-choice-lg":["https:\/\/www.emro-aziatica.com\/wp-content\/uploads\/2025\/02\/89456.jpg",187,200,false],"menu-24x24":["https:\/\/www.emro-aziatica.com\/wp-content\/uploads\/2025\/02\/89456-22x24.jpg",22,24,true],"menu-36x36":["https:\/\/www.emro-aziatica.com\/wp-content\/uploads\/2025\/02\/89456-34x36.jpg",34,36,true],"menu-48x48":["https:\/\/www.emro-aziatica.com\/wp-content\/uploads\/2025\/02\/89456-45x48.jpg",45,48,true],"woocommerce_thumbnail":["https:\/\/www.emro-aziatica.com\/wp-content\/uploads\/2025\/02\/89456.jpg",187,200,false],"woocommerce_single":["https:\/\/www.emro-aziatica.com\/wp-content\/uploads\/2025\/02\/89456.jpg",187,200,false],"woocommerce_gallery_thumbnail":["https:\/\/www.emro-aziatica.com\/wp-content\/uploads\/2025\/02\/89456-100x100.jpg",100,100,true]},"post_excerpt_stackable":"<p>Taiwan Tiger TS-8000-W<\/p>\n","category_list":"","author_info":{"name":"","url":""},"comments_num":"0 commentaire","featured_image_urls_v2":{"full":["https:\/\/www.emro-aziatica.com\/wp-content\/uploads\/2025\/02\/89456.jpg",187,200,false],"thumbnail":["https:\/\/www.emro-aziatica.com\/wp-content\/uploads\/2025\/02\/89456-150x150.jpg",150,150,true],"medium":["https:\/\/www.emro-aziatica.com\/wp-content\/uploads\/2025\/02\/89456.jpg",187,200,false],"medium_large":["https:\/\/www.emro-aziatica.com\/wp-content\/uploads\/2025\/02\/89456.jpg",187,200,false],"large":["https:\/\/www.emro-aziatica.com\/wp-content\/uploads\/2025\/02\/89456.jpg",187,200,false],"1536x1536":["https:\/\/www.emro-aziatica.com\/wp-content\/uploads\/2025\/02\/89456.jpg",187,200,false],"2048x2048":["https:\/\/www.emro-aziatica.com\/wp-content\/uploads\/2025\/02\/89456.jpg",187,200,false],"woocommerce_archive_thumbnail":["https:\/\/www.emro-aziatica.com\/wp-content\/uploads\/2025\/02\/89456.jpg",187,200,false],"gform-image-choice-sm":["https:\/\/www.emro-aziatica.com\/wp-content\/uploads\/2025\/02\/89456.jpg",187,200,false],"gform-image-choice-md":["https:\/\/www.emro-aziatica.com\/wp-content\/uploads\/2025\/02\/89456.jpg",187,200,false],"gform-image-choice-lg":["https:\/\/www.emro-aziatica.com\/wp-content\/uploads\/2025\/02\/89456.jpg",187,200,false],"menu-24x24":["https:\/\/www.emro-aziatica.com\/wp-content\/uploads\/2025\/02\/89456-22x24.jpg",22,24,true],"menu-36x36":["https:\/\/www.emro-aziatica.com\/wp-content\/uploads\/2025\/02\/89456-34x36.jpg",34,36,true],"menu-48x48":["https:\/\/www.emro-aziatica.com\/wp-content\/uploads\/2025\/02\/89456-45x48.jpg",45,48,true],"woocommerce_thumbnail":["https:\/\/www.emro-aziatica.com\/wp-content\/uploads\/2025\/02\/89456.jpg",187,200,false],"woocommerce_single":["https:\/\/www.emro-aziatica.com\/wp-content\/uploads\/2025\/02\/89456.jpg",187,200,false],"woocommerce_gallery_thumbnail":["https:\/\/www.emro-aziatica.com\/wp-content\/uploads\/2025\/02\/89456-100x100.jpg",100,100,true]},"post_excerpt_stackable_v2":"<p>Taiwan Tiger TS-8000-W<\/p>\n","category_list_v2":"","author_info_v2":{"name":"","url":""},"comments_num_v2":"0 commentaire","_links":{"self":[{"href":"https:\/\/www.emro-aziatica.com\/fr\/wp-json\/wp\/v2\/product\/24161","targetHints":{"allow":["GET"]}}],"collection":[{"href":"https:\/\/www.emro-aziatica.com\/fr\/wp-json\/wp\/v2\/product"}],"about":[{"href":"https:\/\/www.emro-aziatica.com\/fr\/wp-json\/wp\/v2\/types\/product"}],"wp:featuredmedia":[{"embeddable":true,"href":"https:\/\/www.emro-aziatica.com\/fr\/wp-json\/wp\/v2\/media\/66751"}],"wp:attachment":[{"href":"https:\/\/www.emro-aziatica.com\/fr\/wp-json\/wp\/v2\/media?parent=24161"}],"wp:term":[{"taxonomy":"product_cat","embeddable":true,"href":"https:\/\/www.emro-aziatica.com\/fr\/wp-json\/wp\/v2\/product_cat?post=24161"},{"taxonomy":"product_tag","embeddable":true,"href":"https:\/\/www.emro-aziatica.com\/fr\/wp-json\/wp\/v2\/product_tag?post=24161"}],"curies":[{"name":"wp","href":"https:\/\/api.w.org\/{rel}","templated":true}]}}