{"id":24319,"date":"2024-03-15T11:01:13","date_gmt":"2024-03-15T10:01:13","guid":{"rendered":"https:\/\/www.emro-aziatica.com\/product\/niet-gecategoriseerd\/p0\/"},"modified":"2026-03-08T22:06:24","modified_gmt":"2026-03-08T21:06:24","slug":"p24319","status":"publish","type":"product","link":"https:\/\/www.emro-aziatica.com\/fr\/product\/the\/accessoires-a-the\/p24319\/","title":{"rendered":"Cuill\u00e8re \u00e0 th\u00e9"},"content":{"rendered":"<p>Cuill\u00e8re \u00e0 th\u00e9<\/p>\n","protected":false},"excerpt":{"rendered":"<p>Acier inoxydable<\/p>\n","protected":false},"featured_media":42998,"template":"","meta":{"_acf_changed":false},"product_cat":[399,186],"product_tag":[],"class_list":{"0":"post-24319","1":"product","2":"type-product","3":"status-publish","4":"has-post-thumbnail","6":"product_cat-accessoires-a-the","7":"product_cat-the","9":"first","10":"instock","11":"taxable","12":"shipping-taxable","13":"purchasable","14":"product-type-simple"},"acf":{"barcode":"8715226893139","doos":"24","buitendoos":"288","formaat":"\u00d83 cm | L12,5 cm","sets":"0","productgalerij":"89313.png,89313_3.png","herkomst":""},"featured_image_urls":{"full":["https:\/\/www.emro-aziatica.com\/wp-content\/uploads\/2024\/10\/89313-1.jpg",200,99,false],"thumbnail":["https:\/\/www.emro-aziatica.com\/wp-content\/uploads\/2024\/10\/89313-1-150x99.jpg",150,99,true],"medium":["https:\/\/www.emro-aziatica.com\/wp-content\/uploads\/2024\/10\/89313-1.jpg",200,99,false],"medium_large":["https:\/\/www.emro-aziatica.com\/wp-content\/uploads\/2024\/10\/89313-1.jpg",200,99,false],"large":["https:\/\/www.emro-aziatica.com\/wp-content\/uploads\/2024\/10\/89313-1.jpg",200,99,false],"1536x1536":["https:\/\/www.emro-aziatica.com\/wp-content\/uploads\/2024\/10\/89313-1.jpg",200,99,false],"2048x2048":["https:\/\/www.emro-aziatica.com\/wp-content\/uploads\/2024\/10\/89313-1.jpg",200,99,false],"woocommerce_archive_thumbnail":["https:\/\/www.emro-aziatica.com\/wp-content\/uploads\/2024\/10\/89313-1.jpg",200,99,false],"gform-image-choice-sm":["https:\/\/www.emro-aziatica.com\/wp-content\/uploads\/2024\/10\/89313-1.jpg",200,99,false],"gform-image-choice-md":["https:\/\/www.emro-aziatica.com\/wp-content\/uploads\/2024\/10\/89313-1.jpg",200,99,false],"gform-image-choice-lg":["https:\/\/www.emro-aziatica.com\/wp-content\/uploads\/2024\/10\/89313-1.jpg",200,99,false],"menu-24x24":["https:\/\/www.emro-aziatica.com\/wp-content\/uploads\/2024\/10\/89313-1-24x12.jpg",24,12,true],"menu-36x36":["https:\/\/www.emro-aziatica.com\/wp-content\/uploads\/2024\/10\/89313-1-36x18.jpg",36,18,true],"menu-48x48":["https:\/\/www.emro-aziatica.com\/wp-content\/uploads\/2024\/10\/89313-1-48x24.jpg",48,24,true],"woocommerce_thumbnail":["https:\/\/www.emro-aziatica.com\/wp-content\/uploads\/2024\/10\/89313-1.jpg",200,99,false],"woocommerce_single":["https:\/\/www.emro-aziatica.com\/wp-content\/uploads\/2024\/10\/89313-1.jpg",200,99,false],"woocommerce_gallery_thumbnail":["https:\/\/www.emro-aziatica.com\/wp-content\/uploads\/2024\/10\/89313-1-150x99.jpg",100,66,true]},"post_excerpt_stackable":"<p>Acier inoxydable<\/p>\n","category_list":"","author_info":{"name":"","url":""},"comments_num":"0 commentaire","featured_image_urls_v2":{"full":["https:\/\/www.emro-aziatica.com\/wp-content\/uploads\/2024\/10\/89313-1.jpg",200,99,false],"thumbnail":["https:\/\/www.emro-aziatica.com\/wp-content\/uploads\/2024\/10\/89313-1-150x99.jpg",150,99,true],"medium":["https:\/\/www.emro-aziatica.com\/wp-content\/uploads\/2024\/10\/89313-1.jpg",200,99,false],"medium_large":["https:\/\/www.emro-aziatica.com\/wp-content\/uploads\/2024\/10\/89313-1.jpg",200,99,false],"large":["https:\/\/www.emro-aziatica.com\/wp-content\/uploads\/2024\/10\/89313-1.jpg",200,99,false],"1536x1536":["https:\/\/www.emro-aziatica.com\/wp-content\/uploads\/2024\/10\/89313-1.jpg",200,99,false],"2048x2048":["https:\/\/www.emro-aziatica.com\/wp-content\/uploads\/2024\/10\/89313-1.jpg",200,99,false],"woocommerce_archive_thumbnail":["https:\/\/www.emro-aziatica.com\/wp-content\/uploads\/2024\/10\/89313-1.jpg",200,99,false],"gform-image-choice-sm":["https:\/\/www.emro-aziatica.com\/wp-content\/uploads\/2024\/10\/89313-1.jpg",200,99,false],"gform-image-choice-md":["https:\/\/www.emro-aziatica.com\/wp-content\/uploads\/2024\/10\/89313-1.jpg",200,99,false],"gform-image-choice-lg":["https:\/\/www.emro-aziatica.com\/wp-content\/uploads\/2024\/10\/89313-1.jpg",200,99,false],"menu-24x24":["https:\/\/www.emro-aziatica.com\/wp-content\/uploads\/2024\/10\/89313-1-24x12.jpg",24,12,true],"menu-36x36":["https:\/\/www.emro-aziatica.com\/wp-content\/uploads\/2024\/10\/89313-1-36x18.jpg",36,18,true],"menu-48x48":["https:\/\/www.emro-aziatica.com\/wp-content\/uploads\/2024\/10\/89313-1-48x24.jpg",48,24,true],"woocommerce_thumbnail":["https:\/\/www.emro-aziatica.com\/wp-content\/uploads\/2024\/10\/89313-1.jpg",200,99,false],"woocommerce_single":["https:\/\/www.emro-aziatica.com\/wp-content\/uploads\/2024\/10\/89313-1.jpg",200,99,false],"woocommerce_gallery_thumbnail":["https:\/\/www.emro-aziatica.com\/wp-content\/uploads\/2024\/10\/89313-1-150x99.jpg",100,66,true]},"post_excerpt_stackable_v2":"<p>Acier inoxydable<\/p>\n","category_list_v2":"","author_info_v2":{"name":"","url":""},"comments_num_v2":"0 commentaire","_links":{"self":[{"href":"https:\/\/www.emro-aziatica.com\/fr\/wp-json\/wp\/v2\/product\/24319","targetHints":{"allow":["GET"]}}],"collection":[{"href":"https:\/\/www.emro-aziatica.com\/fr\/wp-json\/wp\/v2\/product"}],"about":[{"href":"https:\/\/www.emro-aziatica.com\/fr\/wp-json\/wp\/v2\/types\/product"}],"wp:featuredmedia":[{"embeddable":true,"href":"https:\/\/www.emro-aziatica.com\/fr\/wp-json\/wp\/v2\/media\/42998"}],"wp:attachment":[{"href":"https:\/\/www.emro-aziatica.com\/fr\/wp-json\/wp\/v2\/media?parent=24319"}],"wp:term":[{"taxonomy":"product_cat","embeddable":true,"href":"https:\/\/www.emro-aziatica.com\/fr\/wp-json\/wp\/v2\/product_cat?post=24319"},{"taxonomy":"product_tag","embeddable":true,"href":"https:\/\/www.emro-aziatica.com\/fr\/wp-json\/wp\/v2\/product_tag?post=24319"}],"curies":[{"name":"wp","href":"https:\/\/api.w.org\/{rel}","templated":true}]}}