{"id":24355,"date":"2024-03-15T10:59:49","date_gmt":"2024-03-15T09:59:49","guid":{"rendered":"https:\/\/www.emro-aziatica.com\/product\/niet-gecategoriseerd\/p0\/"},"modified":"2026-04-10T09:51:31","modified_gmt":"2026-04-10T07:51:31","slug":"p24355","status":"publish","type":"product","link":"https:\/\/www.emro-aziatica.com\/fr\/product\/the\/accessoires-a-the\/p24355\/","title":{"rendered":"Infuseur \u00e0 th\u00e9"},"content":{"rendered":"<p>Infuseur \u00e0 th\u00e9<\/p>\n","protected":false},"excerpt":{"rendered":"<p>Cuill\u00e8re \u00e0 pince<\/p>\n","protected":false},"featured_media":66037,"template":"","meta":{"_acf_changed":false},"product_cat":[399,186],"product_tag":[],"class_list":{"0":"post-24355","1":"product","2":"type-product","3":"status-publish","4":"has-post-thumbnail","6":"product_cat-accessoires-a-the","7":"product_cat-the","9":"first","10":"instock","11":"taxable","12":"shipping-taxable","13":"purchasable","14":"product-type-simple"},"acf":{"barcode":"8715226892927","doos":"24","buitendoos":"192","formaat":"5\u00d73,5 cm | L16 cm","sets":"0","productgalerij":"89292.png,89292_3.png","herkomst":""},"featured_image_urls":{"full":["https:\/\/www.emro-aziatica.com\/wp-content\/uploads\/2025\/02\/89292.jpg",200,44,false],"thumbnail":["https:\/\/www.emro-aziatica.com\/wp-content\/uploads\/2025\/02\/89292-150x44.jpg",150,44,true],"medium":["https:\/\/www.emro-aziatica.com\/wp-content\/uploads\/2025\/02\/89292.jpg",200,44,false],"medium_large":["https:\/\/www.emro-aziatica.com\/wp-content\/uploads\/2025\/02\/89292.jpg",200,44,false],"large":["https:\/\/www.emro-aziatica.com\/wp-content\/uploads\/2025\/02\/89292.jpg",200,44,false],"1536x1536":["https:\/\/www.emro-aziatica.com\/wp-content\/uploads\/2025\/02\/89292.jpg",200,44,false],"2048x2048":["https:\/\/www.emro-aziatica.com\/wp-content\/uploads\/2025\/02\/89292.jpg",200,44,false],"woocommerce_archive_thumbnail":["https:\/\/www.emro-aziatica.com\/wp-content\/uploads\/2025\/02\/89292.jpg",200,44,false],"gform-image-choice-sm":["https:\/\/www.emro-aziatica.com\/wp-content\/uploads\/2025\/02\/89292.jpg",200,44,false],"gform-image-choice-md":["https:\/\/www.emro-aziatica.com\/wp-content\/uploads\/2025\/02\/89292.jpg",200,44,false],"gform-image-choice-lg":["https:\/\/www.emro-aziatica.com\/wp-content\/uploads\/2025\/02\/89292.jpg",200,44,false],"menu-24x24":["https:\/\/www.emro-aziatica.com\/wp-content\/uploads\/2025\/02\/89292-24x5.jpg",24,5,true],"menu-36x36":["https:\/\/www.emro-aziatica.com\/wp-content\/uploads\/2025\/02\/89292-36x8.jpg",36,8,true],"menu-48x48":["https:\/\/www.emro-aziatica.com\/wp-content\/uploads\/2025\/02\/89292-48x11.jpg",48,11,true],"woocommerce_thumbnail":["https:\/\/www.emro-aziatica.com\/wp-content\/uploads\/2025\/02\/89292.jpg",200,44,false],"woocommerce_single":["https:\/\/www.emro-aziatica.com\/wp-content\/uploads\/2025\/02\/89292.jpg",200,44,false],"woocommerce_gallery_thumbnail":["https:\/\/www.emro-aziatica.com\/wp-content\/uploads\/2025\/02\/89292-100x44.jpg",100,44,true]},"post_excerpt_stackable":"<p>Cuill\u00e8re \u00e0 pince<\/p>\n","category_list":"","author_info":{"name":"","url":""},"comments_num":"0 commentaire","featured_image_urls_v2":{"full":["https:\/\/www.emro-aziatica.com\/wp-content\/uploads\/2025\/02\/89292.jpg",200,44,false],"thumbnail":["https:\/\/www.emro-aziatica.com\/wp-content\/uploads\/2025\/02\/89292-150x44.jpg",150,44,true],"medium":["https:\/\/www.emro-aziatica.com\/wp-content\/uploads\/2025\/02\/89292.jpg",200,44,false],"medium_large":["https:\/\/www.emro-aziatica.com\/wp-content\/uploads\/2025\/02\/89292.jpg",200,44,false],"large":["https:\/\/www.emro-aziatica.com\/wp-content\/uploads\/2025\/02\/89292.jpg",200,44,false],"1536x1536":["https:\/\/www.emro-aziatica.com\/wp-content\/uploads\/2025\/02\/89292.jpg",200,44,false],"2048x2048":["https:\/\/www.emro-aziatica.com\/wp-content\/uploads\/2025\/02\/89292.jpg",200,44,false],"woocommerce_archive_thumbnail":["https:\/\/www.emro-aziatica.com\/wp-content\/uploads\/2025\/02\/89292.jpg",200,44,false],"gform-image-choice-sm":["https:\/\/www.emro-aziatica.com\/wp-content\/uploads\/2025\/02\/89292.jpg",200,44,false],"gform-image-choice-md":["https:\/\/www.emro-aziatica.com\/wp-content\/uploads\/2025\/02\/89292.jpg",200,44,false],"gform-image-choice-lg":["https:\/\/www.emro-aziatica.com\/wp-content\/uploads\/2025\/02\/89292.jpg",200,44,false],"menu-24x24":["https:\/\/www.emro-aziatica.com\/wp-content\/uploads\/2025\/02\/89292-24x5.jpg",24,5,true],"menu-36x36":["https:\/\/www.emro-aziatica.com\/wp-content\/uploads\/2025\/02\/89292-36x8.jpg",36,8,true],"menu-48x48":["https:\/\/www.emro-aziatica.com\/wp-content\/uploads\/2025\/02\/89292-48x11.jpg",48,11,true],"woocommerce_thumbnail":["https:\/\/www.emro-aziatica.com\/wp-content\/uploads\/2025\/02\/89292.jpg",200,44,false],"woocommerce_single":["https:\/\/www.emro-aziatica.com\/wp-content\/uploads\/2025\/02\/89292.jpg",200,44,false],"woocommerce_gallery_thumbnail":["https:\/\/www.emro-aziatica.com\/wp-content\/uploads\/2025\/02\/89292-100x44.jpg",100,44,true]},"post_excerpt_stackable_v2":"<p>Cuill\u00e8re \u00e0 pince<\/p>\n","category_list_v2":"","author_info_v2":{"name":"","url":""},"comments_num_v2":"0 commentaire","_links":{"self":[{"href":"https:\/\/www.emro-aziatica.com\/fr\/wp-json\/wp\/v2\/product\/24355","targetHints":{"allow":["GET"]}}],"collection":[{"href":"https:\/\/www.emro-aziatica.com\/fr\/wp-json\/wp\/v2\/product"}],"about":[{"href":"https:\/\/www.emro-aziatica.com\/fr\/wp-json\/wp\/v2\/types\/product"}],"wp:featuredmedia":[{"embeddable":true,"href":"https:\/\/www.emro-aziatica.com\/fr\/wp-json\/wp\/v2\/media\/66037"}],"wp:attachment":[{"href":"https:\/\/www.emro-aziatica.com\/fr\/wp-json\/wp\/v2\/media?parent=24355"}],"wp:term":[{"taxonomy":"product_cat","embeddable":true,"href":"https:\/\/www.emro-aziatica.com\/fr\/wp-json\/wp\/v2\/product_cat?post=24355"},{"taxonomy":"product_tag","embeddable":true,"href":"https:\/\/www.emro-aziatica.com\/fr\/wp-json\/wp\/v2\/product_tag?post=24355"}],"curies":[{"name":"wp","href":"https:\/\/api.w.org\/{rel}","templated":true}]}}