{"id":24715,"date":"2024-03-15T10:49:03","date_gmt":"2024-03-15T09:49:03","guid":{"rendered":"https:\/\/www.emro-aziatica.com\/product\/niet-gecategoriseerd\/p0\/"},"modified":"2026-05-09T16:23:49","modified_gmt":"2026-05-09T14:23:49","slug":"p24715","status":"publish","type":"product","link":"https:\/\/www.emro-aziatica.com\/fr\/product\/porcelaine-japonaise\/bols-a-udon\/p24715\/","title":{"rendered":"Ensemble \u00e0 bols \u00e0 udon"},"content":{"rendered":"<p>Ensemble \u00e0 bols \u00e0 udon<\/p>\n","protected":false},"excerpt":{"rendered":"<p>Vague japonaise<\/p>\n","protected":false},"featured_media":87495,"template":"","meta":{"_acf_changed":false},"product_cat":[263,165],"product_tag":[],"class_list":{"0":"post-24715","1":"product","2":"type-product","3":"status-publish","4":"has-post-thumbnail","6":"product_cat-bols-a-udon","7":"product_cat-porcelaine-japonaise","9":"first","10":"instock","11":"taxable","12":"shipping-taxable","13":"purchasable","14":"product-type-simple"},"acf":{"barcode":"8715226530027","doos":"1","buitendoos":"6","formaat":"\u00d817 cm | H8,7 cm","sets":"2 pers","productgalerij":"53002.png","herkomst":""},"featured_image_urls":{"full":["https:\/\/www.emro-aziatica.com\/wp-content\/uploads\/2024\/03\/53002.jpg",220,194,false],"thumbnail":["https:\/\/www.emro-aziatica.com\/wp-content\/uploads\/2024\/03\/53002-150x150.jpg",150,150,true],"medium":["https:\/\/www.emro-aziatica.com\/wp-content\/uploads\/2024\/03\/53002.jpg",220,194,false],"medium_large":["https:\/\/www.emro-aziatica.com\/wp-content\/uploads\/2024\/03\/53002.jpg",220,194,false],"large":["https:\/\/www.emro-aziatica.com\/wp-content\/uploads\/2024\/03\/53002.jpg",220,194,false],"1536x1536":["https:\/\/www.emro-aziatica.com\/wp-content\/uploads\/2024\/03\/53002.jpg",220,194,false],"2048x2048":["https:\/\/www.emro-aziatica.com\/wp-content\/uploads\/2024\/03\/53002.jpg",220,194,false],"woocommerce_archive_thumbnail":["https:\/\/www.emro-aziatica.com\/wp-content\/uploads\/2024\/03\/53002.jpg",220,194,false],"gform-image-choice-sm":["https:\/\/www.emro-aziatica.com\/wp-content\/uploads\/2024\/03\/53002.jpg",220,194,false],"gform-image-choice-md":["https:\/\/www.emro-aziatica.com\/wp-content\/uploads\/2024\/03\/53002.jpg",220,194,false],"gform-image-choice-lg":["https:\/\/www.emro-aziatica.com\/wp-content\/uploads\/2024\/03\/53002.jpg",220,194,false],"menu-24x24":["https:\/\/www.emro-aziatica.com\/wp-content\/uploads\/2024\/03\/53002-24x21.jpg",24,21,true],"menu-36x36":["https:\/\/www.emro-aziatica.com\/wp-content\/uploads\/2024\/03\/53002-36x32.jpg",36,32,true],"menu-48x48":["https:\/\/www.emro-aziatica.com\/wp-content\/uploads\/2024\/03\/53002-48x42.jpg",48,42,true],"woocommerce_thumbnail":["https:\/\/www.emro-aziatica.com\/wp-content\/uploads\/2024\/03\/53002.jpg",220,194,false],"woocommerce_single":["https:\/\/www.emro-aziatica.com\/wp-content\/uploads\/2024\/03\/53002.jpg",220,194,false],"woocommerce_gallery_thumbnail":["https:\/\/www.emro-aziatica.com\/wp-content\/uploads\/2024\/03\/53002-100x100.jpg",100,100,true]},"post_excerpt_stackable":"<p>Vague japonaise<\/p>\n","category_list":"","author_info":{"name":"","url":""},"comments_num":"0 commentaire","featured_image_urls_v2":{"full":["https:\/\/www.emro-aziatica.com\/wp-content\/uploads\/2024\/03\/53002.jpg",220,194,false],"thumbnail":["https:\/\/www.emro-aziatica.com\/wp-content\/uploads\/2024\/03\/53002-150x150.jpg",150,150,true],"medium":["https:\/\/www.emro-aziatica.com\/wp-content\/uploads\/2024\/03\/53002.jpg",220,194,false],"medium_large":["https:\/\/www.emro-aziatica.com\/wp-content\/uploads\/2024\/03\/53002.jpg",220,194,false],"large":["https:\/\/www.emro-aziatica.com\/wp-content\/uploads\/2024\/03\/53002.jpg",220,194,false],"1536x1536":["https:\/\/www.emro-aziatica.com\/wp-content\/uploads\/2024\/03\/53002.jpg",220,194,false],"2048x2048":["https:\/\/www.emro-aziatica.com\/wp-content\/uploads\/2024\/03\/53002.jpg",220,194,false],"woocommerce_archive_thumbnail":["https:\/\/www.emro-aziatica.com\/wp-content\/uploads\/2024\/03\/53002.jpg",220,194,false],"gform-image-choice-sm":["https:\/\/www.emro-aziatica.com\/wp-content\/uploads\/2024\/03\/53002.jpg",220,194,false],"gform-image-choice-md":["https:\/\/www.emro-aziatica.com\/wp-content\/uploads\/2024\/03\/53002.jpg",220,194,false],"gform-image-choice-lg":["https:\/\/www.emro-aziatica.com\/wp-content\/uploads\/2024\/03\/53002.jpg",220,194,false],"menu-24x24":["https:\/\/www.emro-aziatica.com\/wp-content\/uploads\/2024\/03\/53002-24x21.jpg",24,21,true],"menu-36x36":["https:\/\/www.emro-aziatica.com\/wp-content\/uploads\/2024\/03\/53002-36x32.jpg",36,32,true],"menu-48x48":["https:\/\/www.emro-aziatica.com\/wp-content\/uploads\/2024\/03\/53002-48x42.jpg",48,42,true],"woocommerce_thumbnail":["https:\/\/www.emro-aziatica.com\/wp-content\/uploads\/2024\/03\/53002.jpg",220,194,false],"woocommerce_single":["https:\/\/www.emro-aziatica.com\/wp-content\/uploads\/2024\/03\/53002.jpg",220,194,false],"woocommerce_gallery_thumbnail":["https:\/\/www.emro-aziatica.com\/wp-content\/uploads\/2024\/03\/53002-100x100.jpg",100,100,true]},"post_excerpt_stackable_v2":"<p>Vague japonaise<\/p>\n","category_list_v2":"","author_info_v2":{"name":"","url":""},"comments_num_v2":"0 commentaire","_links":{"self":[{"href":"https:\/\/www.emro-aziatica.com\/fr\/wp-json\/wp\/v2\/product\/24715","targetHints":{"allow":["GET"]}}],"collection":[{"href":"https:\/\/www.emro-aziatica.com\/fr\/wp-json\/wp\/v2\/product"}],"about":[{"href":"https:\/\/www.emro-aziatica.com\/fr\/wp-json\/wp\/v2\/types\/product"}],"wp:featuredmedia":[{"embeddable":true,"href":"https:\/\/www.emro-aziatica.com\/fr\/wp-json\/wp\/v2\/media\/87495"}],"wp:attachment":[{"href":"https:\/\/www.emro-aziatica.com\/fr\/wp-json\/wp\/v2\/media?parent=24715"}],"wp:term":[{"taxonomy":"product_cat","embeddable":true,"href":"https:\/\/www.emro-aziatica.com\/fr\/wp-json\/wp\/v2\/product_cat?post=24715"},{"taxonomy":"product_tag","embeddable":true,"href":"https:\/\/www.emro-aziatica.com\/fr\/wp-json\/wp\/v2\/product_tag?post=24715"}],"curies":[{"name":"wp","href":"https:\/\/api.w.org\/{rel}","templated":true}]}}