{"id":24742,"date":"2024-03-15T10:48:26","date_gmt":"2024-03-15T09:48:26","guid":{"rendered":"https:\/\/www.emro-aziatica.com\/product\/niet-gecategoriseerd\/p0\/"},"modified":"2026-04-29T17:18:48","modified_gmt":"2026-04-29T15:18:48","slug":"p24742","status":"publish","type":"product","link":"https:\/\/www.emro-aziatica.com\/fr\/product\/porcelaine-japonaise\/dragon-fr\/p24742\/","title":{"rendered":"Ensemble \u00e0 bols \u00e0 ramen"},"content":{"rendered":"<p>Ensemble \u00e0 bols \u00e0 ramen<\/p>\n","protected":false},"excerpt":{"rendered":"<p>Dragon<\/p>\n","protected":false},"featured_media":87430,"template":"","meta":{"_acf_changed":false},"product_cat":[287,165],"product_tag":[],"class_list":{"0":"post-24742","1":"product","2":"type-product","3":"status-publish","4":"has-post-thumbnail","6":"product_cat-dragon-fr","7":"product_cat-porcelaine-japonaise","9":"first","10":"instock","11":"taxable","12":"shipping-taxable","13":"purchasable","14":"product-type-simple"},"acf":{"barcode":"8715226510999","doos":"1","buitendoos":"6","formaat":"\u00d820,5 cm | H8 cm","sets":"2 pers","productgalerij":"51099.png","herkomst":""},"featured_image_urls":{"full":["https:\/\/www.emro-aziatica.com\/wp-content\/uploads\/2024\/03\/51099.jpg",200,167,false],"thumbnail":["https:\/\/www.emro-aziatica.com\/wp-content\/uploads\/2024\/03\/51099-150x150.jpg",150,150,true],"medium":["https:\/\/www.emro-aziatica.com\/wp-content\/uploads\/2024\/03\/51099.jpg",200,167,false],"medium_large":["https:\/\/www.emro-aziatica.com\/wp-content\/uploads\/2024\/03\/51099.jpg",200,167,false],"large":["https:\/\/www.emro-aziatica.com\/wp-content\/uploads\/2024\/03\/51099.jpg",200,167,false],"1536x1536":["https:\/\/www.emro-aziatica.com\/wp-content\/uploads\/2024\/03\/51099.jpg",200,167,false],"2048x2048":["https:\/\/www.emro-aziatica.com\/wp-content\/uploads\/2024\/03\/51099.jpg",200,167,false],"woocommerce_archive_thumbnail":["https:\/\/www.emro-aziatica.com\/wp-content\/uploads\/2024\/03\/51099.jpg",200,167,false],"gform-image-choice-sm":["https:\/\/www.emro-aziatica.com\/wp-content\/uploads\/2024\/03\/51099.jpg",200,167,false],"gform-image-choice-md":["https:\/\/www.emro-aziatica.com\/wp-content\/uploads\/2024\/03\/51099.jpg",200,167,false],"gform-image-choice-lg":["https:\/\/www.emro-aziatica.com\/wp-content\/uploads\/2024\/03\/51099.jpg",200,167,false],"menu-24x24":["https:\/\/www.emro-aziatica.com\/wp-content\/uploads\/2024\/03\/51099-24x20.jpg",24,20,true],"menu-36x36":["https:\/\/www.emro-aziatica.com\/wp-content\/uploads\/2024\/03\/51099-36x30.jpg",36,30,true],"menu-48x48":["https:\/\/www.emro-aziatica.com\/wp-content\/uploads\/2024\/03\/51099-48x40.jpg",48,40,true],"woocommerce_thumbnail":["https:\/\/www.emro-aziatica.com\/wp-content\/uploads\/2024\/03\/51099.jpg",200,167,false],"woocommerce_single":["https:\/\/www.emro-aziatica.com\/wp-content\/uploads\/2024\/03\/51099.jpg",200,167,false],"woocommerce_gallery_thumbnail":["https:\/\/www.emro-aziatica.com\/wp-content\/uploads\/2024\/03\/51099-100x100.jpg",100,100,true]},"post_excerpt_stackable":"<p>Dragon<\/p>\n","category_list":"","author_info":{"name":"","url":""},"comments_num":"0 commentaire","featured_image_urls_v2":{"full":["https:\/\/www.emro-aziatica.com\/wp-content\/uploads\/2024\/03\/51099.jpg",200,167,false],"thumbnail":["https:\/\/www.emro-aziatica.com\/wp-content\/uploads\/2024\/03\/51099-150x150.jpg",150,150,true],"medium":["https:\/\/www.emro-aziatica.com\/wp-content\/uploads\/2024\/03\/51099.jpg",200,167,false],"medium_large":["https:\/\/www.emro-aziatica.com\/wp-content\/uploads\/2024\/03\/51099.jpg",200,167,false],"large":["https:\/\/www.emro-aziatica.com\/wp-content\/uploads\/2024\/03\/51099.jpg",200,167,false],"1536x1536":["https:\/\/www.emro-aziatica.com\/wp-content\/uploads\/2024\/03\/51099.jpg",200,167,false],"2048x2048":["https:\/\/www.emro-aziatica.com\/wp-content\/uploads\/2024\/03\/51099.jpg",200,167,false],"woocommerce_archive_thumbnail":["https:\/\/www.emro-aziatica.com\/wp-content\/uploads\/2024\/03\/51099.jpg",200,167,false],"gform-image-choice-sm":["https:\/\/www.emro-aziatica.com\/wp-content\/uploads\/2024\/03\/51099.jpg",200,167,false],"gform-image-choice-md":["https:\/\/www.emro-aziatica.com\/wp-content\/uploads\/2024\/03\/51099.jpg",200,167,false],"gform-image-choice-lg":["https:\/\/www.emro-aziatica.com\/wp-content\/uploads\/2024\/03\/51099.jpg",200,167,false],"menu-24x24":["https:\/\/www.emro-aziatica.com\/wp-content\/uploads\/2024\/03\/51099-24x20.jpg",24,20,true],"menu-36x36":["https:\/\/www.emro-aziatica.com\/wp-content\/uploads\/2024\/03\/51099-36x30.jpg",36,30,true],"menu-48x48":["https:\/\/www.emro-aziatica.com\/wp-content\/uploads\/2024\/03\/51099-48x40.jpg",48,40,true],"woocommerce_thumbnail":["https:\/\/www.emro-aziatica.com\/wp-content\/uploads\/2024\/03\/51099.jpg",200,167,false],"woocommerce_single":["https:\/\/www.emro-aziatica.com\/wp-content\/uploads\/2024\/03\/51099.jpg",200,167,false],"woocommerce_gallery_thumbnail":["https:\/\/www.emro-aziatica.com\/wp-content\/uploads\/2024\/03\/51099-100x100.jpg",100,100,true]},"post_excerpt_stackable_v2":"<p>Dragon<\/p>\n","category_list_v2":"","author_info_v2":{"name":"","url":""},"comments_num_v2":"0 commentaire","_links":{"self":[{"href":"https:\/\/www.emro-aziatica.com\/fr\/wp-json\/wp\/v2\/product\/24742","targetHints":{"allow":["GET"]}}],"collection":[{"href":"https:\/\/www.emro-aziatica.com\/fr\/wp-json\/wp\/v2\/product"}],"about":[{"href":"https:\/\/www.emro-aziatica.com\/fr\/wp-json\/wp\/v2\/types\/product"}],"wp:featuredmedia":[{"embeddable":true,"href":"https:\/\/www.emro-aziatica.com\/fr\/wp-json\/wp\/v2\/media\/87430"}],"wp:attachment":[{"href":"https:\/\/www.emro-aziatica.com\/fr\/wp-json\/wp\/v2\/media?parent=24742"}],"wp:term":[{"taxonomy":"product_cat","embeddable":true,"href":"https:\/\/www.emro-aziatica.com\/fr\/wp-json\/wp\/v2\/product_cat?post=24742"},{"taxonomy":"product_tag","embeddable":true,"href":"https:\/\/www.emro-aziatica.com\/fr\/wp-json\/wp\/v2\/product_tag?post=24742"}],"curies":[{"name":"wp","href":"https:\/\/api.w.org\/{rel}","templated":true}]}}