{"id":25804,"date":"2024-03-15T10:07:10","date_gmt":"2024-03-15T09:07:10","guid":{"rendered":"https:\/\/www.emro-aziatica.com\/product\/niet-gecategoriseerd\/p0\/"},"modified":"2026-03-25T16:40:32","modified_gmt":"2026-03-25T15:40:32","slug":"p25804","status":"publish","type":"product","link":"https:\/\/www.emro-aziatica.com\/fr\/product\/the\/ensembles-a-the\/p25804\/","title":{"rendered":"Ensemble \u00e0 th\u00e9"},"content":{"rendered":"<p>Ensemble \u00e0 th\u00e9<\/p>\n","protected":false},"excerpt":{"rendered":"<p>Motif de fleurs noir<\/p>\n","protected":false},"featured_media":68375,"template":"","meta":{"_acf_changed":false},"product_cat":[411,186],"product_tag":[],"class_list":{"0":"post-25804","1":"product","2":"type-product","3":"status-publish","4":"has-post-thumbnail","6":"product_cat-ensembles-a-the","7":"product_cat-the","9":"first","10":"instock","11":"taxable","12":"shipping-taxable","13":"purchasable","14":"product-type-simple"},"acf":{"barcode":"8715226407978","doos":"1","buitendoos":"24","formaat":"600 ml","sets":"0","productgalerij":"40797.png","herkomst":""},"featured_image_urls":{"full":["https:\/\/www.emro-aziatica.com\/wp-content\/uploads\/2025\/03\/40797thumb.jpg",220,95,false],"thumbnail":["https:\/\/www.emro-aziatica.com\/wp-content\/uploads\/2025\/03\/40797thumb-150x95.jpg",150,95,true],"medium":["https:\/\/www.emro-aziatica.com\/wp-content\/uploads\/2025\/03\/40797thumb.jpg",220,95,false],"medium_large":["https:\/\/www.emro-aziatica.com\/wp-content\/uploads\/2025\/03\/40797thumb.jpg",220,95,false],"large":["https:\/\/www.emro-aziatica.com\/wp-content\/uploads\/2025\/03\/40797thumb.jpg",220,95,false],"1536x1536":["https:\/\/www.emro-aziatica.com\/wp-content\/uploads\/2025\/03\/40797thumb.jpg",220,95,false],"2048x2048":["https:\/\/www.emro-aziatica.com\/wp-content\/uploads\/2025\/03\/40797thumb.jpg",220,95,false],"woocommerce_archive_thumbnail":["https:\/\/www.emro-aziatica.com\/wp-content\/uploads\/2025\/03\/40797thumb.jpg",220,95,false],"gform-image-choice-sm":["https:\/\/www.emro-aziatica.com\/wp-content\/uploads\/2025\/03\/40797thumb.jpg",220,95,false],"gform-image-choice-md":["https:\/\/www.emro-aziatica.com\/wp-content\/uploads\/2025\/03\/40797thumb.jpg",220,95,false],"gform-image-choice-lg":["https:\/\/www.emro-aziatica.com\/wp-content\/uploads\/2025\/03\/40797thumb.jpg",220,95,false],"menu-24x24":["https:\/\/www.emro-aziatica.com\/wp-content\/uploads\/2025\/03\/40797thumb-24x10.jpg",24,10,true],"menu-36x36":["https:\/\/www.emro-aziatica.com\/wp-content\/uploads\/2025\/03\/40797thumb-36x16.jpg",36,16,true],"menu-48x48":["https:\/\/www.emro-aziatica.com\/wp-content\/uploads\/2025\/03\/40797thumb-48x21.jpg",48,21,true],"woocommerce_thumbnail":["https:\/\/www.emro-aziatica.com\/wp-content\/uploads\/2025\/03\/40797thumb.jpg",220,95,false],"woocommerce_single":["https:\/\/www.emro-aziatica.com\/wp-content\/uploads\/2025\/03\/40797thumb.jpg",220,95,false],"woocommerce_gallery_thumbnail":["https:\/\/www.emro-aziatica.com\/wp-content\/uploads\/2025\/03\/40797thumb-100x95.jpg",100,95,true]},"post_excerpt_stackable":"<p>Motif de fleurs noir<\/p>\n","category_list":"","author_info":{"name":"","url":""},"comments_num":"0 commentaire","featured_image_urls_v2":{"full":["https:\/\/www.emro-aziatica.com\/wp-content\/uploads\/2025\/03\/40797thumb.jpg",220,95,false],"thumbnail":["https:\/\/www.emro-aziatica.com\/wp-content\/uploads\/2025\/03\/40797thumb-150x95.jpg",150,95,true],"medium":["https:\/\/www.emro-aziatica.com\/wp-content\/uploads\/2025\/03\/40797thumb.jpg",220,95,false],"medium_large":["https:\/\/www.emro-aziatica.com\/wp-content\/uploads\/2025\/03\/40797thumb.jpg",220,95,false],"large":["https:\/\/www.emro-aziatica.com\/wp-content\/uploads\/2025\/03\/40797thumb.jpg",220,95,false],"1536x1536":["https:\/\/www.emro-aziatica.com\/wp-content\/uploads\/2025\/03\/40797thumb.jpg",220,95,false],"2048x2048":["https:\/\/www.emro-aziatica.com\/wp-content\/uploads\/2025\/03\/40797thumb.jpg",220,95,false],"woocommerce_archive_thumbnail":["https:\/\/www.emro-aziatica.com\/wp-content\/uploads\/2025\/03\/40797thumb.jpg",220,95,false],"gform-image-choice-sm":["https:\/\/www.emro-aziatica.com\/wp-content\/uploads\/2025\/03\/40797thumb.jpg",220,95,false],"gform-image-choice-md":["https:\/\/www.emro-aziatica.com\/wp-content\/uploads\/2025\/03\/40797thumb.jpg",220,95,false],"gform-image-choice-lg":["https:\/\/www.emro-aziatica.com\/wp-content\/uploads\/2025\/03\/40797thumb.jpg",220,95,false],"menu-24x24":["https:\/\/www.emro-aziatica.com\/wp-content\/uploads\/2025\/03\/40797thumb-24x10.jpg",24,10,true],"menu-36x36":["https:\/\/www.emro-aziatica.com\/wp-content\/uploads\/2025\/03\/40797thumb-36x16.jpg",36,16,true],"menu-48x48":["https:\/\/www.emro-aziatica.com\/wp-content\/uploads\/2025\/03\/40797thumb-48x21.jpg",48,21,true],"woocommerce_thumbnail":["https:\/\/www.emro-aziatica.com\/wp-content\/uploads\/2025\/03\/40797thumb.jpg",220,95,false],"woocommerce_single":["https:\/\/www.emro-aziatica.com\/wp-content\/uploads\/2025\/03\/40797thumb.jpg",220,95,false],"woocommerce_gallery_thumbnail":["https:\/\/www.emro-aziatica.com\/wp-content\/uploads\/2025\/03\/40797thumb-100x95.jpg",100,95,true]},"post_excerpt_stackable_v2":"<p>Motif de fleurs noir<\/p>\n","category_list_v2":"","author_info_v2":{"name":"","url":""},"comments_num_v2":"0 commentaire","_links":{"self":[{"href":"https:\/\/www.emro-aziatica.com\/fr\/wp-json\/wp\/v2\/product\/25804","targetHints":{"allow":["GET"]}}],"collection":[{"href":"https:\/\/www.emro-aziatica.com\/fr\/wp-json\/wp\/v2\/product"}],"about":[{"href":"https:\/\/www.emro-aziatica.com\/fr\/wp-json\/wp\/v2\/types\/product"}],"wp:featuredmedia":[{"embeddable":true,"href":"https:\/\/www.emro-aziatica.com\/fr\/wp-json\/wp\/v2\/media\/68375"}],"wp:attachment":[{"href":"https:\/\/www.emro-aziatica.com\/fr\/wp-json\/wp\/v2\/media?parent=25804"}],"wp:term":[{"taxonomy":"product_cat","embeddable":true,"href":"https:\/\/www.emro-aziatica.com\/fr\/wp-json\/wp\/v2\/product_cat?post=25804"},{"taxonomy":"product_tag","embeddable":true,"href":"https:\/\/www.emro-aziatica.com\/fr\/wp-json\/wp\/v2\/product_tag?post=25804"}],"curies":[{"name":"wp","href":"https:\/\/api.w.org\/{rel}","templated":true}]}}