{"id":25885,"date":"2024-03-15T10:04:17","date_gmt":"2024-03-15T09:04:17","guid":{"rendered":"https:\/\/www.emro-aziatica.com\/product\/niet-gecategoriseerd\/p0\/"},"modified":"2026-05-05T18:17:54","modified_gmt":"2026-05-05T16:17:54","slug":"p25885","status":"publish","type":"product","link":"https:\/\/www.emro-aziatica.com\/fr\/product\/porcelaine-japonaise\/ensembles-japonaises\/p25885\/","title":{"rendered":"Ensemble \u00e0 sak\u00e9"},"content":{"rendered":"<p>Ensemble \u00e0 sak\u00e9<\/p>\n","protected":false},"excerpt":{"rendered":"<p>Ensemble \u00e0 sak\u00e9<\/p>\n","protected":false},"featured_media":76460,"template":"","meta":{"_acf_changed":false},"product_cat":[227,165],"product_tag":[],"class_list":{"0":"post-25885","1":"product","2":"type-product","3":"status-publish","4":"has-post-thumbnail","6":"product_cat-ensembles-japonaises","7":"product_cat-porcelaine-japonaise","9":"first","10":"instock","11":"taxable","12":"shipping-taxable","13":"purchasable","14":"product-type-simple"},"acf":{"barcode":"8715226401150","doos":"1","buitendoos":"24","formaat":"300 ml","sets":"5 pcs","productgalerij":"40115.png,40115_1.png","herkomst":""},"featured_image_urls":{"full":["https:\/\/www.emro-aziatica.com\/wp-content\/uploads\/2025\/10\/40115.jpg",200,126,false],"thumbnail":["https:\/\/www.emro-aziatica.com\/wp-content\/uploads\/2025\/10\/40115-150x126.jpg",150,126,true],"medium":["https:\/\/www.emro-aziatica.com\/wp-content\/uploads\/2025\/10\/40115.jpg",200,126,false],"medium_large":["https:\/\/www.emro-aziatica.com\/wp-content\/uploads\/2025\/10\/40115.jpg",200,126,false],"large":["https:\/\/www.emro-aziatica.com\/wp-content\/uploads\/2025\/10\/40115.jpg",200,126,false],"1536x1536":["https:\/\/www.emro-aziatica.com\/wp-content\/uploads\/2025\/10\/40115.jpg",200,126,false],"2048x2048":["https:\/\/www.emro-aziatica.com\/wp-content\/uploads\/2025\/10\/40115.jpg",200,126,false],"woocommerce_archive_thumbnail":["https:\/\/www.emro-aziatica.com\/wp-content\/uploads\/2025\/10\/40115.jpg",200,126,false],"gform-image-choice-sm":["https:\/\/www.emro-aziatica.com\/wp-content\/uploads\/2025\/10\/40115.jpg",200,126,false],"gform-image-choice-md":["https:\/\/www.emro-aziatica.com\/wp-content\/uploads\/2025\/10\/40115.jpg",200,126,false],"gform-image-choice-lg":["https:\/\/www.emro-aziatica.com\/wp-content\/uploads\/2025\/10\/40115.jpg",200,126,false],"menu-24x24":["https:\/\/www.emro-aziatica.com\/wp-content\/uploads\/2025\/10\/40115-24x15.jpg",24,15,true],"menu-36x36":["https:\/\/www.emro-aziatica.com\/wp-content\/uploads\/2025\/10\/40115-36x23.jpg",36,23,true],"menu-48x48":["https:\/\/www.emro-aziatica.com\/wp-content\/uploads\/2025\/10\/40115-48x30.jpg",48,30,true],"woocommerce_thumbnail":["https:\/\/www.emro-aziatica.com\/wp-content\/uploads\/2025\/10\/40115.jpg",200,126,false],"woocommerce_single":["https:\/\/www.emro-aziatica.com\/wp-content\/uploads\/2025\/10\/40115.jpg",200,126,false],"woocommerce_gallery_thumbnail":["https:\/\/www.emro-aziatica.com\/wp-content\/uploads\/2025\/10\/40115-100x100.jpg",100,100,true]},"post_excerpt_stackable":"<p>Ensemble \u00e0 sak\u00e9<\/p>\n","category_list":"","author_info":{"name":"","url":""},"comments_num":"0 commentaire","featured_image_urls_v2":{"full":["https:\/\/www.emro-aziatica.com\/wp-content\/uploads\/2025\/10\/40115.jpg",200,126,false],"thumbnail":["https:\/\/www.emro-aziatica.com\/wp-content\/uploads\/2025\/10\/40115-150x126.jpg",150,126,true],"medium":["https:\/\/www.emro-aziatica.com\/wp-content\/uploads\/2025\/10\/40115.jpg",200,126,false],"medium_large":["https:\/\/www.emro-aziatica.com\/wp-content\/uploads\/2025\/10\/40115.jpg",200,126,false],"large":["https:\/\/www.emro-aziatica.com\/wp-content\/uploads\/2025\/10\/40115.jpg",200,126,false],"1536x1536":["https:\/\/www.emro-aziatica.com\/wp-content\/uploads\/2025\/10\/40115.jpg",200,126,false],"2048x2048":["https:\/\/www.emro-aziatica.com\/wp-content\/uploads\/2025\/10\/40115.jpg",200,126,false],"woocommerce_archive_thumbnail":["https:\/\/www.emro-aziatica.com\/wp-content\/uploads\/2025\/10\/40115.jpg",200,126,false],"gform-image-choice-sm":["https:\/\/www.emro-aziatica.com\/wp-content\/uploads\/2025\/10\/40115.jpg",200,126,false],"gform-image-choice-md":["https:\/\/www.emro-aziatica.com\/wp-content\/uploads\/2025\/10\/40115.jpg",200,126,false],"gform-image-choice-lg":["https:\/\/www.emro-aziatica.com\/wp-content\/uploads\/2025\/10\/40115.jpg",200,126,false],"menu-24x24":["https:\/\/www.emro-aziatica.com\/wp-content\/uploads\/2025\/10\/40115-24x15.jpg",24,15,true],"menu-36x36":["https:\/\/www.emro-aziatica.com\/wp-content\/uploads\/2025\/10\/40115-36x23.jpg",36,23,true],"menu-48x48":["https:\/\/www.emro-aziatica.com\/wp-content\/uploads\/2025\/10\/40115-48x30.jpg",48,30,true],"woocommerce_thumbnail":["https:\/\/www.emro-aziatica.com\/wp-content\/uploads\/2025\/10\/40115.jpg",200,126,false],"woocommerce_single":["https:\/\/www.emro-aziatica.com\/wp-content\/uploads\/2025\/10\/40115.jpg",200,126,false],"woocommerce_gallery_thumbnail":["https:\/\/www.emro-aziatica.com\/wp-content\/uploads\/2025\/10\/40115-100x100.jpg",100,100,true]},"post_excerpt_stackable_v2":"<p>Ensemble \u00e0 sak\u00e9<\/p>\n","category_list_v2":"","author_info_v2":{"name":"","url":""},"comments_num_v2":"0 commentaire","_links":{"self":[{"href":"https:\/\/www.emro-aziatica.com\/fr\/wp-json\/wp\/v2\/product\/25885","targetHints":{"allow":["GET"]}}],"collection":[{"href":"https:\/\/www.emro-aziatica.com\/fr\/wp-json\/wp\/v2\/product"}],"about":[{"href":"https:\/\/www.emro-aziatica.com\/fr\/wp-json\/wp\/v2\/types\/product"}],"wp:featuredmedia":[{"embeddable":true,"href":"https:\/\/www.emro-aziatica.com\/fr\/wp-json\/wp\/v2\/media\/76460"}],"wp:attachment":[{"href":"https:\/\/www.emro-aziatica.com\/fr\/wp-json\/wp\/v2\/media?parent=25885"}],"wp:term":[{"taxonomy":"product_cat","embeddable":true,"href":"https:\/\/www.emro-aziatica.com\/fr\/wp-json\/wp\/v2\/product_cat?post=25885"},{"taxonomy":"product_tag","embeddable":true,"href":"https:\/\/www.emro-aziatica.com\/fr\/wp-json\/wp\/v2\/product_tag?post=25885"}],"curies":[{"name":"wp","href":"https:\/\/api.w.org\/{rel}","templated":true}]}}