{"id":28683,"date":"2024-04-19T14:51:18","date_gmt":"2024-04-19T12:51:18","guid":{"rendered":"https:\/\/www.emro-aziatica.com\/product\/niet-gecategoriseerd\/p0\/"},"modified":"2026-04-23T16:22:55","modified_gmt":"2026-04-23T14:22:55","slug":"p28683","status":"publish","type":"product","link":"https:\/\/www.emro-aziatica.com\/fr\/product\/the\/accessoires-a-the\/p28683\/","title":{"rendered":"Filtres \u00e0 th\u00e9"},"content":{"rendered":"<p>Filtres \u00e0 th\u00e9<\/p>\n","protected":false},"excerpt":{"rendered":"<p>Polypropyl\u00e8ne<\/p>\n","protected":false},"featured_media":87174,"template":"","meta":{"_acf_changed":false},"product_cat":[399,186],"product_tag":[],"class_list":{"0":"post-28683","1":"product","2":"type-product","3":"status-publish","4":"has-post-thumbnail","6":"product_cat-accessoires-a-the","7":"product_cat-the","9":"first","10":"instock","11":"taxable","12":"shipping-taxable","13":"purchasable","14":"product-type-simple"},"acf":{"barcode":"82365608","doos":"12","buitendoos":"240","formaat":"7x9,5 cm","sets":"64 pcs","productgalerij":"89289.png,89289_1.png","herkomst":""},"featured_image_urls":{"full":["https:\/\/www.emro-aziatica.com\/wp-content\/uploads\/2024\/04\/89289thumb.png",220,219,false],"thumbnail":["https:\/\/www.emro-aziatica.com\/wp-content\/uploads\/2024\/04\/89289thumb-150x150.png",150,150,true],"medium":["https:\/\/www.emro-aziatica.com\/wp-content\/uploads\/2024\/04\/89289thumb.png",220,219,false],"medium_large":["https:\/\/www.emro-aziatica.com\/wp-content\/uploads\/2024\/04\/89289thumb.png",220,219,false],"large":["https:\/\/www.emro-aziatica.com\/wp-content\/uploads\/2024\/04\/89289thumb.png",220,219,false],"1536x1536":["https:\/\/www.emro-aziatica.com\/wp-content\/uploads\/2024\/04\/89289thumb.png",220,219,false],"2048x2048":["https:\/\/www.emro-aziatica.com\/wp-content\/uploads\/2024\/04\/89289thumb.png",220,219,false],"woocommerce_archive_thumbnail":["https:\/\/www.emro-aziatica.com\/wp-content\/uploads\/2024\/04\/89289thumb.png",220,219,false],"gform-image-choice-sm":["https:\/\/www.emro-aziatica.com\/wp-content\/uploads\/2024\/04\/89289thumb.png",220,219,false],"gform-image-choice-md":["https:\/\/www.emro-aziatica.com\/wp-content\/uploads\/2024\/04\/89289thumb.png",220,219,false],"gform-image-choice-lg":["https:\/\/www.emro-aziatica.com\/wp-content\/uploads\/2024\/04\/89289thumb.png",220,219,false],"menu-24x24":["https:\/\/www.emro-aziatica.com\/wp-content\/uploads\/2024\/04\/89289thumb-24x24.png",24,24,true],"menu-36x36":["https:\/\/www.emro-aziatica.com\/wp-content\/uploads\/2024\/04\/89289thumb-36x36.png",36,36,true],"menu-48x48":["https:\/\/www.emro-aziatica.com\/wp-content\/uploads\/2024\/04\/89289thumb-48x48.png",48,48,true],"woocommerce_thumbnail":["https:\/\/www.emro-aziatica.com\/wp-content\/uploads\/2024\/04\/89289thumb.png",220,219,false],"woocommerce_single":["https:\/\/www.emro-aziatica.com\/wp-content\/uploads\/2024\/04\/89289thumb.png",220,219,false],"woocommerce_gallery_thumbnail":["https:\/\/www.emro-aziatica.com\/wp-content\/uploads\/2024\/04\/89289thumb-100x100.png",100,100,true]},"post_excerpt_stackable":"<p>Polypropyl\u00e8ne<\/p>\n","category_list":"","author_info":{"name":"","url":""},"comments_num":"0 commentaire","featured_image_urls_v2":{"full":["https:\/\/www.emro-aziatica.com\/wp-content\/uploads\/2024\/04\/89289thumb.png",220,219,false],"thumbnail":["https:\/\/www.emro-aziatica.com\/wp-content\/uploads\/2024\/04\/89289thumb-150x150.png",150,150,true],"medium":["https:\/\/www.emro-aziatica.com\/wp-content\/uploads\/2024\/04\/89289thumb.png",220,219,false],"medium_large":["https:\/\/www.emro-aziatica.com\/wp-content\/uploads\/2024\/04\/89289thumb.png",220,219,false],"large":["https:\/\/www.emro-aziatica.com\/wp-content\/uploads\/2024\/04\/89289thumb.png",220,219,false],"1536x1536":["https:\/\/www.emro-aziatica.com\/wp-content\/uploads\/2024\/04\/89289thumb.png",220,219,false],"2048x2048":["https:\/\/www.emro-aziatica.com\/wp-content\/uploads\/2024\/04\/89289thumb.png",220,219,false],"woocommerce_archive_thumbnail":["https:\/\/www.emro-aziatica.com\/wp-content\/uploads\/2024\/04\/89289thumb.png",220,219,false],"gform-image-choice-sm":["https:\/\/www.emro-aziatica.com\/wp-content\/uploads\/2024\/04\/89289thumb.png",220,219,false],"gform-image-choice-md":["https:\/\/www.emro-aziatica.com\/wp-content\/uploads\/2024\/04\/89289thumb.png",220,219,false],"gform-image-choice-lg":["https:\/\/www.emro-aziatica.com\/wp-content\/uploads\/2024\/04\/89289thumb.png",220,219,false],"menu-24x24":["https:\/\/www.emro-aziatica.com\/wp-content\/uploads\/2024\/04\/89289thumb-24x24.png",24,24,true],"menu-36x36":["https:\/\/www.emro-aziatica.com\/wp-content\/uploads\/2024\/04\/89289thumb-36x36.png",36,36,true],"menu-48x48":["https:\/\/www.emro-aziatica.com\/wp-content\/uploads\/2024\/04\/89289thumb-48x48.png",48,48,true],"woocommerce_thumbnail":["https:\/\/www.emro-aziatica.com\/wp-content\/uploads\/2024\/04\/89289thumb.png",220,219,false],"woocommerce_single":["https:\/\/www.emro-aziatica.com\/wp-content\/uploads\/2024\/04\/89289thumb.png",220,219,false],"woocommerce_gallery_thumbnail":["https:\/\/www.emro-aziatica.com\/wp-content\/uploads\/2024\/04\/89289thumb-100x100.png",100,100,true]},"post_excerpt_stackable_v2":"<p>Polypropyl\u00e8ne<\/p>\n","category_list_v2":"","author_info_v2":{"name":"","url":""},"comments_num_v2":"0 commentaire","_links":{"self":[{"href":"https:\/\/www.emro-aziatica.com\/fr\/wp-json\/wp\/v2\/product\/28683","targetHints":{"allow":["GET"]}}],"collection":[{"href":"https:\/\/www.emro-aziatica.com\/fr\/wp-json\/wp\/v2\/product"}],"about":[{"href":"https:\/\/www.emro-aziatica.com\/fr\/wp-json\/wp\/v2\/types\/product"}],"wp:featuredmedia":[{"embeddable":true,"href":"https:\/\/www.emro-aziatica.com\/fr\/wp-json\/wp\/v2\/media\/87174"}],"wp:attachment":[{"href":"https:\/\/www.emro-aziatica.com\/fr\/wp-json\/wp\/v2\/media?parent=28683"}],"wp:term":[{"taxonomy":"product_cat","embeddable":true,"href":"https:\/\/www.emro-aziatica.com\/fr\/wp-json\/wp\/v2\/product_cat?post=28683"},{"taxonomy":"product_tag","embeddable":true,"href":"https:\/\/www.emro-aziatica.com\/fr\/wp-json\/wp\/v2\/product_tag?post=28683"}],"curies":[{"name":"wp","href":"https:\/\/api.w.org\/{rel}","templated":true}]}}