{"id":66553,"date":"2025-02-13T10:59:49","date_gmt":"2025-02-13T09:59:49","guid":{"rendered":"https:\/\/www.emro-aziatica.com\/product\/niet-gecategoriseerd\/p0\/"},"modified":"2026-05-06T15:07:30","modified_gmt":"2026-05-06T13:07:30","slug":"p66553","status":"publish","type":"product","link":"https:\/\/www.emro-aziatica.com\/fr\/product\/porcelaine-japonaise\/koi-fr\/p66553\/","title":{"rendered":"Ensemble \u00e0 bols \u00e0 ramen"},"content":{"rendered":"<p>Ensemble \u00e0 bols \u00e0 ramen<\/p>\n","protected":false},"excerpt":{"rendered":"<p>Ko\u00ef<\/p>\n","protected":false},"featured_media":87451,"template":"","meta":{"_acf_changed":false},"product_cat":[557,165],"product_tag":[],"class_list":{"0":"post-66553","1":"product","2":"type-product","3":"status-publish","4":"has-post-thumbnail","6":"product_cat-koi-fr","7":"product_cat-porcelaine-japonaise","9":"first","10":"instock","11":"taxable","12":"shipping-taxable","13":"purchasable","14":"product-type-simple"},"acf":{"barcode":"8715226512115","doos":"1","buitendoos":"6","formaat":"\u00d821 cm | H9 cm","sets":"2 pers","productgalerij":"51211.png","herkomst":""},"featured_image_urls":{"full":["https:\/\/www.emro-aziatica.com\/wp-content\/uploads\/2025\/02\/51211thumb.png",220,198,false],"thumbnail":["https:\/\/www.emro-aziatica.com\/wp-content\/uploads\/2025\/02\/51211thumb-150x150.png",150,150,true],"medium":["https:\/\/www.emro-aziatica.com\/wp-content\/uploads\/2025\/02\/51211thumb.png",220,198,false],"medium_large":["https:\/\/www.emro-aziatica.com\/wp-content\/uploads\/2025\/02\/51211thumb.png",220,198,false],"large":["https:\/\/www.emro-aziatica.com\/wp-content\/uploads\/2025\/02\/51211thumb.png",220,198,false],"1536x1536":["https:\/\/www.emro-aziatica.com\/wp-content\/uploads\/2025\/02\/51211thumb.png",220,198,false],"2048x2048":["https:\/\/www.emro-aziatica.com\/wp-content\/uploads\/2025\/02\/51211thumb.png",220,198,false],"woocommerce_archive_thumbnail":["https:\/\/www.emro-aziatica.com\/wp-content\/uploads\/2025\/02\/51211thumb.png",220,198,false],"gform-image-choice-sm":["https:\/\/www.emro-aziatica.com\/wp-content\/uploads\/2025\/02\/51211thumb.png",220,198,false],"gform-image-choice-md":["https:\/\/www.emro-aziatica.com\/wp-content\/uploads\/2025\/02\/51211thumb.png",220,198,false],"gform-image-choice-lg":["https:\/\/www.emro-aziatica.com\/wp-content\/uploads\/2025\/02\/51211thumb.png",220,198,false],"menu-24x24":["https:\/\/www.emro-aziatica.com\/wp-content\/uploads\/2025\/02\/51211thumb-24x22.png",24,22,true],"menu-36x36":["https:\/\/www.emro-aziatica.com\/wp-content\/uploads\/2025\/02\/51211thumb-36x32.png",36,32,true],"menu-48x48":["https:\/\/www.emro-aziatica.com\/wp-content\/uploads\/2025\/02\/51211thumb-48x43.png",48,43,true],"woocommerce_thumbnail":["https:\/\/www.emro-aziatica.com\/wp-content\/uploads\/2025\/02\/51211thumb.png",220,198,false],"woocommerce_single":["https:\/\/www.emro-aziatica.com\/wp-content\/uploads\/2025\/02\/51211thumb.png",220,198,false],"woocommerce_gallery_thumbnail":["https:\/\/www.emro-aziatica.com\/wp-content\/uploads\/2025\/02\/51211thumb-100x100.png",100,100,true]},"post_excerpt_stackable":"<p>Ko\u00ef<\/p>\n","category_list":"","author_info":{"name":"","url":""},"comments_num":"0 commentaire","featured_image_urls_v2":{"full":["https:\/\/www.emro-aziatica.com\/wp-content\/uploads\/2025\/02\/51211thumb.png",220,198,false],"thumbnail":["https:\/\/www.emro-aziatica.com\/wp-content\/uploads\/2025\/02\/51211thumb-150x150.png",150,150,true],"medium":["https:\/\/www.emro-aziatica.com\/wp-content\/uploads\/2025\/02\/51211thumb.png",220,198,false],"medium_large":["https:\/\/www.emro-aziatica.com\/wp-content\/uploads\/2025\/02\/51211thumb.png",220,198,false],"large":["https:\/\/www.emro-aziatica.com\/wp-content\/uploads\/2025\/02\/51211thumb.png",220,198,false],"1536x1536":["https:\/\/www.emro-aziatica.com\/wp-content\/uploads\/2025\/02\/51211thumb.png",220,198,false],"2048x2048":["https:\/\/www.emro-aziatica.com\/wp-content\/uploads\/2025\/02\/51211thumb.png",220,198,false],"woocommerce_archive_thumbnail":["https:\/\/www.emro-aziatica.com\/wp-content\/uploads\/2025\/02\/51211thumb.png",220,198,false],"gform-image-choice-sm":["https:\/\/www.emro-aziatica.com\/wp-content\/uploads\/2025\/02\/51211thumb.png",220,198,false],"gform-image-choice-md":["https:\/\/www.emro-aziatica.com\/wp-content\/uploads\/2025\/02\/51211thumb.png",220,198,false],"gform-image-choice-lg":["https:\/\/www.emro-aziatica.com\/wp-content\/uploads\/2025\/02\/51211thumb.png",220,198,false],"menu-24x24":["https:\/\/www.emro-aziatica.com\/wp-content\/uploads\/2025\/02\/51211thumb-24x22.png",24,22,true],"menu-36x36":["https:\/\/www.emro-aziatica.com\/wp-content\/uploads\/2025\/02\/51211thumb-36x32.png",36,32,true],"menu-48x48":["https:\/\/www.emro-aziatica.com\/wp-content\/uploads\/2025\/02\/51211thumb-48x43.png",48,43,true],"woocommerce_thumbnail":["https:\/\/www.emro-aziatica.com\/wp-content\/uploads\/2025\/02\/51211thumb.png",220,198,false],"woocommerce_single":["https:\/\/www.emro-aziatica.com\/wp-content\/uploads\/2025\/02\/51211thumb.png",220,198,false],"woocommerce_gallery_thumbnail":["https:\/\/www.emro-aziatica.com\/wp-content\/uploads\/2025\/02\/51211thumb-100x100.png",100,100,true]},"post_excerpt_stackable_v2":"<p>Ko\u00ef<\/p>\n","category_list_v2":"","author_info_v2":{"name":"","url":""},"comments_num_v2":"0 commentaire","_links":{"self":[{"href":"https:\/\/www.emro-aziatica.com\/fr\/wp-json\/wp\/v2\/product\/66553","targetHints":{"allow":["GET"]}}],"collection":[{"href":"https:\/\/www.emro-aziatica.com\/fr\/wp-json\/wp\/v2\/product"}],"about":[{"href":"https:\/\/www.emro-aziatica.com\/fr\/wp-json\/wp\/v2\/types\/product"}],"wp:featuredmedia":[{"embeddable":true,"href":"https:\/\/www.emro-aziatica.com\/fr\/wp-json\/wp\/v2\/media\/87451"}],"wp:attachment":[{"href":"https:\/\/www.emro-aziatica.com\/fr\/wp-json\/wp\/v2\/media?parent=66553"}],"wp:term":[{"taxonomy":"product_cat","embeddable":true,"href":"https:\/\/www.emro-aziatica.com\/fr\/wp-json\/wp\/v2\/product_cat?post=66553"},{"taxonomy":"product_tag","embeddable":true,"href":"https:\/\/www.emro-aziatica.com\/fr\/wp-json\/wp\/v2\/product_tag?post=66553"}],"curies":[{"name":"wp","href":"https:\/\/api.w.org\/{rel}","templated":true}]}}