{"id":70913,"date":"2025-05-22T10:04:02","date_gmt":"2025-05-22T08:04:02","guid":{"rendered":"https:\/\/www.emro-aziatica.com\/product\/niet-gecategoriseerd\/p0\/"},"modified":"2026-04-20T15:45:03","modified_gmt":"2026-04-20T13:45:03","slug":"p70913","status":"publish","type":"product","link":"https:\/\/www.emro-aziatica.com\/fr\/product\/porcelaine-japonaise\/bols-a-ramen\/p70913\/","title":{"rendered":"Ensemble \u00e0 bols \u00e0 ramen"},"content":{"rendered":"<p>Ensemble \u00e0 bols \u00e0 ramen<\/p>\n","protected":false},"excerpt":{"rendered":"<p>Rose et bleu<\/p>\n","protected":false},"featured_media":83189,"template":"","meta":{"_acf_changed":false},"product_cat":[215,165],"product_tag":[],"class_list":{"0":"post-70913","1":"product","2":"type-product","3":"status-publish","4":"has-post-thumbnail","6":"product_cat-bols-a-ramen","7":"product_cat-porcelaine-japonaise","9":"first","10":"instock","11":"taxable","12":"shipping-taxable","13":"purchasable","14":"product-type-simple"},"acf":{"barcode":"8715226502444","doos":"1","buitendoos":"6","formaat":"\u00d821 cm | H8 cm","sets":"2 pers","productgalerij":"50244.png","herkomst":""},"featured_image_urls":{"full":["https:\/\/www.emro-aziatica.com\/wp-content\/uploads\/2025\/05\/50244thumb.png",220,186,false],"thumbnail":["https:\/\/www.emro-aziatica.com\/wp-content\/uploads\/2025\/05\/50244thumb-150x150.png",150,150,true],"medium":["https:\/\/www.emro-aziatica.com\/wp-content\/uploads\/2025\/05\/50244thumb.png",220,186,false],"medium_large":["https:\/\/www.emro-aziatica.com\/wp-content\/uploads\/2025\/05\/50244thumb.png",220,186,false],"large":["https:\/\/www.emro-aziatica.com\/wp-content\/uploads\/2025\/05\/50244thumb.png",220,186,false],"1536x1536":["https:\/\/www.emro-aziatica.com\/wp-content\/uploads\/2025\/05\/50244thumb.png",220,186,false],"2048x2048":["https:\/\/www.emro-aziatica.com\/wp-content\/uploads\/2025\/05\/50244thumb.png",220,186,false],"woocommerce_archive_thumbnail":["https:\/\/www.emro-aziatica.com\/wp-content\/uploads\/2025\/05\/50244thumb.png",220,186,false],"gform-image-choice-sm":["https:\/\/www.emro-aziatica.com\/wp-content\/uploads\/2025\/05\/50244thumb.png",220,186,false],"gform-image-choice-md":["https:\/\/www.emro-aziatica.com\/wp-content\/uploads\/2025\/05\/50244thumb.png",220,186,false],"gform-image-choice-lg":["https:\/\/www.emro-aziatica.com\/wp-content\/uploads\/2025\/05\/50244thumb.png",220,186,false],"menu-24x24":["https:\/\/www.emro-aziatica.com\/wp-content\/uploads\/2025\/05\/50244thumb-24x20.png",24,20,true],"menu-36x36":["https:\/\/www.emro-aziatica.com\/wp-content\/uploads\/2025\/05\/50244thumb-36x30.png",36,30,true],"menu-48x48":["https:\/\/www.emro-aziatica.com\/wp-content\/uploads\/2025\/05\/50244thumb-48x41.png",48,41,true],"woocommerce_thumbnail":["https:\/\/www.emro-aziatica.com\/wp-content\/uploads\/2025\/05\/50244thumb.png",220,186,false],"woocommerce_single":["https:\/\/www.emro-aziatica.com\/wp-content\/uploads\/2025\/05\/50244thumb.png",220,186,false],"woocommerce_gallery_thumbnail":["https:\/\/www.emro-aziatica.com\/wp-content\/uploads\/2025\/05\/50244thumb-100x100.png",100,100,true]},"post_excerpt_stackable":"<p>Rose et bleu<\/p>\n","category_list":"","author_info":{"name":"","url":""},"comments_num":"0 commentaire","featured_image_urls_v2":{"full":["https:\/\/www.emro-aziatica.com\/wp-content\/uploads\/2025\/05\/50244thumb.png",220,186,false],"thumbnail":["https:\/\/www.emro-aziatica.com\/wp-content\/uploads\/2025\/05\/50244thumb-150x150.png",150,150,true],"medium":["https:\/\/www.emro-aziatica.com\/wp-content\/uploads\/2025\/05\/50244thumb.png",220,186,false],"medium_large":["https:\/\/www.emro-aziatica.com\/wp-content\/uploads\/2025\/05\/50244thumb.png",220,186,false],"large":["https:\/\/www.emro-aziatica.com\/wp-content\/uploads\/2025\/05\/50244thumb.png",220,186,false],"1536x1536":["https:\/\/www.emro-aziatica.com\/wp-content\/uploads\/2025\/05\/50244thumb.png",220,186,false],"2048x2048":["https:\/\/www.emro-aziatica.com\/wp-content\/uploads\/2025\/05\/50244thumb.png",220,186,false],"woocommerce_archive_thumbnail":["https:\/\/www.emro-aziatica.com\/wp-content\/uploads\/2025\/05\/50244thumb.png",220,186,false],"gform-image-choice-sm":["https:\/\/www.emro-aziatica.com\/wp-content\/uploads\/2025\/05\/50244thumb.png",220,186,false],"gform-image-choice-md":["https:\/\/www.emro-aziatica.com\/wp-content\/uploads\/2025\/05\/50244thumb.png",220,186,false],"gform-image-choice-lg":["https:\/\/www.emro-aziatica.com\/wp-content\/uploads\/2025\/05\/50244thumb.png",220,186,false],"menu-24x24":["https:\/\/www.emro-aziatica.com\/wp-content\/uploads\/2025\/05\/50244thumb-24x20.png",24,20,true],"menu-36x36":["https:\/\/www.emro-aziatica.com\/wp-content\/uploads\/2025\/05\/50244thumb-36x30.png",36,30,true],"menu-48x48":["https:\/\/www.emro-aziatica.com\/wp-content\/uploads\/2025\/05\/50244thumb-48x41.png",48,41,true],"woocommerce_thumbnail":["https:\/\/www.emro-aziatica.com\/wp-content\/uploads\/2025\/05\/50244thumb.png",220,186,false],"woocommerce_single":["https:\/\/www.emro-aziatica.com\/wp-content\/uploads\/2025\/05\/50244thumb.png",220,186,false],"woocommerce_gallery_thumbnail":["https:\/\/www.emro-aziatica.com\/wp-content\/uploads\/2025\/05\/50244thumb-100x100.png",100,100,true]},"post_excerpt_stackable_v2":"<p>Rose et bleu<\/p>\n","category_list_v2":"","author_info_v2":{"name":"","url":""},"comments_num_v2":"0 commentaire","_links":{"self":[{"href":"https:\/\/www.emro-aziatica.com\/fr\/wp-json\/wp\/v2\/product\/70913","targetHints":{"allow":["GET"]}}],"collection":[{"href":"https:\/\/www.emro-aziatica.com\/fr\/wp-json\/wp\/v2\/product"}],"about":[{"href":"https:\/\/www.emro-aziatica.com\/fr\/wp-json\/wp\/v2\/types\/product"}],"wp:featuredmedia":[{"embeddable":true,"href":"https:\/\/www.emro-aziatica.com\/fr\/wp-json\/wp\/v2\/media\/83189"}],"wp:attachment":[{"href":"https:\/\/www.emro-aziatica.com\/fr\/wp-json\/wp\/v2\/media?parent=70913"}],"wp:term":[{"taxonomy":"product_cat","embeddable":true,"href":"https:\/\/www.emro-aziatica.com\/fr\/wp-json\/wp\/v2\/product_cat?post=70913"},{"taxonomy":"product_tag","embeddable":true,"href":"https:\/\/www.emro-aziatica.com\/fr\/wp-json\/wp\/v2\/product_tag?post=70913"}],"curies":[{"name":"wp","href":"https:\/\/api.w.org\/{rel}","templated":true}]}}