{"id":75858,"date":"2025-10-09T12:11:18","date_gmt":"2025-10-09T10:11:18","guid":{"rendered":"https:\/\/www.emro-aziatica.com\/product\/niet-gecategoriseerd\/p0\/"},"modified":"2026-04-28T18:04:32","modified_gmt":"2026-04-28T16:04:32","slug":"p75858","status":"publish","type":"product","link":"https:\/\/www.emro-aziatica.com\/fr\/product\/porcelaine-japonaise\/anemone-fr\/p75858\/","title":{"rendered":"Ensemble \u00e0 bols \u00e0 ramen"},"content":{"rendered":"<p>Ensemble \u00e0 bols \u00e0 ramen<\/p>\n","protected":false},"excerpt":{"rendered":"<p>An\u00e9mone noir<\/p>\n","protected":false},"featured_media":84751,"template":"","meta":{"_acf_changed":false},"product_cat":[576,165],"product_tag":[],"class_list":{"0":"post-75858","1":"product","2":"type-product","3":"status-publish","4":"has-post-thumbnail","6":"product_cat-anemone-fr","7":"product_cat-porcelaine-japonaise","9":"first","10":"instock","11":"taxable","12":"shipping-taxable","13":"purchasable","14":"product-type-simple"},"acf":{"barcode":"8715226541122","doos":"1","buitendoos":"6","formaat":"\u00d821 cm | H8 cm","sets":"2 pers","productgalerij":"54112.png,50xxx.png","herkomst":""},"featured_image_urls":{"full":["https:\/\/www.emro-aziatica.com\/wp-content\/uploads\/2025\/10\/SysImage-1.png",150,143,false],"thumbnail":["https:\/\/www.emro-aziatica.com\/wp-content\/uploads\/2025\/10\/SysImage-1.png",150,143,false],"medium":["https:\/\/www.emro-aziatica.com\/wp-content\/uploads\/2025\/10\/SysImage-1.png",150,143,false],"medium_large":["https:\/\/www.emro-aziatica.com\/wp-content\/uploads\/2025\/10\/SysImage-1.png",150,143,false],"large":["https:\/\/www.emro-aziatica.com\/wp-content\/uploads\/2025\/10\/SysImage-1.png",150,143,false],"1536x1536":["https:\/\/www.emro-aziatica.com\/wp-content\/uploads\/2025\/10\/SysImage-1.png",150,143,false],"2048x2048":["https:\/\/www.emro-aziatica.com\/wp-content\/uploads\/2025\/10\/SysImage-1.png",150,143,false],"woocommerce_archive_thumbnail":["https:\/\/www.emro-aziatica.com\/wp-content\/uploads\/2025\/10\/SysImage-1.png",150,143,false],"gform-image-choice-sm":["https:\/\/www.emro-aziatica.com\/wp-content\/uploads\/2025\/10\/SysImage-1.png",150,143,false],"gform-image-choice-md":["https:\/\/www.emro-aziatica.com\/wp-content\/uploads\/2025\/10\/SysImage-1.png",150,143,false],"gform-image-choice-lg":["https:\/\/www.emro-aziatica.com\/wp-content\/uploads\/2025\/10\/SysImage-1.png",150,143,false],"menu-24x24":["https:\/\/www.emro-aziatica.com\/wp-content\/uploads\/2025\/10\/SysImage-1-24x24.png",24,24,true],"menu-36x36":["https:\/\/www.emro-aziatica.com\/wp-content\/uploads\/2025\/10\/SysImage-1-36x34.png",36,34,true],"menu-48x48":["https:\/\/www.emro-aziatica.com\/wp-content\/uploads\/2025\/10\/SysImage-1-48x46.png",48,46,true],"woocommerce_thumbnail":["https:\/\/www.emro-aziatica.com\/wp-content\/uploads\/2025\/10\/SysImage-1.png",150,143,false],"woocommerce_single":["https:\/\/www.emro-aziatica.com\/wp-content\/uploads\/2025\/10\/SysImage-1.png",150,143,false],"woocommerce_gallery_thumbnail":["https:\/\/www.emro-aziatica.com\/wp-content\/uploads\/2025\/10\/SysImage-1-100x100.png",100,100,true]},"post_excerpt_stackable":"<p>An\u00e9mone noir<\/p>\n","category_list":"","author_info":{"name":"","url":""},"comments_num":"0 commentaire","featured_image_urls_v2":{"full":["https:\/\/www.emro-aziatica.com\/wp-content\/uploads\/2025\/10\/SysImage-1.png",150,143,false],"thumbnail":["https:\/\/www.emro-aziatica.com\/wp-content\/uploads\/2025\/10\/SysImage-1.png",150,143,false],"medium":["https:\/\/www.emro-aziatica.com\/wp-content\/uploads\/2025\/10\/SysImage-1.png",150,143,false],"medium_large":["https:\/\/www.emro-aziatica.com\/wp-content\/uploads\/2025\/10\/SysImage-1.png",150,143,false],"large":["https:\/\/www.emro-aziatica.com\/wp-content\/uploads\/2025\/10\/SysImage-1.png",150,143,false],"1536x1536":["https:\/\/www.emro-aziatica.com\/wp-content\/uploads\/2025\/10\/SysImage-1.png",150,143,false],"2048x2048":["https:\/\/www.emro-aziatica.com\/wp-content\/uploads\/2025\/10\/SysImage-1.png",150,143,false],"woocommerce_archive_thumbnail":["https:\/\/www.emro-aziatica.com\/wp-content\/uploads\/2025\/10\/SysImage-1.png",150,143,false],"gform-image-choice-sm":["https:\/\/www.emro-aziatica.com\/wp-content\/uploads\/2025\/10\/SysImage-1.png",150,143,false],"gform-image-choice-md":["https:\/\/www.emro-aziatica.com\/wp-content\/uploads\/2025\/10\/SysImage-1.png",150,143,false],"gform-image-choice-lg":["https:\/\/www.emro-aziatica.com\/wp-content\/uploads\/2025\/10\/SysImage-1.png",150,143,false],"menu-24x24":["https:\/\/www.emro-aziatica.com\/wp-content\/uploads\/2025\/10\/SysImage-1-24x24.png",24,24,true],"menu-36x36":["https:\/\/www.emro-aziatica.com\/wp-content\/uploads\/2025\/10\/SysImage-1-36x34.png",36,34,true],"menu-48x48":["https:\/\/www.emro-aziatica.com\/wp-content\/uploads\/2025\/10\/SysImage-1-48x46.png",48,46,true],"woocommerce_thumbnail":["https:\/\/www.emro-aziatica.com\/wp-content\/uploads\/2025\/10\/SysImage-1.png",150,143,false],"woocommerce_single":["https:\/\/www.emro-aziatica.com\/wp-content\/uploads\/2025\/10\/SysImage-1.png",150,143,false],"woocommerce_gallery_thumbnail":["https:\/\/www.emro-aziatica.com\/wp-content\/uploads\/2025\/10\/SysImage-1-100x100.png",100,100,true]},"post_excerpt_stackable_v2":"<p>An\u00e9mone noir<\/p>\n","category_list_v2":"","author_info_v2":{"name":"","url":""},"comments_num_v2":"0 commentaire","_links":{"self":[{"href":"https:\/\/www.emro-aziatica.com\/fr\/wp-json\/wp\/v2\/product\/75858","targetHints":{"allow":["GET"]}}],"collection":[{"href":"https:\/\/www.emro-aziatica.com\/fr\/wp-json\/wp\/v2\/product"}],"about":[{"href":"https:\/\/www.emro-aziatica.com\/fr\/wp-json\/wp\/v2\/types\/product"}],"wp:featuredmedia":[{"embeddable":true,"href":"https:\/\/www.emro-aziatica.com\/fr\/wp-json\/wp\/v2\/media\/84751"}],"wp:attachment":[{"href":"https:\/\/www.emro-aziatica.com\/fr\/wp-json\/wp\/v2\/media?parent=75858"}],"wp:term":[{"taxonomy":"product_cat","embeddable":true,"href":"https:\/\/www.emro-aziatica.com\/fr\/wp-json\/wp\/v2\/product_cat?post=75858"},{"taxonomy":"product_tag","embeddable":true,"href":"https:\/\/www.emro-aziatica.com\/fr\/wp-json\/wp\/v2\/product_tag?post=75858"}],"curies":[{"name":"wp","href":"https:\/\/api.w.org\/{rel}","templated":true}]}}