{"id":86577,"date":"2026-04-13T16:02:12","date_gmt":"2026-04-13T14:02:12","guid":{"rendered":"https:\/\/www.emro-aziatica.com\/product\/uncategorized\/p0\/"},"modified":"2026-04-13T16:02:16","modified_gmt":"2026-04-13T14:02:16","slug":"p86577","status":"publish","type":"product","link":"https:\/\/www.emro-aziatica.com\/fr\/product\/soldes\/p86577\/","title":{"rendered":"Tasse \u00e0 th\u00e9"},"content":{"rendered":"<p>Tasse \u00e0 th\u00e9<\/p>\n","protected":false},"excerpt":{"rendered":"<p>4 diff\u00e9rents<\/p>\n","protected":false},"featured_media":86572,"template":"","meta":{"_acf_changed":false},"product_cat":[194],"product_tag":[],"class_list":{"0":"post-86577","1":"product","2":"type-product","3":"status-publish","4":"has-post-thumbnail","6":"product_cat-soldes","8":"first","9":"instock","10":"taxable","11":"shipping-taxable","12":"purchasable","13":"product-type-simple"},"acf":{"barcode":"4582390933176","doos":"20","buitendoos":"60","formaat":"\u00d88 cm | H10 cm","sets":"0","productgalerij":"860667.png","herkomst":""},"featured_image_urls":{"full":["https:\/\/www.emro-aziatica.com\/wp-content\/uploads\/2026\/04\/860667thumb.png",160,220,false],"thumbnail":["https:\/\/www.emro-aziatica.com\/wp-content\/uploads\/2026\/04\/860667thumb-150x150.png",150,150,true],"medium":["https:\/\/www.emro-aziatica.com\/wp-content\/uploads\/2026\/04\/860667thumb.png",160,220,false],"medium_large":["https:\/\/www.emro-aziatica.com\/wp-content\/uploads\/2026\/04\/860667thumb.png",160,220,false],"large":["https:\/\/www.emro-aziatica.com\/wp-content\/uploads\/2026\/04\/860667thumb.png",160,220,false],"1536x1536":["https:\/\/www.emro-aziatica.com\/wp-content\/uploads\/2026\/04\/860667thumb.png",160,220,false],"2048x2048":["https:\/\/www.emro-aziatica.com\/wp-content\/uploads\/2026\/04\/860667thumb.png",160,220,false],"woocommerce_archive_thumbnail":["https:\/\/www.emro-aziatica.com\/wp-content\/uploads\/2026\/04\/860667thumb.png",160,220,false],"gform-image-choice-sm":["https:\/\/www.emro-aziatica.com\/wp-content\/uploads\/2026\/04\/860667thumb.png",160,220,false],"gform-image-choice-md":["https:\/\/www.emro-aziatica.com\/wp-content\/uploads\/2026\/04\/860667thumb.png",160,220,false],"gform-image-choice-lg":["https:\/\/www.emro-aziatica.com\/wp-content\/uploads\/2026\/04\/860667thumb.png",160,220,false],"menu-24x24":["https:\/\/www.emro-aziatica.com\/wp-content\/uploads\/2026\/04\/860667thumb-17x24.png",17,24,true],"menu-36x36":["https:\/\/www.emro-aziatica.com\/wp-content\/uploads\/2026\/04\/860667thumb-26x36.png",26,36,true],"menu-48x48":["https:\/\/www.emro-aziatica.com\/wp-content\/uploads\/2026\/04\/860667thumb-35x48.png",35,48,true],"woocommerce_thumbnail":["https:\/\/www.emro-aziatica.com\/wp-content\/uploads\/2026\/04\/860667thumb.png",160,220,false],"woocommerce_single":["https:\/\/www.emro-aziatica.com\/wp-content\/uploads\/2026\/04\/860667thumb.png",160,220,false],"woocommerce_gallery_thumbnail":["https:\/\/www.emro-aziatica.com\/wp-content\/uploads\/2026\/04\/860667thumb-100x100.png",100,100,true]},"post_excerpt_stackable":"<p>4 diff\u00e9rents<\/p>\n","category_list":"","author_info":{"name":"","url":""},"comments_num":"0 commentaire","featured_image_urls_v2":{"full":["https:\/\/www.emro-aziatica.com\/wp-content\/uploads\/2026\/04\/860667thumb.png",160,220,false],"thumbnail":["https:\/\/www.emro-aziatica.com\/wp-content\/uploads\/2026\/04\/860667thumb-150x150.png",150,150,true],"medium":["https:\/\/www.emro-aziatica.com\/wp-content\/uploads\/2026\/04\/860667thumb.png",160,220,false],"medium_large":["https:\/\/www.emro-aziatica.com\/wp-content\/uploads\/2026\/04\/860667thumb.png",160,220,false],"large":["https:\/\/www.emro-aziatica.com\/wp-content\/uploads\/2026\/04\/860667thumb.png",160,220,false],"1536x1536":["https:\/\/www.emro-aziatica.com\/wp-content\/uploads\/2026\/04\/860667thumb.png",160,220,false],"2048x2048":["https:\/\/www.emro-aziatica.com\/wp-content\/uploads\/2026\/04\/860667thumb.png",160,220,false],"woocommerce_archive_thumbnail":["https:\/\/www.emro-aziatica.com\/wp-content\/uploads\/2026\/04\/860667thumb.png",160,220,false],"gform-image-choice-sm":["https:\/\/www.emro-aziatica.com\/wp-content\/uploads\/2026\/04\/860667thumb.png",160,220,false],"gform-image-choice-md":["https:\/\/www.emro-aziatica.com\/wp-content\/uploads\/2026\/04\/860667thumb.png",160,220,false],"gform-image-choice-lg":["https:\/\/www.emro-aziatica.com\/wp-content\/uploads\/2026\/04\/860667thumb.png",160,220,false],"menu-24x24":["https:\/\/www.emro-aziatica.com\/wp-content\/uploads\/2026\/04\/860667thumb-17x24.png",17,24,true],"menu-36x36":["https:\/\/www.emro-aziatica.com\/wp-content\/uploads\/2026\/04\/860667thumb-26x36.png",26,36,true],"menu-48x48":["https:\/\/www.emro-aziatica.com\/wp-content\/uploads\/2026\/04\/860667thumb-35x48.png",35,48,true],"woocommerce_thumbnail":["https:\/\/www.emro-aziatica.com\/wp-content\/uploads\/2026\/04\/860667thumb.png",160,220,false],"woocommerce_single":["https:\/\/www.emro-aziatica.com\/wp-content\/uploads\/2026\/04\/860667thumb.png",160,220,false],"woocommerce_gallery_thumbnail":["https:\/\/www.emro-aziatica.com\/wp-content\/uploads\/2026\/04\/860667thumb-100x100.png",100,100,true]},"post_excerpt_stackable_v2":"<p>4 diff\u00e9rents<\/p>\n","category_list_v2":"","author_info_v2":{"name":"","url":""},"comments_num_v2":"0 commentaire","_links":{"self":[{"href":"https:\/\/www.emro-aziatica.com\/fr\/wp-json\/wp\/v2\/product\/86577","targetHints":{"allow":["GET"]}}],"collection":[{"href":"https:\/\/www.emro-aziatica.com\/fr\/wp-json\/wp\/v2\/product"}],"about":[{"href":"https:\/\/www.emro-aziatica.com\/fr\/wp-json\/wp\/v2\/types\/product"}],"wp:featuredmedia":[{"embeddable":true,"href":"https:\/\/www.emro-aziatica.com\/fr\/wp-json\/wp\/v2\/media\/86572"}],"wp:attachment":[{"href":"https:\/\/www.emro-aziatica.com\/fr\/wp-json\/wp\/v2\/media?parent=86577"}],"wp:term":[{"taxonomy":"product_cat","embeddable":true,"href":"https:\/\/www.emro-aziatica.com\/fr\/wp-json\/wp\/v2\/product_cat?post=86577"},{"taxonomy":"product_tag","embeddable":true,"href":"https:\/\/www.emro-aziatica.com\/fr\/wp-json\/wp\/v2\/product_tag?post=86577"}],"curies":[{"name":"wp","href":"https:\/\/api.w.org\/{rel}","templated":true}]}}