{"id":87302,"date":"2026-04-24T14:32:58","date_gmt":"2026-04-24T12:32:58","guid":{"rendered":"https:\/\/www.emro-aziatica.com\/product\/uncategorized\/p0\/"},"modified":"2026-04-24T18:33:06","modified_gmt":"2026-04-24T16:33:06","slug":"p87302","status":"publish","type":"product","link":"https:\/\/www.emro-aziatica.com\/fr\/product\/porcelaine-japonaise\/bols-a-ramen\/p87302\/","title":{"rendered":"Ensemble \u00e0 bols \u00e0 ramen"},"content":{"rendered":"<p>Ensemble \u00e0 bols \u00e0 ramen<\/p>\n","protected":false},"excerpt":{"rendered":"<p>Kuro<\/p>\n","protected":false},"featured_media":87325,"template":"","meta":{"_acf_changed":false},"product_cat":[215,165],"product_tag":[],"class_list":{"0":"post-87302","1":"product","2":"type-product","3":"status-publish","4":"has-post-thumbnail","6":"product_cat-bols-a-ramen","7":"product_cat-porcelaine-japonaise","9":"first","10":"instock","11":"taxable","12":"shipping-taxable","13":"purchasable","14":"product-type-simple"},"acf":{"barcode":"8715226501102","doos":"1","buitendoos":"6","formaat":"\u00d822 cm | H9 cm","sets":"2 pers","productgalerij":"50110.png,50xxx.png","herkomst":""},"featured_image_urls":{"full":["https:\/\/www.emro-aziatica.com\/wp-content\/uploads\/2026\/04\/50110.jpg",200,172,false],"thumbnail":["https:\/\/www.emro-aziatica.com\/wp-content\/uploads\/2026\/04\/50110-150x150.jpg",150,150,true],"medium":["https:\/\/www.emro-aziatica.com\/wp-content\/uploads\/2026\/04\/50110.jpg",200,172,false],"medium_large":["https:\/\/www.emro-aziatica.com\/wp-content\/uploads\/2026\/04\/50110.jpg",200,172,false],"large":["https:\/\/www.emro-aziatica.com\/wp-content\/uploads\/2026\/04\/50110.jpg",200,172,false],"1536x1536":["https:\/\/www.emro-aziatica.com\/wp-content\/uploads\/2026\/04\/50110.jpg",200,172,false],"2048x2048":["https:\/\/www.emro-aziatica.com\/wp-content\/uploads\/2026\/04\/50110.jpg",200,172,false],"woocommerce_archive_thumbnail":["https:\/\/www.emro-aziatica.com\/wp-content\/uploads\/2026\/04\/50110.jpg",200,172,false],"gform-image-choice-sm":["https:\/\/www.emro-aziatica.com\/wp-content\/uploads\/2026\/04\/50110.jpg",200,172,false],"gform-image-choice-md":["https:\/\/www.emro-aziatica.com\/wp-content\/uploads\/2026\/04\/50110.jpg",200,172,false],"gform-image-choice-lg":["https:\/\/www.emro-aziatica.com\/wp-content\/uploads\/2026\/04\/50110.jpg",200,172,false],"menu-24x24":["https:\/\/www.emro-aziatica.com\/wp-content\/uploads\/2026\/04\/50110-24x21.jpg",24,21,true],"menu-36x36":["https:\/\/www.emro-aziatica.com\/wp-content\/uploads\/2026\/04\/50110-36x31.jpg",36,31,true],"menu-48x48":["https:\/\/www.emro-aziatica.com\/wp-content\/uploads\/2026\/04\/50110-48x41.jpg",48,41,true],"woocommerce_thumbnail":["https:\/\/www.emro-aziatica.com\/wp-content\/uploads\/2026\/04\/50110.jpg",200,172,false],"woocommerce_single":["https:\/\/www.emro-aziatica.com\/wp-content\/uploads\/2026\/04\/50110.jpg",200,172,false],"woocommerce_gallery_thumbnail":["https:\/\/www.emro-aziatica.com\/wp-content\/uploads\/2026\/04\/50110-100x100.jpg",100,100,true]},"post_excerpt_stackable":"<p>Kuro<\/p>\n","category_list":"","author_info":{"name":"","url":""},"comments_num":"0 commentaire","featured_image_urls_v2":{"full":["https:\/\/www.emro-aziatica.com\/wp-content\/uploads\/2026\/04\/50110.jpg",200,172,false],"thumbnail":["https:\/\/www.emro-aziatica.com\/wp-content\/uploads\/2026\/04\/50110-150x150.jpg",150,150,true],"medium":["https:\/\/www.emro-aziatica.com\/wp-content\/uploads\/2026\/04\/50110.jpg",200,172,false],"medium_large":["https:\/\/www.emro-aziatica.com\/wp-content\/uploads\/2026\/04\/50110.jpg",200,172,false],"large":["https:\/\/www.emro-aziatica.com\/wp-content\/uploads\/2026\/04\/50110.jpg",200,172,false],"1536x1536":["https:\/\/www.emro-aziatica.com\/wp-content\/uploads\/2026\/04\/50110.jpg",200,172,false],"2048x2048":["https:\/\/www.emro-aziatica.com\/wp-content\/uploads\/2026\/04\/50110.jpg",200,172,false],"woocommerce_archive_thumbnail":["https:\/\/www.emro-aziatica.com\/wp-content\/uploads\/2026\/04\/50110.jpg",200,172,false],"gform-image-choice-sm":["https:\/\/www.emro-aziatica.com\/wp-content\/uploads\/2026\/04\/50110.jpg",200,172,false],"gform-image-choice-md":["https:\/\/www.emro-aziatica.com\/wp-content\/uploads\/2026\/04\/50110.jpg",200,172,false],"gform-image-choice-lg":["https:\/\/www.emro-aziatica.com\/wp-content\/uploads\/2026\/04\/50110.jpg",200,172,false],"menu-24x24":["https:\/\/www.emro-aziatica.com\/wp-content\/uploads\/2026\/04\/50110-24x21.jpg",24,21,true],"menu-36x36":["https:\/\/www.emro-aziatica.com\/wp-content\/uploads\/2026\/04\/50110-36x31.jpg",36,31,true],"menu-48x48":["https:\/\/www.emro-aziatica.com\/wp-content\/uploads\/2026\/04\/50110-48x41.jpg",48,41,true],"woocommerce_thumbnail":["https:\/\/www.emro-aziatica.com\/wp-content\/uploads\/2026\/04\/50110.jpg",200,172,false],"woocommerce_single":["https:\/\/www.emro-aziatica.com\/wp-content\/uploads\/2026\/04\/50110.jpg",200,172,false],"woocommerce_gallery_thumbnail":["https:\/\/www.emro-aziatica.com\/wp-content\/uploads\/2026\/04\/50110-100x100.jpg",100,100,true]},"post_excerpt_stackable_v2":"<p>Kuro<\/p>\n","category_list_v2":"","author_info_v2":{"name":"","url":""},"comments_num_v2":"0 commentaire","_links":{"self":[{"href":"https:\/\/www.emro-aziatica.com\/fr\/wp-json\/wp\/v2\/product\/87302","targetHints":{"allow":["GET"]}}],"collection":[{"href":"https:\/\/www.emro-aziatica.com\/fr\/wp-json\/wp\/v2\/product"}],"about":[{"href":"https:\/\/www.emro-aziatica.com\/fr\/wp-json\/wp\/v2\/types\/product"}],"wp:featuredmedia":[{"embeddable":true,"href":"https:\/\/www.emro-aziatica.com\/fr\/wp-json\/wp\/v2\/media\/87325"}],"wp:attachment":[{"href":"https:\/\/www.emro-aziatica.com\/fr\/wp-json\/wp\/v2\/media?parent=87302"}],"wp:term":[{"taxonomy":"product_cat","embeddable":true,"href":"https:\/\/www.emro-aziatica.com\/fr\/wp-json\/wp\/v2\/product_cat?post=87302"},{"taxonomy":"product_tag","embeddable":true,"href":"https:\/\/www.emro-aziatica.com\/fr\/wp-json\/wp\/v2\/product_tag?post=87302"}],"curies":[{"name":"wp","href":"https:\/\/api.w.org\/{rel}","templated":true}]}}