{"id":87312,"date":"2026-04-24T14:43:42","date_gmt":"2026-04-24T12:43:42","guid":{"rendered":"https:\/\/www.emro-aziatica.com\/product\/uncategorized\/p0\/"},"modified":"2026-04-24T14:43:45","modified_gmt":"2026-04-24T12:43:45","slug":"p87312","status":"publish","type":"product","link":"https:\/\/www.emro-aziatica.com\/fr\/product\/porcelaine-japonaise\/hikari-fr\/p87312\/","title":{"rendered":"Ensemble \u00e0 bols \u00e0 ramen"},"content":{"rendered":"<p>Ensemble \u00e0 bols \u00e0 ramen<\/p>\n","protected":false},"excerpt":{"rendered":"<p>Hikari<\/p>\n","protected":false},"featured_media":87307,"template":"","meta":{"_acf_changed":false},"product_cat":[231,165],"product_tag":[],"class_list":{"0":"post-87312","1":"product","2":"type-product","3":"status-publish","4":"has-post-thumbnail","6":"product_cat-hikari-fr","7":"product_cat-porcelaine-japonaise","9":"first","10":"instock","11":"taxable","12":"shipping-taxable","13":"purchasable","14":"product-type-simple"},"acf":{"barcode":"8715226501027","doos":"1","buitendoos":"6","formaat":"\u00d822 cm | H9 cm","sets":"2 pers","productgalerij":"50102.png,50xxx.png","herkomst":""},"featured_image_urls":{"full":["https:\/\/www.emro-aziatica.com\/wp-content\/uploads\/2026\/04\/50102.jpg",200,159,false],"thumbnail":["https:\/\/www.emro-aziatica.com\/wp-content\/uploads\/2026\/04\/50102-150x150.jpg",150,150,true],"medium":["https:\/\/www.emro-aziatica.com\/wp-content\/uploads\/2026\/04\/50102.jpg",200,159,false],"medium_large":["https:\/\/www.emro-aziatica.com\/wp-content\/uploads\/2026\/04\/50102.jpg",200,159,false],"large":["https:\/\/www.emro-aziatica.com\/wp-content\/uploads\/2026\/04\/50102.jpg",200,159,false],"1536x1536":["https:\/\/www.emro-aziatica.com\/wp-content\/uploads\/2026\/04\/50102.jpg",200,159,false],"2048x2048":["https:\/\/www.emro-aziatica.com\/wp-content\/uploads\/2026\/04\/50102.jpg",200,159,false],"woocommerce_archive_thumbnail":["https:\/\/www.emro-aziatica.com\/wp-content\/uploads\/2026\/04\/50102.jpg",200,159,false],"gform-image-choice-sm":["https:\/\/www.emro-aziatica.com\/wp-content\/uploads\/2026\/04\/50102.jpg",200,159,false],"gform-image-choice-md":["https:\/\/www.emro-aziatica.com\/wp-content\/uploads\/2026\/04\/50102.jpg",200,159,false],"gform-image-choice-lg":["https:\/\/www.emro-aziatica.com\/wp-content\/uploads\/2026\/04\/50102.jpg",200,159,false],"menu-24x24":["https:\/\/www.emro-aziatica.com\/wp-content\/uploads\/2026\/04\/50102-24x19.jpg",24,19,true],"menu-36x36":["https:\/\/www.emro-aziatica.com\/wp-content\/uploads\/2026\/04\/50102-36x29.jpg",36,29,true],"menu-48x48":["https:\/\/www.emro-aziatica.com\/wp-content\/uploads\/2026\/04\/50102-48x38.jpg",48,38,true],"woocommerce_thumbnail":["https:\/\/www.emro-aziatica.com\/wp-content\/uploads\/2026\/04\/50102.jpg",200,159,false],"woocommerce_single":["https:\/\/www.emro-aziatica.com\/wp-content\/uploads\/2026\/04\/50102.jpg",200,159,false],"woocommerce_gallery_thumbnail":["https:\/\/www.emro-aziatica.com\/wp-content\/uploads\/2026\/04\/50102-100x100.jpg",100,100,true]},"post_excerpt_stackable":"<p>Hikari<\/p>\n","category_list":"","author_info":{"name":"","url":""},"comments_num":"0 commentaire","featured_image_urls_v2":{"full":["https:\/\/www.emro-aziatica.com\/wp-content\/uploads\/2026\/04\/50102.jpg",200,159,false],"thumbnail":["https:\/\/www.emro-aziatica.com\/wp-content\/uploads\/2026\/04\/50102-150x150.jpg",150,150,true],"medium":["https:\/\/www.emro-aziatica.com\/wp-content\/uploads\/2026\/04\/50102.jpg",200,159,false],"medium_large":["https:\/\/www.emro-aziatica.com\/wp-content\/uploads\/2026\/04\/50102.jpg",200,159,false],"large":["https:\/\/www.emro-aziatica.com\/wp-content\/uploads\/2026\/04\/50102.jpg",200,159,false],"1536x1536":["https:\/\/www.emro-aziatica.com\/wp-content\/uploads\/2026\/04\/50102.jpg",200,159,false],"2048x2048":["https:\/\/www.emro-aziatica.com\/wp-content\/uploads\/2026\/04\/50102.jpg",200,159,false],"woocommerce_archive_thumbnail":["https:\/\/www.emro-aziatica.com\/wp-content\/uploads\/2026\/04\/50102.jpg",200,159,false],"gform-image-choice-sm":["https:\/\/www.emro-aziatica.com\/wp-content\/uploads\/2026\/04\/50102.jpg",200,159,false],"gform-image-choice-md":["https:\/\/www.emro-aziatica.com\/wp-content\/uploads\/2026\/04\/50102.jpg",200,159,false],"gform-image-choice-lg":["https:\/\/www.emro-aziatica.com\/wp-content\/uploads\/2026\/04\/50102.jpg",200,159,false],"menu-24x24":["https:\/\/www.emro-aziatica.com\/wp-content\/uploads\/2026\/04\/50102-24x19.jpg",24,19,true],"menu-36x36":["https:\/\/www.emro-aziatica.com\/wp-content\/uploads\/2026\/04\/50102-36x29.jpg",36,29,true],"menu-48x48":["https:\/\/www.emro-aziatica.com\/wp-content\/uploads\/2026\/04\/50102-48x38.jpg",48,38,true],"woocommerce_thumbnail":["https:\/\/www.emro-aziatica.com\/wp-content\/uploads\/2026\/04\/50102.jpg",200,159,false],"woocommerce_single":["https:\/\/www.emro-aziatica.com\/wp-content\/uploads\/2026\/04\/50102.jpg",200,159,false],"woocommerce_gallery_thumbnail":["https:\/\/www.emro-aziatica.com\/wp-content\/uploads\/2026\/04\/50102-100x100.jpg",100,100,true]},"post_excerpt_stackable_v2":"<p>Hikari<\/p>\n","category_list_v2":"","author_info_v2":{"name":"","url":""},"comments_num_v2":"0 commentaire","_links":{"self":[{"href":"https:\/\/www.emro-aziatica.com\/fr\/wp-json\/wp\/v2\/product\/87312","targetHints":{"allow":["GET"]}}],"collection":[{"href":"https:\/\/www.emro-aziatica.com\/fr\/wp-json\/wp\/v2\/product"}],"about":[{"href":"https:\/\/www.emro-aziatica.com\/fr\/wp-json\/wp\/v2\/types\/product"}],"wp:featuredmedia":[{"embeddable":true,"href":"https:\/\/www.emro-aziatica.com\/fr\/wp-json\/wp\/v2\/media\/87307"}],"wp:attachment":[{"href":"https:\/\/www.emro-aziatica.com\/fr\/wp-json\/wp\/v2\/media?parent=87312"}],"wp:term":[{"taxonomy":"product_cat","embeddable":true,"href":"https:\/\/www.emro-aziatica.com\/fr\/wp-json\/wp\/v2\/product_cat?post=87312"},{"taxonomy":"product_tag","embeddable":true,"href":"https:\/\/www.emro-aziatica.com\/fr\/wp-json\/wp\/v2\/product_tag?post=87312"}],"curies":[{"name":"wp","href":"https:\/\/api.w.org\/{rel}","templated":true}]}}